{"id":4289,"date":"2025-11-19T10:29:40","date_gmt":"2025-11-19T10:29:40","guid":{"rendered":"https:\/\/frantoiocongedi.com\/qualite\/"},"modified":"2026-02-25T11:25:54","modified_gmt":"2026-02-25T11:25:54","slug":"qualite","status":"publish","type":"page","link":"https:\/\/frantoiocongedi.com\/fr\/qualite\/","title":{"rendered":"Qualit\u00e9"},"content":{"rendered":"\n<h1 class=\"wp-block-heading\">Depuis 1917, l&rsquo;objectif premier du \u00ab\u00a0Frantoio Oleario Congedi Luigi\u00a0\u00bb est d&rsquo;atteindre un niveau de qualit\u00e9 \u00e9lev\u00e9 pour l&rsquo;huile d&rsquo;olive vierge extra.<\/h1>\n\n<hr class=\"wp-block-separator has-alpha-channel-opacity\"\/>\n\n<figure class=\"wp-block-image alignleft is-resized\"><img decoding=\"async\" src=\"https:\/\/www.oliocongedi.com\/media\/wysiwyg\/BRCGS_CERT_FOOD_LOGO_CMYK_2.jpg\" alt=\"\" style=\"width:289px;height:auto\"\/><\/figure>\n\n<figure class=\"wp-block-image alignleft is-resized\"><img decoding=\"async\" src=\"https:\/\/www.oliocongedi.com\/media\/wysiwyg\/ifs_food_2_.png\" alt=\"\" style=\"width:323px;height:auto\"\/><\/figure>\n\n<p><\/p>\n\n<p><\/p>\n\n<p><\/p>\n\n<p><\/p>\n\n<p><\/p>\n\n<p><\/p>\n\n<p>Aujourd&rsquo;hui, gr\u00e2ce au <strong>syst\u00e8me d&rsquo;autocontr\u00f4le H.A.C.C.P.<\/strong>, nous sommes en mesure de garantir les <strong>qualit\u00e9s de<\/strong> <strong>s\u00e9curit\u00e9 alimentaire<\/strong>, de <strong>sant\u00e9 et d&rsquo;hygi\u00e8ne de<\/strong> l&rsquo;huile d&rsquo;olive des Pouilles qui caract\u00e9risent chaque \u00e9tape des processus de production, de transformation et d&rsquo;\u00e9laboration jusqu&rsquo;\u00e0 l&rsquo;obtention de l&rsquo;huile d&rsquo;olive vierge extra.<a href=\"https:\/\/www.oliocongedi.com\/olio-extravergine-italiano\" target=\"_blank\" rel=\"noopener\"><strong>huile d&rsquo;olive vierge extra<\/strong><\/a>.<br\/><br\/>En ce qui concerne la <a href=\"https:\/\/www.oliocongedi.com\/olio-e-salute\" target=\"_blank\" rel=\"noopener\">s\u00e9curit\u00e9 alimentaire de<\/a> l&rsquo;<a href=\"https:\/\/www.oliocongedi.com\/olio-puglia\" target=\"_blank\" rel=\"noopener\">huile des Pouilles<\/a>, l&rsquo;obtention de la <strong>certification UNI EN ISO 22005 : 2008<\/strong> permet au consommateur de suivre, gr\u00e2ce au syst\u00e8me de tra\u00e7abilit\u00e9, les mouvements de son produit, de son origine \u00e0 sa destination commerciale, en suivant la <strong>mati\u00e8re premi\u00e8re<\/strong> depuis le champ, les <strong>olives<\/strong>, le moulin, jusqu&rsquo;au <strong>produit fini<\/strong> emball\u00e9. Il s&rsquo;agit d&rsquo;un syst\u00e8me fondamental car il garantit une plus grande transparence et la bonne information du consommateur final sur l<a href=\"https:\/\/www.oliocongedi.com\/olio-doliva-italiano-puglia\" target=\"_blank\" rel=\"noopener\"><strong>huile d&rsquo;olive vierge extra<\/strong><\/a>qui exige de conna\u00eetre le lieu exact de production des olives et leur traitement ult\u00e9rieur dans le moulin \u00e0 huile. <br\/><br\/>Pour le consommateur, la certification <a href=\"https:\/\/www.oliocongedi.com\/olio-extravergine-italiano\" target=\"_blank\" rel=\"noopener\"><strong>Produit \u00ab\u00a0100% italien<\/strong><\/a> L&rsquo;<a href=\"https:\/\/www.oliocongedi.com\/olio-del-salento\" target=\"_blank\" rel=\"noopener\">huile d&rsquo;olive extra vierge du Salento<\/a>, c&rsquo;est-\u00e0-dire obtenue exclusivement \u00e0 partir d&rsquo;olives r\u00e9colt\u00e9es et press\u00e9es en <strong>Italie<\/strong>, a pour but de donner une<strong>identit\u00e9<\/strong> au produit en indiquant l&rsquo;<strong>origine de la mati\u00e8re premi\u00e8re<\/strong> et le pays dans lequel elle a \u00e9t\u00e9 transform\u00e9e. Le <strong>produit \u00ab\u00a0100% italien\u00a0\u00bb<\/strong> a toujours \u00e9t\u00e9 une <strong>garantie<\/strong> qui assure l&rsquo;<strong>authenticit\u00e9 de <\/strong>notre huile d&rsquo;olive vierge extra. <br\/><br\/>La <strong>certification KOSHER<\/strong> refl\u00e8te l&rsquo;\u00e9thique de l&rsquo;entreprise Frantoio Oleario Congedi Luigi, qui s&rsquo;efforce de satisfaire et de garantir les besoins de tous les consommateurs d&rsquo;huile d&rsquo;olive extra vierge des Pouilles.<a href=\"https:\/\/www.oliocongedi.com\/olio-pugliese\" target=\"_blank\" rel=\"noopener\"><strong> l&rsquo;huile d&rsquo;olive extra vierge des Pouilles<\/strong><\/a>. Kosher ou Kasher signifie en h\u00e9breu \u00ab\u00a0convenable\u00a0\u00bb et, en r\u00e9f\u00e9rence \u00e0 notre huile d&rsquo;olive vierge extra Salento, la rend apte \u00e0 \u00eatre consid\u00e9r\u00e9e comme un aliment pr\u00e9par\u00e9 conform\u00e9ment aux r\u00e8gles alimentaires de la religion juive, car elle est produite dans le respect des <strong>normes de qualit\u00e9<\/strong> strictes impos\u00e9es par la Doctrine juive. <\/p>\n","protected":false},"excerpt":{"rendered":"<p>Depuis 1917, l&rsquo;objectif premier du \u00ab\u00a0Frantoio Oleario Congedi Luigi\u00a0\u00bb est d&rsquo;atteindre un niveau de qualit\u00e9 \u00e9lev\u00e9 pour l&rsquo;huile d&rsquo;olive vierge<\/p>\n","protected":false},"author":1,"featured_media":0,"parent":0,"menu_order":0,"comment_status":"closed","ping_status":"closed","template":"","meta":{"footnotes":""},"class_list":["post-4289","page","type-page","status-publish","hentry"],"jetpack_sharing_enabled":true,"_links":{"self":[{"href":"https:\/\/frantoiocongedi.com\/fr\/wp-json\/wp\/v2\/pages\/4289","targetHints":{"allow":["GET"]}}],"collection":[{"href":"https:\/\/frantoiocongedi.com\/fr\/wp-json\/wp\/v2\/pages"}],"about":[{"href":"https:\/\/frantoiocongedi.com\/fr\/wp-json\/wp\/v2\/types\/page"}],"author":[{"embeddable":true,"href":"https:\/\/frantoiocongedi.com\/fr\/wp-json\/wp\/v2\/users\/1"}],"replies":[{"embeddable":true,"href":"https:\/\/frantoiocongedi.com\/fr\/wp-json\/wp\/v2\/comments?post=4289"}],"version-history":[{"count":1,"href":"https:\/\/frantoiocongedi.com\/fr\/wp-json\/wp\/v2\/pages\/4289\/revisions"}],"predecessor-version":[{"id":4291,"href":"https:\/\/frantoiocongedi.com\/fr\/wp-json\/wp\/v2\/pages\/4289\/revisions\/4291"}],"wp:attachment":[{"href":"https:\/\/frantoiocongedi.com\/fr\/wp-json\/wp\/v2\/media?parent=4289"}],"curies":[{"name":"wp","href":"https:\/\/api.w.org\/{rel}","templated":true}]}}