{"id":4297,"date":"2025-11-19T10:28:07","date_gmt":"2025-11-19T10:28:07","guid":{"rendered":"https:\/\/frantoiocongedi.com\/pouilles\/"},"modified":"2026-02-25T11:25:54","modified_gmt":"2026-02-25T11:25:54","slug":"pouilles","status":"publish","type":"page","link":"https:\/\/frantoiocongedi.com\/fr\/pouilles\/","title":{"rendered":"Pouilles"},"content":{"rendered":"\n<p>La <a href=\"https:\/\/it.wikipedia.org\/wiki\/Puglia\" target=\"_blank\" rel=\"noreferrer noopener\"><strong>Pouilles<\/strong> <\/a>est une r\u00e9gion du sud de l <strong>&lsquo;Italie<\/strong> qui compte 4 051 846 habitants. Elle est bord\u00e9e par le Molise au nord-ouest, la Campanie et la Basilicate \u00e0 l&rsquo;ouest et est baign\u00e9e par la <strong>mer Adriatique<\/strong> \u00e0 l&rsquo;est et au nord et par la <strong>mer Ionienne<\/strong> au sud. La capitale est <strong>Bari<\/strong> et les provinces sont <strong>Foggia<\/strong>, <strong>Barletta-Andria-Trani<\/strong>, <strong>Tarente<\/strong>, <strong>Brindisi<\/strong> et <strong>Lecce<\/strong>. L&rsquo;une des sous-r\u00e9gions des Pouilles, la plus m\u00e9ridionale, constitue le <a href=\"https:\/\/www.oliocongedi.com\/salento\" target=\"_blank\" rel=\"noopener\"><strong>Salento<\/strong><\/a>\u00e9galement appel\u00e9 <strong>p\u00e9ninsule du Salento<\/strong>, qui forme le talon de la botte italienne.   <br\/><br\/>Le toponyme historique <strong>Apulia<\/strong> (r\u00e9sultat latin du grec \u1f38\u03b1\u03c0\u03c5\u03b3\u03af\u03b1, Japigia) d\u00e9rive de l&rsquo;ancienne population des <strong>Apuli<\/strong>, qui, \u00e0 l&rsquo;\u00e9poque pr\u00e9romaine, habitait le centre-nord de la r\u00e9gion, tandis qu&rsquo;au sud s&rsquo;installait le peuple apparent\u00e9 des <strong>Messapi<\/strong>. Selon une pseudo-\u00e9thymologie tr\u00e8s r\u00e9pandue, les Pouilles d\u00e9rivent d&rsquo;Apluvia, qui signifie terre sans pluie. Jusqu&rsquo;\u00e0 l&rsquo;\u00e9tablissement des r\u00e9gions, le nom <strong>Apulia<\/strong> \u00e9tait \u00e9galement utilis\u00e9 indiff\u00e9remment pour d\u00e9signer l&rsquo;actuelle r\u00e9gion des Pouilles.  <br\/><br\/>Les Pouilles sont la <strong>r\u00e9gion<\/strong> la plus orientale <strong>d&rsquo;Italie<\/strong> (le point le plus \u00e0 l&rsquo;est est Punta Palasc\u00eca) et l&rsquo;une des r\u00e9gions italiennes o\u00f9 le d\u00e9veloppement c\u00f4tier est le plus important : le littoral s&rsquo;\u00e9tend sur environ 865 km, alternant des \u00e9tendues rocheuses (comme sur le Gargano), des falaises (c\u00f4tes rocheuses abruptes) et des c\u00f4tes sablonneuses (comme le long du golfe de Tarente).<br\/><br\/>Le <strong>territoire<\/strong> collinaire des Pouilles comprend les <strong>Murge<\/strong> et les<strong> serres du Salento<\/strong>. La <strong>Murgia<\/strong>, ou Murge, est une sous-r\u00e9gion tr\u00e8s \u00e9tendue des Pouilles, qui correspond \u00e0 un plateau karstique rectangulaire situ\u00e9 en grande partie dans les provinces de Bari et de Barletta-Andria-Trani, mais qui s&rsquo;\u00e9tend \u00e9galement vers le sud dans les provinces de Tarente et de Brindisi. Elle se subdivise en Alta Murgia, la partie la plus \u00e9lev\u00e9e et la plus rocheuse, compos\u00e9e principalement de for\u00eats mixtes et o\u00f9 la v\u00e9g\u00e9tation est plut\u00f4t pauvre, et Bassa Murgia, o\u00f9 les terres sont plus fertiles et couvertes principalement d&rsquo;oliveraies. Les <strong>serres du Salento<\/strong>, quant \u00e0 elles, sont un \u00e9l\u00e9ment collinaire situ\u00e9 dans la partie m\u00e9ridionale de la province de Lecce.   <\/p>\n\n<p>Dans l&rsquo;ensemble des Pouilles, le <strong>climat<\/strong> est typiquement m\u00e9diterran\u00e9en : les zones c\u00f4ti\u00e8res et de plaine connaissent des \u00e9t\u00e9s chauds, venteux et secs et des hivers doux ; les chutes de neige dans les plaines ne sont pas rares. Les pr\u00e9cipitations, concentr\u00e9es \u00e0 la fin de l&rsquo;automne et en hiver, sont rares et surtout pluvieuses dans les plaines, tandis que sur le plateau des Murge, les chutes de neige sont fr\u00e9quentes en pr\u00e9sence de courants froids venant de l&rsquo;est. <br\/><br\/>D&rsquo;un point de vue \u00e9conomique, <strong>les Pouilles<\/strong> ont r\u00e9ussi \u00e0 combiner leurs <strong>traditions<\/strong>, leur <strong>histoire <\/strong>et leurs vocations productives avec l&rsquo;<strong>innovation<\/strong> et la <strong>technologie<\/strong>. En fait, elles ont atteint de bons niveaux de sp\u00e9cialisation dans de nombreux secteurs industriels. Un certain nombre de politiques visant \u00e0 d\u00e9velopper les processus d&rsquo;innovation, ainsi qu&rsquo;une vaste gamme d&rsquo;incitations \u00e0 l&rsquo;investissement, ont permis au syst\u00e8me de production local de se d\u00e9velopper et d&rsquo;attirer plus de 40 groupes industriels internationaux dans les secteurs de l&rsquo;a\u00e9rospatiale, de l&rsquo;automobile, de la chimie et des technologies de l&rsquo;information et de la communication (TIC). Dans le domaine de la <strong>recherche<\/strong>, on compte 5 000 chercheurs, 103 000 \u00e9tudiants universitaires et pr\u00e8s de 15 000 nouveaux dipl\u00f4m\u00e9s par an. L&rsquo;expertise scientifique sp\u00e9cialis\u00e9e est r\u00e9partie en plusieurs domaines interdisciplinaires : biologie, TIC et nanotechnologies, qui ont contribu\u00e9 \u00e0 l&rsquo;\u00e9mergence et \u00e0 la consolidation de trois grappes technologiques : <strong>biotechnologie<\/strong>,<strong> haute technologie<\/strong> et <strong>m\u00e9catronique<\/strong>.    <br\/><br\/>Parmi les r\u00e9gions du sud de l&rsquo;Italie, l&rsquo;\u00e9conomie des Pouilles est celle qui s&rsquo;est le mieux comport\u00e9e ces derni\u00e8res ann\u00e9es, avec une croissance du PIB de +1,8 %, principalement due au d\u00e9veloppement du <strong>secteur tertiaire<\/strong> et de l&rsquo;<strong>industrie<\/strong>, mais aussi \u00e0 un d\u00e9clin du <strong>secteur agricole<\/strong>.<br\/><br\/>La <strong>position g\u00e9ographique<\/strong> strat\u00e9gique, gr\u00e2ce \u00e0 l&rsquo;importance r\u00e9cente des \u00e9conomies de l&rsquo;Est et de la M\u00e9diterran\u00e9e, le <strong>r\u00e9seau d&rsquo;infrastructures<\/strong> discret et la solidit\u00e9 des relations culturelles et commerciales avec le bassin <strong>m\u00e9diterran\u00e9en<\/strong> font des <strong>Pouilles<\/strong> une r\u00e9gion \u00e0 <strong>fort potentiel \u00e9conomique<\/strong>.<br\/><br\/>Dans les <strong>Pouilles<\/strong>, l&rsquo;<strong>agriculture<\/strong> a toujours jou\u00e9 un r\u00f4le pr\u00e9pond\u00e9rant dans l&rsquo;\u00e9conomie. Aujourd&rsquo;hui, il s&rsquo;agit d&rsquo;une agriculture absolument intensive et moderne, qui permet \u00e0 la r\u00e9gion d&rsquo;\u00eatre au premier rang en Italie pour la production de nombreux produits, tels que le <strong>bl\u00e9 dur<\/strong> et les <strong>tomates<\/strong>, ainsi que pour la production de <a href=\"https:\/\/www.oliocongedi.com\/olio-pugliese\" target=\"_blank\" rel=\"noopener\"><strong>l&rsquo;huile d&rsquo;olive<\/strong><\/a>qui, avec ses quelque 50 millions d&rsquo;<strong> oliviers<\/strong>, place les <strong>Pouilles<\/strong> en <strong>premi\u00e8re position<\/strong>, ainsi que de <strong>raisins de table<\/strong>. La r\u00e9gion joue \u00e9galement un r\u00f4le important dans la production de laitues, d&rsquo;artichauts, de fenouils, de choux, de c\u00e9leris et d&rsquo;avoine. La production d&rsquo;<strong>amandes<\/strong> dans les Pouilles \u00e9tait une priorit\u00e9 ancienne, qui a malheureusement disparu malgr\u00e9 les tentatives de cr\u00e9ation de vergers d&rsquo;amandes modernes sur le mod\u00e8le californien, tandis que les cultures fruiti\u00e8res \u00e0 succ\u00e8s comprennent la p\u00eache et le kiwi. L&rsquo;un des inconv\u00e9nients de l&rsquo;agriculture des Pouilles est la raret\u00e9 de l&rsquo;eau, \u00e0 tel point que si les <strong>s\u00e9cheresses<\/strong> n&rsquo;\u00e9taient pas aussi r\u00e9pandues, on pourrait produire beaucoup plus dans cette r\u00e9gion sans les probl\u00e8mes li\u00e9s \u00e0 la mauvaise irrigation des sols.    <br\/><br\/>Il convient de mentionner tout particuli\u00e8rement le secteur du <strong>tourisme<\/strong>, qui a connu une croissance exponentielle au cours des derni\u00e8res ann\u00e9es. Il s&rsquo;agit principalement d&rsquo;un tourisme national, saisonnier (surtout pendant la saison estivale) et concentr\u00e9 principalement dans les zones de <a href=\"https:\/\/www.oliocongedi.com\/salento\" target=\"_blank\" rel=\"noopener\"><strong>Salento<\/strong> <\/a>et du <strong>Gargano<\/strong>. La r\u00e9gion a \u00e9t\u00e9 nomm\u00e9e \u00ab\u00a0Best Value Travel Region in the World\u00a0\u00bb par le National Geographic. En 2009, les arriv\u00e9es ont \u00e9t\u00e9 d&rsquo;environ 3 millions et les pr\u00e9sences de plus de 12 millions. Le s\u00e9jour moyen des touristes italiens dans les Pouilles est de 4 jours, une valeur qui est rest\u00e9e constante depuis l&rsquo;ann\u00e9e derni\u00e8re. Le plus grand afflux de touristes italiens et \u00e9trangers &#8211; en termes d&rsquo;arriv\u00e9es et de pr\u00e9sences &#8211; a lieu dans la r\u00e9gion du <strong>Gargano<\/strong>, tandis que la deuxi\u00e8me province \u00e0 attirer une part substantielle de touristes est <strong>Lecce<\/strong> o\u00f9, en 2009, 813 524 arriv\u00e9es ont \u00e9t\u00e9 enregistr\u00e9es contre 4 180 888 pr\u00e9sences.     <\/p>\n","protected":false},"excerpt":{"rendered":"<p>La Pouilles est une r\u00e9gion du sud de l &lsquo;Italie qui compte 4 051 846 habitants. Elle est bord\u00e9e par<\/p>\n","protected":false},"author":1,"featured_media":0,"parent":0,"menu_order":0,"comment_status":"closed","ping_status":"closed","template":"","meta":{"footnotes":""},"class_list":["post-4297","page","type-page","status-publish","hentry"],"jetpack_sharing_enabled":true,"_links":{"self":[{"href":"https:\/\/frantoiocongedi.com\/fr\/wp-json\/wp\/v2\/pages\/4297","targetHints":{"allow":["GET"]}}],"collection":[{"href":"https:\/\/frantoiocongedi.com\/fr\/wp-json\/wp\/v2\/pages"}],"about":[{"href":"https:\/\/frantoiocongedi.com\/fr\/wp-json\/wp\/v2\/types\/page"}],"author":[{"embeddable":true,"href":"https:\/\/frantoiocongedi.com\/fr\/wp-json\/wp\/v2\/users\/1"}],"replies":[{"embeddable":true,"href":"https:\/\/frantoiocongedi.com\/fr\/wp-json\/wp\/v2\/comments?post=4297"}],"version-history":[{"count":1,"href":"https:\/\/frantoiocongedi.com\/fr\/wp-json\/wp\/v2\/pages\/4297\/revisions"}],"predecessor-version":[{"id":4299,"href":"https:\/\/frantoiocongedi.com\/fr\/wp-json\/wp\/v2\/pages\/4297\/revisions\/4299"}],"wp:attachment":[{"href":"https:\/\/frantoiocongedi.com\/fr\/wp-json\/wp\/v2\/media?parent=4297"}],"curies":[{"name":"wp","href":"https:\/\/api.w.org\/{rel}","templated":true}]}}