{"id":4311,"date":"2025-11-19T10:24:57","date_gmt":"2025-11-19T10:24:57","guid":{"rendered":"https:\/\/frantoiocongedi.com\/huile-des-pouilles\/"},"modified":"2026-02-25T11:26:09","modified_gmt":"2026-02-25T11:26:09","slug":"huile-des-pouilles","status":"publish","type":"page","link":"https:\/\/frantoiocongedi.com\/fr\/huile-des-pouilles\/","title":{"rendered":"Huile des Pouilles"},"content":{"rendered":"\n<p>Caract\u00e9ris\u00e9e par une <strong>saveur<\/strong> et un <strong>ar\u00f4me<\/strong> incomparables, l&rsquo;<strong>huile des Pouilles<\/strong> est le condiment <strong>le plus sain que<\/strong> vous puissiez utiliser pour maintenir un <strong>r\u00e9gime alimentaire sain<\/strong> sans sacrifier le <strong>go\u00fbt<\/strong>.<\/p>\n\n<hr class=\"wp-block-separator has-alpha-channel-opacity\"\/>\n\n<p>Chaque goutte de notre huile des Pouilles est pr\u00e9cieuse et renferme tout un monde de connaissances et de saveurs uniques et inimitables.<\/p>\n\n<p>La <strong>famille Congedi<\/strong>, au fil de quatre g\u00e9n\u00e9rations, s&rsquo;est toujours distingu\u00e9e dans la r\u00e9gion ensoleill\u00e9e et accident\u00e9e du <a href=\"https:\/\/www.oliocongedi.com\/salento\" target=\"_blank\" rel=\"noopener\"><strong>Salento<\/strong><\/a>pour sa volont\u00e9 d&rsquo;am\u00e9liorer sans cesse l&rsquo;huile d&rsquo;olive<a href=\"https:\/\/www.oliocongedi.com\/olio-del-salento\" target=\"_blank\" rel=\"noopener\"><strong>l&rsquo;huile d&rsquo;olive vierge extra<\/strong><\/a> qu&rsquo;elle produit avec fiert\u00e9. Pour ce faire, le <strong>moulin \u00e0 huile<\/strong><strong>Frantoio<\/strong> <strong>Congedi<\/strong> prend soin des<strong>oliviers<\/strong> d\u00e8s le d\u00e9but, jusqu&rsquo;\u00e0 la production et au stockage ult\u00e9rieur de l&rsquo;<strong>huile d&rsquo;olive extra vierge du Salento<\/strong>, qui se fait sous temp\u00e9rature contr\u00f4l\u00e9e et dans des cuves en acier inoxydable, puis stock\u00e9e sous azote pour garantir une <strong>qualit\u00e9 \u00e9lev\u00e9e du<\/strong> produit pendant le stockage et l&#8217;emballage. <br\/><br\/>Le secret de notre r\u00e9ussite est un m\u00e9lange d&rsquo;ingr\u00e9dients cl\u00e9s. Outre la modernisation continue des installations, dans un souci d&rsquo;<strong>innovation<\/strong> progressive, et la <strong>protection<\/strong> totale <strong>de l&rsquo;environnement<\/strong>, une autre caract\u00e9ristique pr\u00e9cieuse qui fait de cette entreprise p\u00e9troli\u00e8re une r\u00e9alit\u00e9 particuli\u00e8re parmi les entreprises du Salento est la <strong>tradition familiale<\/strong>. Cette derni\u00e8re repr\u00e9sente en effet l&rsquo;ingr\u00e9dient secret qui rend le r\u00e9sultat final encore meilleur, car elle a permis la transmission de connaissances et de secrets de gen\u00e8se ancienne qui ont surv\u00e9cu au passage du temps. En outre, lorsqu&rsquo;on travaille dans une famille comme la famille Congedi, on ne peut que constater la <strong>grande passion<\/strong> que tous les membres de la famille et les employ\u00e9s consacrent quotidiennement \u00e0 leur travail, d&rsquo;autant plus si l&rsquo;on consid\u00e8re que cette entreprise a \u00e9t\u00e9 cr\u00e9\u00e9e il y a un si\u00e8cle, en 1918.   <br\/><br\/>Ce dernier a \u00e9t\u00e9 un \u00e9l\u00e9ment cl\u00e9 dans l&rsquo;obtention de plusieurs <a href=\"https:\/\/www.oliocongedi.com\/riconoscimenti\" target=\"_blank\" rel=\"noopener\"> <strong>prix<\/strong> et <strong>reconnaissances<\/strong><\/a> prestigieux dans l&rsquo;industrie.<br\/><br\/><strong>Modernit\u00e9<\/strong>, <strong>histoire<\/strong>, <strong>qualit\u00e9<\/strong> et <strong>souci du d\u00e9tail<\/strong>: tels sont les mots d&rsquo;ordre de l&rsquo;<strong>huile d&rsquo;olive extra vierge Congedi<\/strong>, une<strong>huile de<\/strong> la<strong>r\u00e9gion<\/strong> des Pouilles. <a href=\"https:\/\/www.oliocongedi.com\/olio-pugliese\" target=\"_blank\" rel=\"noopener\"><strong>huile des Pouilles<\/strong><\/a>, <a href=\"https:\/\/www.oliocongedi.com\/coltivato-nel-salento\" target=\"_blank\" rel=\"noopener\"><strong>cultiv\u00e9e dans le Salento<\/strong><\/a>.<\/p>\n\n<figure class=\"wp-block-gallery has-nested-images columns-default is-cropped wp-block-gallery-1 is-layout-flex wp-block-gallery-is-layout-flex\">\n<figure class=\"wp-block-image\"><img loading=\"lazy\" decoding=\"async\" width=\"741\" height=\"1000\" data-id=\"1023\" src=\"https:\/\/frantoiocongedi.com\/wp-content\/uploads\/2025\/06\/pomodori-secchi-e-aglio.jpg\" alt=\"\" class=\"wp-image-1023\" srcset=\"https:\/\/frantoiocongedi.com\/wp-content\/uploads\/2025\/06\/pomodori-secchi-e-aglio.jpg 741w, https:\/\/frantoiocongedi.com\/wp-content\/uploads\/2025\/06\/pomodori-secchi-e-aglio-150x202.jpg 150w, https:\/\/frantoiocongedi.com\/wp-content\/uploads\/2025\/06\/pomodori-secchi-e-aglio-222x300.jpg 222w\" sizes=\"auto, (max-width: 741px) 100vw, 741px\" \/><\/figure>\n\n\n\n<figure class=\"wp-block-image\"><img loading=\"lazy\" decoding=\"async\" width=\"741\" height=\"1000\" data-id=\"1026\" src=\"https:\/\/frantoiocongedi.com\/wp-content\/uploads\/2025\/06\/tartufo.jpg\" alt=\"\" class=\"wp-image-1026\" srcset=\"https:\/\/frantoiocongedi.com\/wp-content\/uploads\/2025\/06\/tartufo.jpg 741w, https:\/\/frantoiocongedi.com\/wp-content\/uploads\/2025\/06\/tartufo-150x202.jpg 150w, https:\/\/frantoiocongedi.com\/wp-content\/uploads\/2025\/06\/tartufo-222x300.jpg 222w\" sizes=\"auto, (max-width: 741px) 100vw, 741px\" \/><\/figure>\n\n\n\n<figure class=\"wp-block-image\"><img loading=\"lazy\" decoding=\"async\" width=\"741\" height=\"1000\" data-id=\"1042\" src=\"https:\/\/frantoiocongedi.com\/wp-content\/uploads\/2025\/06\/Olio-extra-vergine-di-oliva-aromatizzato-al-peperoncino.jpg\" alt=\"\" class=\"wp-image-1042\" srcset=\"https:\/\/frantoiocongedi.com\/wp-content\/uploads\/2025\/06\/Olio-extra-vergine-di-oliva-aromatizzato-al-peperoncino.jpg 741w, https:\/\/frantoiocongedi.com\/wp-content\/uploads\/2025\/06\/Olio-extra-vergine-di-oliva-aromatizzato-al-peperoncino-150x202.jpg 150w, https:\/\/frantoiocongedi.com\/wp-content\/uploads\/2025\/06\/Olio-extra-vergine-di-oliva-aromatizzato-al-peperoncino-222x300.jpg 222w\" sizes=\"auto, (max-width: 741px) 100vw, 741px\" \/><\/figure>\n\n\n\n<figure class=\"wp-block-image\"><img loading=\"lazy\" decoding=\"async\" width=\"741\" height=\"1000\" data-id=\"1039\" src=\"https:\/\/frantoiocongedi.com\/wp-content\/uploads\/2025\/06\/Olio-extra-vergine-di-oliva-aromatizzato-al-basilico.jpg\" alt=\"\" class=\"wp-image-1039\" srcset=\"https:\/\/frantoiocongedi.com\/wp-content\/uploads\/2025\/06\/Olio-extra-vergine-di-oliva-aromatizzato-al-basilico.jpg 741w, https:\/\/frantoiocongedi.com\/wp-content\/uploads\/2025\/06\/Olio-extra-vergine-di-oliva-aromatizzato-al-basilico-150x202.jpg 150w, https:\/\/frantoiocongedi.com\/wp-content\/uploads\/2025\/06\/Olio-extra-vergine-di-oliva-aromatizzato-al-basilico-222x300.jpg 222w\" sizes=\"auto, (max-width: 741px) 100vw, 741px\" \/><\/figure>\n\n\n\n<figure class=\"wp-block-image\"><img loading=\"lazy\" decoding=\"async\" width=\"741\" height=\"1000\" data-id=\"1036\" src=\"https:\/\/frantoiocongedi.com\/wp-content\/uploads\/2025\/06\/Olio-extra-vergine-di-oliva-aromatizzato-al-limone.jpg\" alt=\"\" class=\"wp-image-1036\" srcset=\"https:\/\/frantoiocongedi.com\/wp-content\/uploads\/2025\/06\/Olio-extra-vergine-di-oliva-aromatizzato-al-limone.jpg 741w, https:\/\/frantoiocongedi.com\/wp-content\/uploads\/2025\/06\/Olio-extra-vergine-di-oliva-aromatizzato-al-limone-150x202.jpg 150w, https:\/\/frantoiocongedi.com\/wp-content\/uploads\/2025\/06\/Olio-extra-vergine-di-oliva-aromatizzato-al-limone-222x300.jpg 222w\" sizes=\"auto, (max-width: 741px) 100vw, 741px\" \/><\/figure>\n\n\n\n<figure class=\"wp-block-image\"><img loading=\"lazy\" decoding=\"async\" width=\"741\" height=\"1000\" data-id=\"1033\" src=\"https:\/\/frantoiocongedi.com\/wp-content\/uploads\/2025\/06\/Olio-extra-vergine-di-oliva-aromatizzato-allaglio-025-l.jpg\" alt=\"\" class=\"wp-image-1033\" srcset=\"https:\/\/frantoiocongedi.com\/wp-content\/uploads\/2025\/06\/Olio-extra-vergine-di-oliva-aromatizzato-allaglio-025-l.jpg 741w, https:\/\/frantoiocongedi.com\/wp-content\/uploads\/2025\/06\/Olio-extra-vergine-di-oliva-aromatizzato-allaglio-025-l-150x202.jpg 150w, https:\/\/frantoiocongedi.com\/wp-content\/uploads\/2025\/06\/Olio-extra-vergine-di-oliva-aromatizzato-allaglio-025-l-222x300.jpg 222w\" sizes=\"auto, (max-width: 741px) 100vw, 741px\" \/><\/figure>\n\n\n\n<figure class=\"wp-block-image\"><img loading=\"lazy\" decoding=\"async\" width=\"741\" height=\"1000\" data-id=\"1030\" src=\"https:\/\/frantoiocongedi.com\/wp-content\/uploads\/2025\/06\/limone-menta-pepe-rosa.jpg\" alt=\"\" class=\"wp-image-1030\" srcset=\"https:\/\/frantoiocongedi.com\/wp-content\/uploads\/2025\/06\/limone-menta-pepe-rosa.jpg 741w, https:\/\/frantoiocongedi.com\/wp-content\/uploads\/2025\/06\/limone-menta-pepe-rosa-150x202.jpg 150w, https:\/\/frantoiocongedi.com\/wp-content\/uploads\/2025\/06\/limone-menta-pepe-rosa-222x300.jpg 222w\" sizes=\"auto, (max-width: 741px) 100vw, 741px\" \/><\/figure>\n<\/figure>\n","protected":false},"excerpt":{"rendered":"<p>Caract\u00e9ris\u00e9e par une saveur et un ar\u00f4me incomparables, l&rsquo;huile des Pouilles est le condiment le plus sain que vous puissiez<\/p>\n","protected":false},"author":1,"featured_media":0,"parent":0,"menu_order":0,"comment_status":"closed","ping_status":"closed","template":"","meta":{"footnotes":""},"class_list":["post-4311","page","type-page","status-publish","hentry"],"jetpack_sharing_enabled":true,"_links":{"self":[{"href":"https:\/\/frantoiocongedi.com\/fr\/wp-json\/wp\/v2\/pages\/4311","targetHints":{"allow":["GET"]}}],"collection":[{"href":"https:\/\/frantoiocongedi.com\/fr\/wp-json\/wp\/v2\/pages"}],"about":[{"href":"https:\/\/frantoiocongedi.com\/fr\/wp-json\/wp\/v2\/types\/page"}],"author":[{"embeddable":true,"href":"https:\/\/frantoiocongedi.com\/fr\/wp-json\/wp\/v2\/users\/1"}],"replies":[{"embeddable":true,"href":"https:\/\/frantoiocongedi.com\/fr\/wp-json\/wp\/v2\/comments?post=4311"}],"version-history":[{"count":1,"href":"https:\/\/frantoiocongedi.com\/fr\/wp-json\/wp\/v2\/pages\/4311\/revisions"}],"predecessor-version":[{"id":4312,"href":"https:\/\/frantoiocongedi.com\/fr\/wp-json\/wp\/v2\/pages\/4311\/revisions\/4312"}],"wp:attachment":[{"href":"https:\/\/frantoiocongedi.com\/fr\/wp-json\/wp\/v2\/media?parent=4311"}],"curies":[{"name":"wp","href":"https:\/\/api.w.org\/{rel}","templated":true}]}}