{"id":2000001367,"date":"2026-04-03T14:27:51","date_gmt":"2026-04-03T14:27:51","guid":{"rendered":"https:\/\/frantoiocongedi.com\/prodotto\/deno-huile-dolive-vierge-extra-denoyautee-05-l-avec-boite\/"},"modified":"2026-04-03T14:29:13","modified_gmt":"2026-04-03T14:29:13","slug":"deno-huile-dolive-vierge-extra-denoyautee-05-l-avec-boite","status":"publish","type":"product","link":"https:\/\/frantoiocongedi.com\/fr\/prodotto\/deno-huile-dolive-vierge-extra-denoyautee-05-l-avec-boite\/","title":{"rendered":"Den\u00f2 &#8211; Huile d&rsquo;olive vierge extra d\u00e9noyaut\u00e9e &#8211; 0,5 l avec bo\u00eete"},"content":{"rendered":"<h3>Den\u00f2 &#8211; Huile d&rsquo;olive extra vierge excellente pour une id\u00e9e cadeau<\/h3>\n<p><strong>Den\u00f2<\/strong> est l&rsquo;huile d&rsquo;olive vierge extra de haute qualit\u00e9 produite par le c\u00e9l\u00e8bre <strong>Frantoio Congedi<\/strong> selon une m\u00e9thode innovante et unique. Cette huile se distingue non seulement par son excellence, mais aussi par le processus particulier par lequel elle est cr\u00e9\u00e9e. <\/p>\n<h3>La m\u00e9thode innovante du Frantoio Congedi<\/h3>\n<p>La particularit\u00e9 de la production de l&rsquo;huile Den\u00f2 r\u00e9side dans la <strong>technique de s\u00e9paration pr\u00e9coce du noyau<\/strong> et des drupes. Cette proc\u00e9dure unique permet de ne traiter que la pulpe des olives, ce qui garantit un produit final de qualit\u00e9 sup\u00e9rieure. <\/p>\n<h3>Caract\u00e9ristiques de l&rsquo;huile de Den\u00f2<\/h3>\n<p>L&rsquo;huile Den\u00f2 a une <strong>couleur verte brillante et intense<\/strong>, r\u00e9sultat d&rsquo;un traitement attentif et m\u00e9ticuleux. Son go\u00fbt est riche et harmonieux, parfaitement \u00e9quilibr\u00e9 entre des notes fruit\u00e9es am\u00e8res et \u00e9pic\u00e9es. Ces caract\u00e9ristiques font de l&rsquo;huile Den\u00f2 non seulement un condiment, mais aussi une exp\u00e9rience sensorielle unique.  <\/p>\n<h3>Pourquoi choisir l&rsquo;huile d&rsquo;olive vierge extra Den\u00f2<\/h3>\n<p>Den\u00f2 est le choix id\u00e9al pour tous ceux qui recherchent une huile d&rsquo;olive vierge extra distinctive et de grande qualit\u00e9. Id\u00e9ale pour enrichir les plats d&rsquo;une touche d&rsquo;excellence, l&rsquo;huile Den\u00f2 de Frantoio Congedi est le compagnon id\u00e9al de ceux qui veulent le meilleur dans leur cuisine. L&rsquo;huile d&rsquo;olive extra vierge Den\u00f2 repr\u00e9sente le m\u00e9lange parfait de <strong>tradition et d&rsquo;innovation<\/strong>, offert par Frantoio Congedi. Gr\u00e2ce \u00e0 sa m\u00e9thode de production unique et \u00e0 ses caract\u00e9ristiques organoleptiques, Den\u00f2 est le choix id\u00e9al pour ceux qui veulent mettre sur la table un produit de qualit\u00e9 sup\u00e9rieure.   <\/p>\n","protected":false},"excerpt":{"rendered":"<p>Den\u00f2 &#8211; Huile d&rsquo;olive extra vierge excellente pour une id\u00e9e cadeau Den\u00f2 est l&rsquo;huile d&rsquo;olive vierge extra de haute qualit\u00e9<\/p>\n","protected":false},"featured_media":4565,"template":"","meta":[],"product_brand":[46],"product_cat":[109],"product_tag":[],"class_list":{"0":"post-2000001367","1":"product","2":"type-product","3":"status-publish","4":"has-post-thumbnail","6":"product_brand-frantoio-congedi","7":"product_cat-idees-de-cadeaux","9":"first","10":"instock","11":"taxable","12":"shipping-taxable","13":"purchasable","14":"product-type-simple"},"jetpack_sharing_enabled":true,"_links":{"self":[{"href":"https:\/\/frantoiocongedi.com\/fr\/wp-json\/wp\/v2\/product\/2000001367","targetHints":{"allow":["GET"]}}],"collection":[{"href":"https:\/\/frantoiocongedi.com\/fr\/wp-json\/wp\/v2\/product"}],"about":[{"href":"https:\/\/frantoiocongedi.com\/fr\/wp-json\/wp\/v2\/types\/product"}],"version-history":[{"count":1,"href":"https:\/\/frantoiocongedi.com\/fr\/wp-json\/wp\/v2\/product\/2000001367\/revisions"}],"predecessor-version":[{"id":2000001371,"href":"https:\/\/frantoiocongedi.com\/fr\/wp-json\/wp\/v2\/product\/2000001367\/revisions\/2000001371"}],"wp:featuredmedia":[{"embeddable":true,"href":"https:\/\/frantoiocongedi.com\/fr\/wp-json\/wp\/v2\/media\/4565"}],"wp:attachment":[{"href":"https:\/\/frantoiocongedi.com\/fr\/wp-json\/wp\/v2\/media?parent=2000001367"}],"wp:term":[{"taxonomy":"product_brand","embeddable":true,"href":"https:\/\/frantoiocongedi.com\/fr\/wp-json\/wp\/v2\/product_brand?post=2000001367"},{"taxonomy":"product_cat","embeddable":true,"href":"https:\/\/frantoiocongedi.com\/fr\/wp-json\/wp\/v2\/product_cat?post=2000001367"},{"taxonomy":"product_tag","embeddable":true,"href":"https:\/\/frantoiocongedi.com\/fr\/wp-json\/wp\/v2\/product_tag?post=2000001367"}],"curies":[{"name":"wp","href":"https:\/\/api.w.org\/{rel}","templated":true}]}}