{"id":2000001380,"date":"2026-04-03T14:29:20","date_gmt":"2026-04-03T14:29:20","guid":{"rendered":"https:\/\/frantoiocongedi.com\/prodotto\/100-grand-cru-05-l-2\/"},"modified":"2026-04-03T14:29:20","modified_gmt":"2026-04-03T14:29:20","slug":"100-grand-cru-05-l-2","status":"publish","type":"product","link":"https:\/\/frantoiocongedi.com\/fr\/prodotto\/100-grand-cru-05-l-2\/","title":{"rendered":"100 Grand Cru &#8211; 0,5 l"},"content":{"rendered":"<p>Huile d&rsquo;olive vierge extra 100 Grand Cru<\/p>\n<p>L&rsquo;huile d&rsquo;olive vierge extra<em>\u00ab\u00a0Cento Grand Cru<\/em>\u00a0\u00bb est obtenue \u00e0 partir d&rsquo;olives r\u00e9colt\u00e9es manuellement au mois d&rsquo;octobre.<br \/>\n<strong>Profil sensoriel : <\/strong>huile d&rsquo;olive vierge extra au profil sensoriel moyennement fruit\u00e9, parfaitement harmonieuse, avec des tons amers et \u00e9pic\u00e9s marqu\u00e9s, elle d\u00e9gage des sensations de pomme verte, d&rsquo;herbe fauch\u00e9e.<br \/>\n<strong>Suggestions d&rsquo;utilisation :<\/strong> vous ne vous tromperez pas en utilisant cette huile sur des soupes de l\u00e9gumineuses, des c\u00e9r\u00e9ales, des viandes grill\u00e9es et des salades vertes.<\/p>\n","protected":false},"excerpt":{"rendered":"<p>L&rsquo;huile d&rsquo;olive extra vierge<em>\u00ab\u00a0Cento Grand Cru<\/em>\u00a0\u00bb est l&#8217;embl\u00e8me de l&rsquo;excellence de l&rsquo;huile d&rsquo;olive du Frantoio Oleario Congedi. L&rsquo;\u00e9tiquette c\u00e9l\u00e8bre les 100 ans d&rsquo;histoire de la famille Congedi qui, depuis plus d&rsquo;un si\u00e8cle, cultive et transforme le principal fruit du Salento : l&rsquo;olive. <\/p>\n<p>L&rsquo;huile<em>\u00ab\u00a0Cento Grand Cru<\/em>\u00a0\u00bb est d\u00e9finie par les experts du secteur comme l&rsquo;une des expressions les plus \u00e9lev\u00e9es de la qualit\u00e9 de l&rsquo;huile d&rsquo;olive vierge extra. Gr\u00e2ce \u00e0 l&rsquo;union des trois monovari\u00e9tales (Coratina, Frantoio et Leccino), l&rsquo;Azienda Olearia Congedi exprime les meilleures caract\u00e9ristiques du mill\u00e9sime selon le principe de la QUALIT\u00c9 tout au long du cycle de production. <\/p>\n","protected":false},"featured_media":4366,"template":"","meta":[],"product_brand":[],"product_cat":[128],"product_tag":[],"class_list":{"0":"post-2000001380","1":"product","2":"type-product","3":"status-publish","4":"has-post-thumbnail","6":"product_cat-huile","8":"first","9":"instock","10":"taxable","11":"shipping-taxable","12":"purchasable","13":"product-type-simple"},"jetpack_sharing_enabled":true,"_links":{"self":[{"href":"https:\/\/frantoiocongedi.com\/fr\/wp-json\/wp\/v2\/product\/2000001380","targetHints":{"allow":["GET"]}}],"collection":[{"href":"https:\/\/frantoiocongedi.com\/fr\/wp-json\/wp\/v2\/product"}],"about":[{"href":"https:\/\/frantoiocongedi.com\/fr\/wp-json\/wp\/v2\/types\/product"}],"version-history":[{"count":0,"href":"https:\/\/frantoiocongedi.com\/fr\/wp-json\/wp\/v2\/product\/2000001380\/revisions"}],"wp:featuredmedia":[{"embeddable":true,"href":"https:\/\/frantoiocongedi.com\/fr\/wp-json\/wp\/v2\/media\/4366"}],"wp:attachment":[{"href":"https:\/\/frantoiocongedi.com\/fr\/wp-json\/wp\/v2\/media?parent=2000001380"}],"wp:term":[{"taxonomy":"product_brand","embeddable":true,"href":"https:\/\/frantoiocongedi.com\/fr\/wp-json\/wp\/v2\/product_brand?post=2000001380"},{"taxonomy":"product_cat","embeddable":true,"href":"https:\/\/frantoiocongedi.com\/fr\/wp-json\/wp\/v2\/product_cat?post=2000001380"},{"taxonomy":"product_tag","embeddable":true,"href":"https:\/\/frantoiocongedi.com\/fr\/wp-json\/wp\/v2\/product_tag?post=2000001380"}],"curies":[{"name":"wp","href":"https:\/\/api.w.org\/{rel}","templated":true}]}}