{"id":2000002387,"date":"2026-05-06T13:05:29","date_gmt":"2026-05-06T13:05:29","guid":{"rendered":"https:\/\/frantoiocongedi.com\/prodotto\/monocultivar-et-flavour-box-huile-dolive-vierge-extra-evo\/"},"modified":"2026-05-06T13:13:55","modified_gmt":"2026-05-06T13:13:55","slug":"monocultivar-et-flavour-box-huile-dolive-vierge-extra-evo","status":"publish","type":"product","link":"https:\/\/frantoiocongedi.com\/fr\/prodotto\/monocultivar-et-flavour-box-huile-dolive-vierge-extra-evo\/","title":{"rendered":"Monocultivar et Flavour Box | Huile d&rsquo;olive vierge extra EVO"},"content":{"rendered":"<h2 data-section-id=\"18d4gsi\" data-start=\"992\" data-end=\"1075\">Monocultivar et Arom Box &#8211; Huile d&rsquo;olive vierge extra EVO<\/h2>\n<p data-start=\"1077\" data-end=\"1290\">Box Monocultivar et Aromi, les saveurs authentiques du territoire des Pouilles avec <strong data-start=\"1134\" data-end=\"1158\">Box Tesori di Puglia<\/strong>, une s\u00e9lection exclusive d&rsquo;<strong data-start=\"1187\" data-end=\"1217\">huile d&rsquo;olive extra vierge<\/strong> con\u00e7ue pour ceux qui aiment la qualit\u00e9, la tradition et la cr\u00e9ativit\u00e9 dans la cuisine.<\/p>\n<p data-start=\"1292\" data-end=\"1507\">Cet \u00e9l\u00e9gant coffret contient quatre d\u00e9lices de Frantoio Congedi : deux <strong data-start=\"1391\" data-end=\"1416\">huiles EVO monocultivar<\/strong> tr\u00e8s pris\u00e9es et deux assaisonnements raffin\u00e9s <strong data-start=\"1467\" data-end=\"1506\">\u00e0 base d&rsquo;huile d&rsquo;olive extra vierge des Pouilles<\/strong>.<\/p>\n<p data-start=\"1509\" data-end=\"1639\">Parfait comme id\u00e9e de cadeau gastronomique, pour des d\u00e9gustations ou pour enrichir n&rsquo;importe quel plat avec des ar\u00f4mes et des saveurs m\u00e9diterran\u00e9ennes authentiques.<\/p>\n<h3 data-section-id=\"x1iacd\" data-start=\"1641\" data-end=\"1661\">La bo\u00eete contient :<\/h3>\n<ul data-start=\"1662\" data-end=\"2285\">\n<li data-section-id=\"fo8sll\" data-start=\"1662\" data-end=\"1801\"><a href=\"https:\/\/frantoiocongedi.com\/fr\/prodotto\/huile-dolive-vierge-extra-monocultivar-favolosa-050-l\/\" target=\"_blank\" rel=\"noopener\"><strong data-start=\"1664\" data-end=\"1724\">Huile d&rsquo;olive vierge extra Monocultivar Favolosa &#8211; 0.25L<\/strong><\/a><br data-start=\"1724\" data-end=\"1727\">Go\u00fbt \u00e9quilibr\u00e9 et d\u00e9licat, id\u00e9al pour les entr\u00e9es, les l\u00e9gumes et le poisson.<\/li>\n<li data-section-id=\"38t00z\" data-start=\"1803\" data-end=\"1967\"><a href=\"https:\/\/frantoiocongedi.com\/fr\/prodotto\/huile-dolive-vierge-extra-monocultivar-0-5-lt-coratina\/\" target=\"_blank\" rel=\"noopener\"><strong data-start=\"1805\" data-end=\"1865\">Huile d&rsquo;olive vierge extra Monocultivar Coratina &#8211; 0.25L<\/strong><\/a><br data-start=\"1865\" data-end=\"1868\">Intense et cors\u00e9e, typique de la tradition des Pouilles, riche en caract\u00e8re et en notes aromatiques fortes.<\/li>\n<li data-section-id=\"1yt1su0\" data-start=\"1969\" data-end=\"2117\"><a href=\"https:\/\/frantoiocongedi.com\/fr\/prodotto\/huile-dolive-vierge-extra-de-relish-a-lorange-0-25-ml\/\" target=\"_blank\" rel=\"noopener\"><strong data-start=\"1971\" data-end=\"2036\">Vinaigrette \u00e0 l&rsquo;orange et \u00e0 l&rsquo;huile d&rsquo;olive extra vierge &#8211; 0.25L<\/strong><\/a><br data-start=\"2036\" data-end=\"2039\">Fra\u00eeche et parfum\u00e9e, parfaite pour les salades, le carpaccio, les poissons et les plats gastronomiques.<\/li>\n<li data-section-id=\"76u298\" data-start=\"2119\" data-end=\"2285\"><a href=\"https:\/\/frantoiocongedi.com\/fr\/prodotto\/condiment-au-piment-frais-huile-dolive-extra-vierge-0-25-ml\/\" target=\"_blank\" rel=\"noopener\"><strong data-start=\"2121\" data-end=\"2196\">Condiment au piment frais et \u00e0 l&rsquo;huile d&rsquo;olive extra vierge &#8211; 0.25L<\/strong><\/a><br data-start=\"2196\" data-end=\"2199\">Go\u00fbt vif et \u00e9pic\u00e9, id\u00e9al pour la pizza, la bruschetta, les plats de p\u00e2tes et les viandes grill\u00e9es.<\/li>\n<\/ul>\n<h3 data-section-id=\"km7elh\" data-start=\"2287\" data-end=\"2319\">Pourquoi choisir cette bo\u00eete ?<\/h3>\n<ul data-start=\"2320\" data-end=\"2564\">\n<li data-section-id=\"e04oax\" data-start=\"2320\" data-end=\"2382\">S\u00e9lection d&rsquo;<strong data-start=\"2343\" data-end=\"2382\">huile d&rsquo;olive extra vierge des Pouilles de<\/strong> premi\u00e8re qualit\u00e9<\/li>\n<li data-section-id=\"104bk2w\" data-start=\"2383\" data-end=\"2413\">Monoculture de haute qualit\u00e9<\/li>\n<li data-section-id=\"1ywqhat\" data-start=\"2414\" data-end=\"2448\">Assaisonnements naturels aromatis\u00e9s<\/li>\n<li data-section-id=\"dqv5z4\" data-start=\"2449\" data-end=\"2484\">Parfait comme cadeau gastronomique<\/li>\n<li data-section-id=\"1ea6ruz\" data-start=\"2485\" data-end=\"2532\">Id\u00e9al pour les d\u00e9gustations et les accords gourmands<\/li>\n<li data-section-id=\"1bj340v\" data-start=\"2533\" data-end=\"2564\">Produit artisanal italien<\/li>\n<\/ul>\n<p data-start=\"2566\" data-end=\"2714\">Apportez le vrai go\u00fbt des Pouilles \u00e0 votre table avec une s\u00e9lection unique d&rsquo;<strong data-start=\"2636\" data-end=\"2666\">huile d&rsquo;olive extra vierge<\/strong> con\u00e7ue pour rehausser chaque exp\u00e9rience culinaire.<\/p>\n","protected":false},"excerpt":{"rendered":"<p data-start=\"1064\" data-end=\"1315\">Un coffret alliant tradition et cr\u00e9ativit\u00e9. Les deux bouteilles d&rsquo;huile monocultivar t\u00e9moignent de la puret\u00e9 des diff\u00e9rentes vari\u00e9t\u00e9s d&rsquo;olives, tandis que les deux vinaigrettes aromatis\u00e9es apportent une touche innovante et surprenante. <\/p>\n<p data-start=\"1317\" data-end=\"1509\">Parfait pour ceux qui aiment exp\u00e9rimenter en cuisine, ce coffret vous permet de varier les saveurs authentiques et les combinaisons aromatiques, id\u00e9ales pour assaisonner, mariner ou terminer une pr\u00e9paration avec style.<\/p>\n","protected":false},"featured_media":2000002376,"template":"","meta":[],"product_brand":[46],"product_cat":[109],"product_tag":[],"class_list":{"0":"post-2000002387","1":"product","2":"type-product","3":"status-publish","4":"has-post-thumbnail","6":"product_brand-frantoio-congedi","7":"product_cat-idees-de-cadeaux","9":"first","10":"instock","11":"taxable","12":"shipping-taxable","13":"purchasable","14":"product-type-simple"},"jetpack_sharing_enabled":true,"_links":{"self":[{"href":"https:\/\/frantoiocongedi.com\/fr\/wp-json\/wp\/v2\/product\/2000002387","targetHints":{"allow":["GET"]}}],"collection":[{"href":"https:\/\/frantoiocongedi.com\/fr\/wp-json\/wp\/v2\/product"}],"about":[{"href":"https:\/\/frantoiocongedi.com\/fr\/wp-json\/wp\/v2\/types\/product"}],"version-history":[{"count":1,"href":"https:\/\/frantoiocongedi.com\/fr\/wp-json\/wp\/v2\/product\/2000002387\/revisions"}],"predecessor-version":[{"id":2000002396,"href":"https:\/\/frantoiocongedi.com\/fr\/wp-json\/wp\/v2\/product\/2000002387\/revisions\/2000002396"}],"wp:featuredmedia":[{"embeddable":true,"href":"https:\/\/frantoiocongedi.com\/fr\/wp-json\/wp\/v2\/media\/2000002376"}],"wp:attachment":[{"href":"https:\/\/frantoiocongedi.com\/fr\/wp-json\/wp\/v2\/media?parent=2000002387"}],"wp:term":[{"taxonomy":"product_brand","embeddable":true,"href":"https:\/\/frantoiocongedi.com\/fr\/wp-json\/wp\/v2\/product_brand?post=2000002387"},{"taxonomy":"product_cat","embeddable":true,"href":"https:\/\/frantoiocongedi.com\/fr\/wp-json\/wp\/v2\/product_cat?post=2000002387"},{"taxonomy":"product_tag","embeddable":true,"href":"https:\/\/frantoiocongedi.com\/fr\/wp-json\/wp\/v2\/product_tag?post=2000002387"}],"curies":[{"name":"wp","href":"https:\/\/api.w.org\/{rel}","templated":true}]}}