{"id":2000002394,"date":"2026-05-06T13:12:10","date_gmt":"2026-05-06T13:12:10","guid":{"rendered":"https:\/\/frantoiocongedi.com\/prodotto\/huile-dolive-vierge-extra-evo\/"},"modified":"2026-05-06T14:44:23","modified_gmt":"2026-05-06T14:44:23","slug":"huile-dolive-vierge-extra-evo","status":"publish","type":"product","link":"https:\/\/frantoiocongedi.com\/fr\/prodotto\/huile-dolive-vierge-extra-evo\/","title":{"rendered":"Huile d&rsquo;olive vierge extra EVO"},"content":{"rendered":"<h1 data-section-id=\"hopup5\" data-start=\"313\" data-end=\"366\">Bo\u00eete AOP et Monocultivar &#8211; Huile d&rsquo;olive vierge extra EVO<\/h1>\n<p data-start=\"368\" data-end=\"515\">Box DOP et Monocultivar, un voyage \u00e0 travers l&rsquo;excellence de l&rsquo;huile d&rsquo;olive des Pouilles dans un \u00e9l\u00e9gant coffret con\u00e7u pour les vrais amateurs d&rsquo;<strong data-start=\"484\" data-end=\"514\">huile d&rsquo;olive vierge extra.<\/strong><\/p>\n<p data-start=\"517\" data-end=\"755\">Le <strong data-start=\"520\" data-end=\"575\">coffret Tesori di Puglia &#8211; Selezione DOP &amp; Monocultivar<\/strong> propose quatre belles expressions d&rsquo;huile AVE des Pouilles : une s\u00e9lection id\u00e9ale pour d\u00e9guster les ar\u00f4mes, les parfums et les caract\u00e9ristiques des cultivars les plus repr\u00e9sentatifs du territoire.<\/p>\n<p data-start=\"757\" data-end=\"899\">Parfait comme cadeau gastronomique, pour des d\u00e9gustations ou pour enrichir n&rsquo;importe quel plat avec la qualit\u00e9 authentique de l&rsquo;huile d&rsquo;olive extra vierge italienne.<\/p>\n<h3 data-section-id=\"x1iacd\" data-start=\"901\" data-end=\"921\">La bo\u00eete contient :<\/h3>\n<ul data-start=\"922\" data-end=\"1477\">\n<li data-section-id=\"173xyok\" data-start=\"922\" data-end=\"1079\"><a href=\"https:\/\/frantoiocongedi.com\/fr\/prodotto\/huile-dolive-vierge-extra-aop-terra-dotranto-050-l\/\" target=\"_blank\" rel=\"noopener\"><strong data-start=\"924\" data-end=\"982\">Terra d&rsquo;Otranto Huile d&rsquo;olive vierge extra AOP &#8211; 0.25L<\/strong><\/a><br data-start=\"982\" data-end=\"985\">Une huile certifi\u00e9e AOP au go\u00fbt harmonieux et authentique, symbole de la tradition salentine.<\/li>\n<li data-section-id=\"1tqb0j9\" data-start=\"1081\" data-end=\"1202\"><a href=\"https:\/\/frantoiocongedi.com\/fr\/prodotto\/huile-dolive-vierge-extra-monocultivar-ogliarola-050-l\/\"><strong data-start=\"1083\" data-end=\"1144\">Huile d&rsquo;olive vierge extra Monocultivar Ogliarola &#8211; 0.25L<\/strong><\/a><br data-start=\"1144\" data-end=\"1147\">D\u00e9licate et \u00e9quilibr\u00e9e, avec des notes douces et fruit\u00e9es.<\/li>\n<li data-section-id=\"1mwftvg\" data-start=\"1204\" data-end=\"1343\"><a href=\"https:\/\/frantoiocongedi.com\/fr\/prodotto\/huile-dolive-vierge-extra-monocultivar-favolosa-050-l\/\"><strong data-start=\"1206\" data-end=\"1266\">Huile d&rsquo;olive vierge extra Monocultivar Favolosa &#8211; 0.25L<\/strong><\/a><br data-start=\"1266\" data-end=\"1269\">El\u00e9gante et polyvalente, id\u00e9ale pour rehausser les plats l\u00e9gers et m\u00e9diterran\u00e9ens.<\/li>\n<li data-section-id=\"1cryv9x\" data-start=\"1345\" data-end=\"1477\"><a href=\"https:\/\/frantoiocongedi.com\/fr\/prodotto\/huile-dolive-vierge-extra-monocultivar-0-5-lt-coratina\/\"><strong data-start=\"1347\" data-end=\"1407\">Huile d&rsquo;olive vierge extra Monocultivar Coratina &#8211; 0.25L<\/strong><\/a><br data-start=\"1407\" data-end=\"1410\">Intense et d\u00e9cisive, caract\u00e9ris\u00e9e par un go\u00fbt riche et persistant.<\/li>\n<\/ul>\n<h3 data-section-id=\"km7elh\" data-start=\"1479\" data-end=\"1511\">Pourquoi choisir cette bo\u00eete ?<\/h3>\n<ul data-start=\"1512\" data-end=\"1740\">\n<li data-section-id=\"153n4eh\" data-start=\"1512\" data-end=\"1570\">S\u00e9lection d&rsquo;huile d&rsquo;olive extra vierge des Pouilles de premi\u00e8re qualit\u00e9<\/li>\n<li data-section-id=\"xm9s12\" data-start=\"1571\" data-end=\"1609\">Comprend l&rsquo;huile EVO Terra d&rsquo;Otranto AOP<\/li>\n<li data-section-id=\"vn6tal\" data-start=\"1610\" data-end=\"1646\">Monocultures fines et authentiques<\/li>\n<li data-section-id=\"1tu4c4y\" data-start=\"1647\" data-end=\"1680\">Id\u00e9al pour les d\u00e9gustations gastronomiques<\/li>\n<li data-section-id=\"xmc9j0\" data-start=\"1681\" data-end=\"1708\">Parfait comme id\u00e9e de cadeau<\/li>\n<li data-section-id=\"1bj340v\" data-start=\"1709\" data-end=\"1740\">Produit artisanal italien<\/li>\n<\/ul>\n<p data-start=\"1742\" data-end=\"1891\">D\u00e9couvrez le go\u00fbt authentique des Pouilles \u00e0 travers une s\u00e9lection exclusive d&rsquo;<strong data-start=\"1819\" data-end=\"1849\">huile d&rsquo;olive extra vierge de<\/strong> haute qualit\u00e9 de Frantoio Congedi.<\/p>\n","protected":false},"excerpt":{"rendered":"<p data-start=\"337\" data-end=\"664\">Ce coffret est destin\u00e9 \u00e0 ceux qui souhaitent d\u00e9couvrir le monde de l&rsquo;huile d&rsquo;olive vierge extra \u00e0 travers la qualit\u00e9 et l&rsquo;identit\u00e9 territoriale. Vous y trouverez une huile AOP, expression certifi\u00e9e de l&rsquo;origine et de la tradition, accompagn\u00e9e de trois monocultures, chacune obtenue \u00e0 partir d&rsquo;une seule vari\u00e9t\u00e9 d&rsquo;olive. <\/p>\n<p data-start=\"666\" data-end=\"872\">Chaque bouteille offre un profil aromatique unique : d&rsquo;un fruit\u00e9 d\u00e9licat \u00e0 des notes plus intenses et structur\u00e9es. Id\u00e9al pour les d\u00e9gustations guid\u00e9es, les accords mets-vins ou comme cadeau raffin\u00e9 pour les vrais passionn\u00e9s. <\/p>\n","protected":false},"featured_media":2000002370,"template":"","meta":[],"product_brand":[46],"product_cat":[128,109],"product_tag":[],"class_list":{"0":"post-2000002394","1":"product","2":"type-product","3":"status-publish","4":"has-post-thumbnail","6":"product_brand-frantoio-congedi","7":"product_cat-huile","8":"product_cat-idees-de-cadeaux","10":"first","11":"instock","12":"taxable","13":"shipping-taxable","14":"purchasable","15":"product-type-simple"},"jetpack_sharing_enabled":true,"_links":{"self":[{"href":"https:\/\/frantoiocongedi.com\/fr\/wp-json\/wp\/v2\/product\/2000002394","targetHints":{"allow":["GET"]}}],"collection":[{"href":"https:\/\/frantoiocongedi.com\/fr\/wp-json\/wp\/v2\/product"}],"about":[{"href":"https:\/\/frantoiocongedi.com\/fr\/wp-json\/wp\/v2\/types\/product"}],"version-history":[{"count":1,"href":"https:\/\/frantoiocongedi.com\/fr\/wp-json\/wp\/v2\/product\/2000002394\/revisions"}],"predecessor-version":[{"id":2000002400,"href":"https:\/\/frantoiocongedi.com\/fr\/wp-json\/wp\/v2\/product\/2000002394\/revisions\/2000002400"}],"wp:featuredmedia":[{"embeddable":true,"href":"https:\/\/frantoiocongedi.com\/fr\/wp-json\/wp\/v2\/media\/2000002370"}],"wp:attachment":[{"href":"https:\/\/frantoiocongedi.com\/fr\/wp-json\/wp\/v2\/media?parent=2000002394"}],"wp:term":[{"taxonomy":"product_brand","embeddable":true,"href":"https:\/\/frantoiocongedi.com\/fr\/wp-json\/wp\/v2\/product_brand?post=2000002394"},{"taxonomy":"product_cat","embeddable":true,"href":"https:\/\/frantoiocongedi.com\/fr\/wp-json\/wp\/v2\/product_cat?post=2000002394"},{"taxonomy":"product_tag","embeddable":true,"href":"https:\/\/frantoiocongedi.com\/fr\/wp-json\/wp\/v2\/product_tag?post=2000002394"}],"curies":[{"name":"wp","href":"https:\/\/api.w.org\/{rel}","templated":true}]}}