{"id":3677,"date":"2025-06-18T11:37:38","date_gmt":"2025-06-18T11:37:38","guid":{"rendered":"https:\/\/frantoiocongedi.com\/product\/boite-en-gres-salentino\/"},"modified":"2026-04-14T17:11:33","modified_gmt":"2026-04-14T17:11:33","slug":"boite-en-gres-salentino","status":"publish","type":"product","link":"https:\/\/frantoiocongedi.com\/fr\/prodotto\/boite-en-gres-salentino\/","title":{"rendered":"BO\u00ceTE EN GR\u00c8S SALENTINO"},"content":{"rendered":"<h2>BO\u00ceTE EN GR\u00c8S SALENTINO<\/h2>\n<p><strong>Go\u00fbtez \u00e0 l&rsquo;excellence des produits Congedi  <\/strong><\/p>\n<p>Contient :<\/p>\n<ul>\n<li>DEN\u00d2 &#8211; HUILE D&rsquo;OLIVE EXTRA VIERGE D\u00c9NOYAUT\u00c9E &#8211; 0,5L<\/li>\n<li>100 GRAND CRU &#8211; HUILE D&rsquo;OLIVE VIERGE EXTRA &#8211; 0,5L<\/li>\n<li>OLIVES TERMITES DE BITETTO &#8211; 230 G<\/li>\n<li>OLIVES LECCINES D\u00c9NOYAUT\u00c9ES \u00c0 L&rsquo;HUILE D&rsquo;OLIVE EXTRA VIERGE &#8211; 230 G<\/li>\n<li>CR\u00c8ME D&rsquo;OLIVES NOIRES \u00c0 L&rsquo;HUILE D&rsquo;OLIVE EXTRA VIERGE &#8211; 220 G<\/li>\n<\/ul>\n","protected":false},"excerpt":{"rendered":"<h2>BO\u00ceTE EN GR\u00c8S SALENTINO<\/h2>\n<p><strong>Go\u00fbtez \u00e0 l&rsquo;excellence des produits Congedi  <\/strong><\/p>\n<p>Contient :<\/p>\n<ul>\n<li>DEN\u00d2 &#8211; HUILE D&rsquo;OLIVE EXTRA VIERGE D\u00c9NOYAUT\u00c9E &#8211; 0,5L<\/li>\n<li>100 GRAND CRU &#8211; HUILE D&rsquo;OLIVE VIERGE EXTRA &#8211; 0,5L<\/li>\n<li>OLIVES TERMITES DE BITETTO &#8211; 230 G<\/li>\n<li>OLIVES LECCINES D\u00c9NOYAUT\u00c9ES \u00c0 L&rsquo;HUILE D&rsquo;OLIVE EXTRA VIERGE &#8211; 230 G<\/li>\n<li>CR\u00c8ME D&rsquo;OLIVES NOIRES \u00c0 L&rsquo;HUILE D&rsquo;OLIVE EXTRA VIERGE &#8211; 220 G<\/li>\n<\/ul>\n","protected":false},"featured_media":3681,"template":"","meta":[],"product_brand":[46],"product_cat":[109],"product_tag":[],"class_list":{"0":"post-3677","1":"product","2":"type-product","3":"status-publish","4":"has-post-thumbnail","6":"product_brand-frantoio-congedi","7":"product_cat-idees-de-cadeaux","9":"first","10":"instock","11":"taxable","12":"shipping-taxable","13":"purchasable","14":"product-type-simple"},"jetpack_sharing_enabled":true,"_links":{"self":[{"href":"https:\/\/frantoiocongedi.com\/fr\/wp-json\/wp\/v2\/product\/3677","targetHints":{"allow":["GET"]}}],"collection":[{"href":"https:\/\/frantoiocongedi.com\/fr\/wp-json\/wp\/v2\/product"}],"about":[{"href":"https:\/\/frantoiocongedi.com\/fr\/wp-json\/wp\/v2\/types\/product"}],"version-history":[{"count":1,"href":"https:\/\/frantoiocongedi.com\/fr\/wp-json\/wp\/v2\/product\/3677\/revisions"}],"predecessor-version":[{"id":2000001584,"href":"https:\/\/frantoiocongedi.com\/fr\/wp-json\/wp\/v2\/product\/3677\/revisions\/2000001584"}],"wp:featuredmedia":[{"embeddable":true,"href":"https:\/\/frantoiocongedi.com\/fr\/wp-json\/wp\/v2\/media\/3681"}],"wp:attachment":[{"href":"https:\/\/frantoiocongedi.com\/fr\/wp-json\/wp\/v2\/media?parent=3677"}],"wp:term":[{"taxonomy":"product_brand","embeddable":true,"href":"https:\/\/frantoiocongedi.com\/fr\/wp-json\/wp\/v2\/product_brand?post=3677"},{"taxonomy":"product_cat","embeddable":true,"href":"https:\/\/frantoiocongedi.com\/fr\/wp-json\/wp\/v2\/product_cat?post=3677"},{"taxonomy":"product_tag","embeddable":true,"href":"https:\/\/frantoiocongedi.com\/fr\/wp-json\/wp\/v2\/product_tag?post=3677"}],"curies":[{"name":"wp","href":"https:\/\/api.w.org\/{rel}","templated":true}]}}