{"id":3685,"date":"2025-06-18T11:30:25","date_gmt":"2025-06-18T11:30:25","guid":{"rendered":"https:\/\/frantoiocongedi.com\/product\/congedi-majoliche-igp-salento-vermentino-bianco\/"},"modified":"2025-06-18T11:30:25","modified_gmt":"2025-06-18T11:30:25","slug":"congedi-majoliche-igp-salento-vermentino-bianco","status":"publish","type":"product","link":"https:\/\/frantoiocongedi.com\/fr\/prodotto\/congedi-majoliche-igp-salento-vermentino-bianco\/","title":{"rendered":"Congedi Majoliche &#8211; IGP Salento Vermentino Bianco"},"content":{"rendered":"<p>VIN BLANC VERMENTINO DU SALENTO<\/p>\n<p><strong><em>Classification du vin<\/em><\/strong><strong>IGT SALENTO BIANCO<br \/>\n<em>Zone de production<\/em><\/strong>: Salento<br \/>\n<strong><em>Raisins<\/em><\/strong>Vermentino 100% : Vermentino 100% : Vermentino 100% : Vermentino 100% : Vermentino<br \/>\n<strong><em>Titre alcoom\u00e9trique<\/em><\/strong>12,50 % vol.<\/p>\n<p><strong>Notes de d\u00e9gustation<\/strong><\/p>\n<p><strong><em>Couleur<\/em><\/strong>Jaune paille, l\u00e9gers reflets verd\u00e2tres<br \/>\n<strong><em>Ar\u00f4mes<\/em><\/strong>tr\u00e8s intense avec des notes d\u00e9licates d&rsquo;agrumes, de sauge et d&rsquo;herbes m\u00e9diterran\u00e9ennes<br \/>\n<strong><em>En bouche<\/em><\/strong>: harmonieuse et savoureuse, avec une agr\u00e9able note min\u00e9rale.<br \/>\n<strong><em>Temp\u00e9rature de service<\/em><\/strong>: 10-12\u00b0C<br \/>\n<strong><em>Accords<\/em><\/strong>: se marie tr\u00e8s bien avec les plats de poissons et de crustac\u00e9s.<\/p>\n","protected":false},"excerpt":{"rendered":"<p>VIN BLANC VERMENTINO DU SALENTO Classification du vinIGT SALENTO BIANCO Zone de production: Salento RaisinsVermentino 100% : Vermentino 100% :<\/p>\n","protected":false},"featured_media":3688,"template":"","meta":[],"product_brand":[46],"product_cat":[107,113],"product_tag":[],"class_list":{"0":"post-3685","1":"product","2":"type-product","3":"status-publish","4":"has-post-thumbnail","6":"product_brand-frantoio-congedi","7":"product_cat-le-garde-manger","8":"product_cat-le-vin","10":"first","11":"outofstock","12":"taxable","13":"shipping-taxable","14":"purchasable","15":"product-type-simple"},"jetpack_sharing_enabled":true,"_links":{"self":[{"href":"https:\/\/frantoiocongedi.com\/fr\/wp-json\/wp\/v2\/product\/3685","targetHints":{"allow":["GET"]}}],"collection":[{"href":"https:\/\/frantoiocongedi.com\/fr\/wp-json\/wp\/v2\/product"}],"about":[{"href":"https:\/\/frantoiocongedi.com\/fr\/wp-json\/wp\/v2\/types\/product"}],"version-history":[{"count":0,"href":"https:\/\/frantoiocongedi.com\/fr\/wp-json\/wp\/v2\/product\/3685\/revisions"}],"wp:featuredmedia":[{"embeddable":true,"href":"https:\/\/frantoiocongedi.com\/fr\/wp-json\/wp\/v2\/media\/3688"}],"wp:attachment":[{"href":"https:\/\/frantoiocongedi.com\/fr\/wp-json\/wp\/v2\/media?parent=3685"}],"wp:term":[{"taxonomy":"product_brand","embeddable":true,"href":"https:\/\/frantoiocongedi.com\/fr\/wp-json\/wp\/v2\/product_brand?post=3685"},{"taxonomy":"product_cat","embeddable":true,"href":"https:\/\/frantoiocongedi.com\/fr\/wp-json\/wp\/v2\/product_cat?post=3685"},{"taxonomy":"product_tag","embeddable":true,"href":"https:\/\/frantoiocongedi.com\/fr\/wp-json\/wp\/v2\/product_tag?post=3685"}],"curies":[{"name":"wp","href":"https:\/\/api.w.org\/{rel}","templated":true}]}}