{"id":3689,"date":"2025-06-18T11:35:55","date_gmt":"2025-06-18T11:35:55","guid":{"rendered":"https:\/\/frantoiocongedi.com\/product\/boite-tramontane-salentine\/"},"modified":"2026-04-15T16:59:54","modified_gmt":"2026-04-15T16:59:54","slug":"boite-tramontane-salentine","status":"publish","type":"product","link":"https:\/\/frantoiocongedi.com\/fr\/prodotto\/boite-tramontane-salentine\/","title":{"rendered":"BO\u00ceTE TRAMONTANE SALENTINE"},"content":{"rendered":"<h2><strong>BO\u00ceTE TRAMONTANE SALENTINE<\/strong><\/h2>\n<p><strong>Offrez un ap\u00e9ritif aux saveurs du Salento.<\/strong><\/p>\n<p>Contient :<\/p>\n<ul>\n<li>CONGEDI MAJOLICHE &#8211; IGP SALENTO PRIMITIVO ROSSO<\/li>\n<li>FENNEL TARALLI<\/li>\n<li>OLIVES LECCINES D\u00c9NOYAUT\u00c9ES \u00c0 L&rsquo;HUILE D&rsquo;OLIVE EXTRA VIERGE<\/li>\n<li>CR\u00c8ME D&rsquo;OLIVES NOIRES \u00c0 L&rsquo;HUILE D&rsquo;OLIVE EXTRA VIERGE<\/li>\n<li>TOMATES CERISES S\u00c9CH\u00c9ES AU SOLEIL DANS DE L&rsquo;HUILE D&rsquo;OLIVE EXTRA VIERGE<\/li>\n<\/ul>\n","protected":false},"excerpt":{"rendered":"<h2><strong>BO\u00ceTE TRAMONTANE SALENTINE<\/strong><\/h2>\n<p><strong>Offrez un ap\u00e9ritif aux saveurs du Salento.<\/strong><\/p>\n<p>Contient :<\/p>\n<ul>\n<li>CONGEDI MAJOLICHE &#8211; IGP SALENTO VINO PRIMITIVO ROSSO<\/li>\n<li>FENNEL TARALLI<\/li>\n<li>OLIVES LECCINES D\u00c9NOYAUT\u00c9ES \u00c0 L&rsquo;HUILE D&rsquo;OLIVE EXTRA VIERGE<\/li>\n<li>CR\u00c8ME D&rsquo;OLIVES NOIRES \u00c0 L&rsquo;HUILE D&rsquo;OLIVE EXTRA VIERGE<\/li>\n<li>TOMATES CERISES S\u00c9CH\u00c9ES AU SOLEIL DANS DE L&rsquo;HUILE D&rsquo;OLIVE EXTRA VIERGE<\/li>\n<\/ul>\n","protected":false},"featured_media":3697,"template":"","meta":[],"product_brand":[46],"product_cat":[109],"product_tag":[],"class_list":{"0":"post-3689","1":"product","2":"type-product","3":"status-publish","4":"has-post-thumbnail","6":"product_brand-frantoio-congedi","7":"product_cat-idees-de-cadeaux","9":"first","10":"instock","11":"taxable","12":"shipping-taxable","13":"purchasable","14":"product-type-simple"},"jetpack_sharing_enabled":true,"_links":{"self":[{"href":"https:\/\/frantoiocongedi.com\/fr\/wp-json\/wp\/v2\/product\/3689","targetHints":{"allow":["GET"]}}],"collection":[{"href":"https:\/\/frantoiocongedi.com\/fr\/wp-json\/wp\/v2\/product"}],"about":[{"href":"https:\/\/frantoiocongedi.com\/fr\/wp-json\/wp\/v2\/types\/product"}],"version-history":[{"count":2,"href":"https:\/\/frantoiocongedi.com\/fr\/wp-json\/wp\/v2\/product\/3689\/revisions"}],"predecessor-version":[{"id":2000001818,"href":"https:\/\/frantoiocongedi.com\/fr\/wp-json\/wp\/v2\/product\/3689\/revisions\/2000001818"}],"wp:featuredmedia":[{"embeddable":true,"href":"https:\/\/frantoiocongedi.com\/fr\/wp-json\/wp\/v2\/media\/3697"}],"wp:attachment":[{"href":"https:\/\/frantoiocongedi.com\/fr\/wp-json\/wp\/v2\/media?parent=3689"}],"wp:term":[{"taxonomy":"product_brand","embeddable":true,"href":"https:\/\/frantoiocongedi.com\/fr\/wp-json\/wp\/v2\/product_brand?post=3689"},{"taxonomy":"product_cat","embeddable":true,"href":"https:\/\/frantoiocongedi.com\/fr\/wp-json\/wp\/v2\/product_cat?post=3689"},{"taxonomy":"product_tag","embeddable":true,"href":"https:\/\/frantoiocongedi.com\/fr\/wp-json\/wp\/v2\/product_tag?post=3689"}],"curies":[{"name":"wp","href":"https:\/\/api.w.org\/{rel}","templated":true}]}}