{"id":3712,"date":"2025-06-18T11:27:35","date_gmt":"2025-06-18T11:27:35","guid":{"rendered":"https:\/\/frantoiocongedi.com\/product\/bitetto-termite-olives\/"},"modified":"2026-04-18T17:25:19","modified_gmt":"2026-04-18T17:25:19","slug":"bitetto-termite-olives","status":"publish","type":"product","link":"https:\/\/frantoiocongedi.com\/fr\/prodotto\/bitetto-termite-olives\/","title":{"rendered":"Bitetto Termite Olives"},"content":{"rendered":"<p>Obtenu \u00e0 partir de la meilleure s\u00e9lection d&rsquo;olives, tr\u00e8s communes \u00e0 Salento dans les Pouilles, conserv\u00e9es dans de l&rsquo;huile d&rsquo;olive extra vierge de Salento. Excellent avec les ap\u00e9ritifs, les p\u00e2tes et les l\u00e9gumes bouillis.<br \/>\nConditionn\u00e9 en bocaux de 230 g. <\/p>\n","protected":false},"excerpt":{"rendered":"<p>Obtenue \u00e0 partir de la meilleure s\u00e9lection d&rsquo;olives r\u00e9pandues dans le Salento des Pouilles, conserv\u00e9e dans l&rsquo;huile d&rsquo;olive extra vierge CONGEDI. Excellent avec les ap\u00e9ritifs, les p\u00e2tes et les l\u00e9gumes bouillis. <\/p>\n<p>Conditionn\u00e9 en pot de 220 g<\/p>\n","protected":false},"featured_media":3714,"template":"","meta":[],"product_brand":[46],"product_cat":[107,115],"product_tag":[],"class_list":{"0":"post-3712","1":"product","2":"type-product","3":"status-publish","4":"has-post-thumbnail","6":"product_brand-frantoio-congedi","7":"product_cat-le-garde-manger","8":"product_cat-sottoli","10":"first","11":"instock","12":"taxable","13":"shipping-taxable","14":"purchasable","15":"product-type-simple"},"jetpack_sharing_enabled":true,"_links":{"self":[{"href":"https:\/\/frantoiocongedi.com\/fr\/wp-json\/wp\/v2\/product\/3712","targetHints":{"allow":["GET"]}}],"collection":[{"href":"https:\/\/frantoiocongedi.com\/fr\/wp-json\/wp\/v2\/product"}],"about":[{"href":"https:\/\/frantoiocongedi.com\/fr\/wp-json\/wp\/v2\/types\/product"}],"version-history":[{"count":1,"href":"https:\/\/frantoiocongedi.com\/fr\/wp-json\/wp\/v2\/product\/3712\/revisions"}],"predecessor-version":[{"id":2000001939,"href":"https:\/\/frantoiocongedi.com\/fr\/wp-json\/wp\/v2\/product\/3712\/revisions\/2000001939"}],"wp:featuredmedia":[{"embeddable":true,"href":"https:\/\/frantoiocongedi.com\/fr\/wp-json\/wp\/v2\/media\/3714"}],"wp:attachment":[{"href":"https:\/\/frantoiocongedi.com\/fr\/wp-json\/wp\/v2\/media?parent=3712"}],"wp:term":[{"taxonomy":"product_brand","embeddable":true,"href":"https:\/\/frantoiocongedi.com\/fr\/wp-json\/wp\/v2\/product_brand?post=3712"},{"taxonomy":"product_cat","embeddable":true,"href":"https:\/\/frantoiocongedi.com\/fr\/wp-json\/wp\/v2\/product_cat?post=3712"},{"taxonomy":"product_tag","embeddable":true,"href":"https:\/\/frantoiocongedi.com\/fr\/wp-json\/wp\/v2\/product_tag?post=3712"}],"curies":[{"name":"wp","href":"https:\/\/api.w.org\/{rel}","templated":true}]}}