{"id":3718,"date":"2025-06-18T11:25:17","date_gmt":"2025-06-18T11:25:17","guid":{"rendered":"https:\/\/frantoiocongedi.com\/product\/creme-dolives-noires-a-lhuile-dolive-extra-vierge\/"},"modified":"2025-06-18T11:25:17","modified_gmt":"2025-06-18T11:25:17","slug":"creme-dolives-noires-a-lhuile-dolive-extra-vierge","status":"publish","type":"product","link":"https:\/\/frantoiocongedi.com\/fr\/prodotto\/creme-dolives-noires-a-lhuile-dolive-extra-vierge\/","title":{"rendered":"Cr\u00e8me d&rsquo;olives noires \u00e0 l&rsquo;huile d&rsquo;olive extra vierge"},"content":{"rendered":"<p>Sauce \u00e0 base de cr\u00e8me d&rsquo;olives de cellulose dans de l&rsquo;huile d&rsquo;olive extra vierge du Salento. Excellente avec les ap\u00e9ritifs et les p\u00e2tes.<br \/>\nConditionn\u00e9e en bocaux de 230 g. <\/p>\n","protected":false},"excerpt":{"rendered":"<p>Sauce \u00e0 la cr\u00e8me d&rsquo;olive de Celline \u00e0 l&rsquo;huile d&rsquo;olive extra vierge CONGEDI. Excellent avec les ap\u00e9ritifs et les p\u00e2tes. <\/p>\n<p>Conditionn\u00e9 en pot de 220 g<\/p>\n","protected":false},"featured_media":3720,"template":"","meta":[],"product_brand":[46],"product_cat":[107,115],"product_tag":[],"class_list":{"0":"post-3718","1":"product","2":"type-product","3":"status-publish","4":"has-post-thumbnail","6":"product_brand-frantoio-congedi","7":"product_cat-le-garde-manger","8":"product_cat-sottoli","10":"first","11":"instock","12":"taxable","13":"shipping-taxable","14":"purchasable","15":"product-type-simple"},"jetpack_sharing_enabled":true,"_links":{"self":[{"href":"https:\/\/frantoiocongedi.com\/fr\/wp-json\/wp\/v2\/product\/3718","targetHints":{"allow":["GET"]}}],"collection":[{"href":"https:\/\/frantoiocongedi.com\/fr\/wp-json\/wp\/v2\/product"}],"about":[{"href":"https:\/\/frantoiocongedi.com\/fr\/wp-json\/wp\/v2\/types\/product"}],"version-history":[{"count":0,"href":"https:\/\/frantoiocongedi.com\/fr\/wp-json\/wp\/v2\/product\/3718\/revisions"}],"wp:featuredmedia":[{"embeddable":true,"href":"https:\/\/frantoiocongedi.com\/fr\/wp-json\/wp\/v2\/media\/3720"}],"wp:attachment":[{"href":"https:\/\/frantoiocongedi.com\/fr\/wp-json\/wp\/v2\/media?parent=3718"}],"wp:term":[{"taxonomy":"product_brand","embeddable":true,"href":"https:\/\/frantoiocongedi.com\/fr\/wp-json\/wp\/v2\/product_brand?post=3718"},{"taxonomy":"product_cat","embeddable":true,"href":"https:\/\/frantoiocongedi.com\/fr\/wp-json\/wp\/v2\/product_cat?post=3718"},{"taxonomy":"product_tag","embeddable":true,"href":"https:\/\/frantoiocongedi.com\/fr\/wp-json\/wp\/v2\/product_tag?post=3718"}],"curies":[{"name":"wp","href":"https:\/\/api.w.org\/{rel}","templated":true}]}}