{"id":3726,"date":"2025-06-18T11:24:32","date_gmt":"2025-06-18T11:24:32","guid":{"rendered":"https:\/\/frantoiocongedi.com\/product\/creme-de-tomates-sechees-a-lhuile-dolive-extra-vierge\/"},"modified":"2026-04-15T18:18:15","modified_gmt":"2026-04-15T18:18:15","slug":"creme-de-tomates-sechees-a-lhuile-dolive-extra-vierge","status":"publish","type":"product","link":"https:\/\/frantoiocongedi.com\/fr\/prodotto\/creme-de-tomates-sechees-a-lhuile-dolive-extra-vierge\/","title":{"rendered":"Cr\u00e8me de tomates s\u00e9ch\u00e9es \u00e0 l&rsquo;huile d&rsquo;olive extra vierge"},"content":{"rendered":"<p>Sauce \u00e0 base de tomates s\u00e9ch\u00e9es dans de l&rsquo;huile d&rsquo;olive extra vierge du Salento.<br \/>\nExcellent avec les ap\u00e9ritifs et les p\u00e2tes.<br \/>\nConditionn\u00e9 en bocaux de 230 g.<\/p>\n","protected":false},"excerpt":{"rendered":"<p>Sauce tomate s\u00e9ch\u00e9e \u00e0 l&rsquo;huile d&rsquo;olive extra vierge CONGEDI. Excellent avec les ap\u00e9ritifs et les p\u00e2tes. <\/p>\n<p>Conditionn\u00e9 en pot de 220 g<\/p>\n","protected":false},"featured_media":3728,"template":"","meta":[],"product_brand":[46],"product_cat":[107,115],"product_tag":[],"class_list":{"0":"post-3726","1":"product","2":"type-product","3":"status-publish","4":"has-post-thumbnail","6":"product_brand-frantoio-congedi","7":"product_cat-le-garde-manger","8":"product_cat-sottoli","10":"first","11":"instock","12":"taxable","13":"shipping-taxable","14":"purchasable","15":"product-type-simple"},"jetpack_sharing_enabled":true,"_links":{"self":[{"href":"https:\/\/frantoiocongedi.com\/fr\/wp-json\/wp\/v2\/product\/3726","targetHints":{"allow":["GET"]}}],"collection":[{"href":"https:\/\/frantoiocongedi.com\/fr\/wp-json\/wp\/v2\/product"}],"about":[{"href":"https:\/\/frantoiocongedi.com\/fr\/wp-json\/wp\/v2\/types\/product"}],"version-history":[{"count":1,"href":"https:\/\/frantoiocongedi.com\/fr\/wp-json\/wp\/v2\/product\/3726\/revisions"}],"predecessor-version":[{"id":2000001835,"href":"https:\/\/frantoiocongedi.com\/fr\/wp-json\/wp\/v2\/product\/3726\/revisions\/2000001835"}],"wp:featuredmedia":[{"embeddable":true,"href":"https:\/\/frantoiocongedi.com\/fr\/wp-json\/wp\/v2\/media\/3728"}],"wp:attachment":[{"href":"https:\/\/frantoiocongedi.com\/fr\/wp-json\/wp\/v2\/media?parent=3726"}],"wp:term":[{"taxonomy":"product_brand","embeddable":true,"href":"https:\/\/frantoiocongedi.com\/fr\/wp-json\/wp\/v2\/product_brand?post=3726"},{"taxonomy":"product_cat","embeddable":true,"href":"https:\/\/frantoiocongedi.com\/fr\/wp-json\/wp\/v2\/product_cat?post=3726"},{"taxonomy":"product_tag","embeddable":true,"href":"https:\/\/frantoiocongedi.com\/fr\/wp-json\/wp\/v2\/product_tag?post=3726"}],"curies":[{"name":"wp","href":"https:\/\/api.w.org\/{rel}","templated":true}]}}