{"id":3727,"date":"2025-06-18T11:26:11","date_gmt":"2025-06-18T11:26:11","guid":{"rendered":"https:\/\/frantoiocongedi.com\/product\/pack-shopper-vases-assortis\/"},"modified":"2025-06-18T11:26:11","modified_gmt":"2025-06-18T11:26:11","slug":"pack-shopper-vases-assortis","status":"publish","type":"product","link":"https:\/\/frantoiocongedi.com\/fr\/prodotto\/pack-shopper-vases-assortis\/","title":{"rendered":"Pack Shopper Vases assortis"},"content":{"rendered":"<p>&nbsp;<\/p>\n<div class=\"columns\">\n<div class=\"column main\">\n<div class=\"product info detailed\">\n<div class=\"product data items\" role=\"tablist\">\n<div id=\"description\" class=\"data item content\" role=\"tabpanel\" aria-labelledby=\"tab-label-description\" data-role=\"content\" aria-hidden=\"false\">\n<div class=\"product attribute description\">\n<div class=\"value\">\n<p>Bocaux assortis en paquet shopper<\/p>\n<\/div>\n<\/div>\n<\/div>\n<\/div>\n<\/div>\n<\/div>\n<\/div>\n<p>&nbsp;<\/p>\n<footer class=\"page-footer\">\n<div class=\"punti-di-forza\">\n<div class=\"footer content\">\n<div class=\"container-inner\">\n<div class=\"content-punti\">\n<div class=\"row puntidiforza text-center\"><\/div>\n<\/div>\n<\/div>\n<\/div>\n<\/div>\n<\/footer>\n","protected":false},"excerpt":{"rendered":"<p class=\"p1\"><strong>Contient :<\/strong><\/p>\n<ul>\n<li class=\"p1\">TRIO D&rsquo;OLIVES PIQUANTES D\u00c9NOYAUT\u00c9ES \u00c0 L&rsquo;HUILE D&rsquo;OLIVE EXTRA VIERGE<\/li>\n<li class=\"p1\">CR\u00c8ME D&rsquo;OLIVES NOIRES \u00c0 L&rsquo;HUILE D&rsquo;OLIVE EXTRA VIERGE<\/li>\n<li class=\"p1\">PESTO DE FEUILLES DE NAVET \u00c0 L&rsquo;HUILE D&rsquo;OLIVE EXTRA VIERGE<\/li>\n<\/ul>\n","protected":false},"featured_media":3730,"template":"","meta":[],"product_brand":[46],"product_cat":[109,107,115],"product_tag":[],"class_list":{"0":"post-3727","1":"product","2":"type-product","3":"status-publish","4":"has-post-thumbnail","6":"product_brand-frantoio-congedi","7":"product_cat-idees-de-cadeaux","8":"product_cat-le-garde-manger","9":"product_cat-sottoli","11":"first","12":"instock","13":"taxable","14":"shipping-taxable","15":"purchasable","16":"product-type-simple"},"jetpack_sharing_enabled":true,"_links":{"self":[{"href":"https:\/\/frantoiocongedi.com\/fr\/wp-json\/wp\/v2\/product\/3727","targetHints":{"allow":["GET"]}}],"collection":[{"href":"https:\/\/frantoiocongedi.com\/fr\/wp-json\/wp\/v2\/product"}],"about":[{"href":"https:\/\/frantoiocongedi.com\/fr\/wp-json\/wp\/v2\/types\/product"}],"version-history":[{"count":0,"href":"https:\/\/frantoiocongedi.com\/fr\/wp-json\/wp\/v2\/product\/3727\/revisions"}],"wp:featuredmedia":[{"embeddable":true,"href":"https:\/\/frantoiocongedi.com\/fr\/wp-json\/wp\/v2\/media\/3730"}],"wp:attachment":[{"href":"https:\/\/frantoiocongedi.com\/fr\/wp-json\/wp\/v2\/media?parent=3727"}],"wp:term":[{"taxonomy":"product_brand","embeddable":true,"href":"https:\/\/frantoiocongedi.com\/fr\/wp-json\/wp\/v2\/product_brand?post=3727"},{"taxonomy":"product_cat","embeddable":true,"href":"https:\/\/frantoiocongedi.com\/fr\/wp-json\/wp\/v2\/product_cat?post=3727"},{"taxonomy":"product_tag","embeddable":true,"href":"https:\/\/frantoiocongedi.com\/fr\/wp-json\/wp\/v2\/product_tag?post=3727"}],"curies":[{"name":"wp","href":"https:\/\/api.w.org\/{rel}","templated":true}]}}