{"id":3733,"date":"2025-06-18T11:22:26","date_gmt":"2025-06-18T11:22:26","guid":{"rendered":"https:\/\/frantoiocongedi.com\/product\/creme-de-piment-a-lhuile-vierge-extra\/"},"modified":"2026-04-15T18:20:54","modified_gmt":"2026-04-15T18:20:54","slug":"creme-de-piment-a-lhuile-vierge-extra","status":"publish","type":"product","link":"https:\/\/frantoiocongedi.com\/fr\/prodotto\/creme-de-piment-a-lhuile-vierge-extra\/","title":{"rendered":"Cr\u00e8me de piment \u00e0 l&rsquo;huile vierge extra"},"content":{"rendered":"<p>Sauce \u00e0 la cr\u00e8me au piment fort dans de l&rsquo;huile d&rsquo;olive extra vierge du Salento.<br \/>\nExcellent avec des ap\u00e9ritifs et des p\u00e2tes.<br \/>\nConditionn\u00e9 en bocaux de 230 g.<\/p>\n<p>La cr\u00e8me de piment CONGEDI est une sauce v\u00e9g\u00e9tale au piment dans de l&rsquo;huile d&rsquo;olive extra vierge, simple et facile \u00e0 pr\u00e9parer.<\/p>\n<p><strong>Sauce piment\u00e9e<\/strong> \u00e0 l&rsquo;huile d&rsquo;olive extra vierge. Un excellent condiment pour les l\u00e9gumes, les p\u00e2tes et les aliments frits. A d\u00e9guster \u00e0 l&rsquo;ap\u00e9ritif.  <\/p>\n<p>D\u00e9couvrez la recette pour l&rsquo;utiliser sur le site : <em>giallozafferano<\/em><\/p>\n<p data-pm-slice=\"1 1 []\">D\u00e9couvrez le go\u00fbt unique de la cr\u00e8me de piment \u00e0 l&rsquo;huile d&rsquo;olive extra vierge en l&rsquo;utilisant pour accompagner divers plats : poisson, viande, poulet, salades et p\u00e2tes farcies.<\/p>\n<p data-pm-slice=\"1 1 []\">Cette cr\u00e8me piment\u00e9e est \u00e9galement un assaisonnement parfait pour les viandes fum\u00e9es ou r\u00f4ties. Elle est particuli\u00e8rement adapt\u00e9e lorsque vous souhaitez pimenter votre vie avec une injection de saveur piquante, mais sans br\u00fblure. <\/p>\n<p>La cr\u00e8me piment\u00e9e \u00e0 l&rsquo;huile d&rsquo;olive extra vierge est une cr\u00e8me piment\u00e9e \u00e9paisse pour vos aliments. C&rsquo;est le condiment id\u00e9al pour la cuisine de tous les jours et il rendra vos plats extr\u00eamement \u00e9pic\u00e9s ! Ravissez vos invit\u00e9s avec cette cr\u00e8me d\u00e9licieusement \u00e9pic\u00e9e.  <\/p>\n<p>Notre cr\u00e8me de piment est fabriqu\u00e9e selon des m\u00e9thodes traditionnelles et artisanales pour produire une gamme de produits \u00e9pic\u00e9s au go\u00fbt r\u00e9gional authentique et \u00e0 haute valeur nutritionnelle.<\/p>\n<p>Les poivrons et les l\u00e9gumes sont cultiv\u00e9s, r\u00e9colt\u00e9s, m\u00fbris et coup\u00e9s. Le r\u00e9sultat est un produit fin et intense qui peut \u00eatre utilis\u00e9 comme huile d&rsquo;olive extra vierge ou comme condiment pour accompagner vos plats pr\u00e9f\u00e9r\u00e9s. <\/p>\n<p>Les piments sont l&rsquo;ingr\u00e9dient id\u00e9al pour donner une saveur particuli\u00e8re et unique \u00e0 vos plats. La cr\u00e8me de piment \u00e0 l&rsquo;huile d&rsquo;olive extra vierge est un produit savoureux dans le domaine des sauces au piment, des cr\u00e8mes au piment et des recettes au piment. <\/p>\n","protected":false},"excerpt":{"rendered":"<p>Sauce piment\u00e9e \u00e0 l&rsquo;huile d&rsquo;olive extra vierge CONGEDI. Excellent avec les ap\u00e9ritifs et les p\u00e2tes. <\/p>\n<p>Conditionn\u00e9 en pot de 220 g<\/p>\n","protected":false},"featured_media":3734,"template":"","meta":[],"product_brand":[46],"product_cat":[107,115],"product_tag":[],"class_list":{"0":"post-3733","1":"product","2":"type-product","3":"status-publish","4":"has-post-thumbnail","6":"product_brand-frantoio-congedi","7":"product_cat-le-garde-manger","8":"product_cat-sottoli","10":"first","11":"instock","12":"taxable","13":"shipping-taxable","14":"purchasable","15":"product-type-simple"},"jetpack_sharing_enabled":true,"_links":{"self":[{"href":"https:\/\/frantoiocongedi.com\/fr\/wp-json\/wp\/v2\/product\/3733","targetHints":{"allow":["GET"]}}],"collection":[{"href":"https:\/\/frantoiocongedi.com\/fr\/wp-json\/wp\/v2\/product"}],"about":[{"href":"https:\/\/frantoiocongedi.com\/fr\/wp-json\/wp\/v2\/types\/product"}],"version-history":[{"count":1,"href":"https:\/\/frantoiocongedi.com\/fr\/wp-json\/wp\/v2\/product\/3733\/revisions"}],"predecessor-version":[{"id":2000001837,"href":"https:\/\/frantoiocongedi.com\/fr\/wp-json\/wp\/v2\/product\/3733\/revisions\/2000001837"}],"wp:featuredmedia":[{"embeddable":true,"href":"https:\/\/frantoiocongedi.com\/fr\/wp-json\/wp\/v2\/media\/3734"}],"wp:attachment":[{"href":"https:\/\/frantoiocongedi.com\/fr\/wp-json\/wp\/v2\/media?parent=3733"}],"wp:term":[{"taxonomy":"product_brand","embeddable":true,"href":"https:\/\/frantoiocongedi.com\/fr\/wp-json\/wp\/v2\/product_brand?post=3733"},{"taxonomy":"product_cat","embeddable":true,"href":"https:\/\/frantoiocongedi.com\/fr\/wp-json\/wp\/v2\/product_cat?post=3733"},{"taxonomy":"product_tag","embeddable":true,"href":"https:\/\/frantoiocongedi.com\/fr\/wp-json\/wp\/v2\/product_tag?post=3733"}],"curies":[{"name":"wp","href":"https:\/\/api.w.org\/{rel}","templated":true}]}}