{"id":3736,"date":"2025-06-18T11:14:25","date_gmt":"2025-06-18T11:14:25","guid":{"rendered":"https:\/\/frantoiocongedi.com\/product\/bruschetta-mediterranea-a-lhuile-dolive-extra-vierge\/"},"modified":"2025-06-18T11:14:25","modified_gmt":"2025-06-18T11:14:25","slug":"bruschetta-mediterranea-a-lhuile-dolive-extra-vierge","status":"publish","type":"product","link":"https:\/\/frantoiocongedi.com\/fr\/prodotto\/bruschetta-mediterranea-a-lhuile-dolive-extra-vierge\/","title":{"rendered":"Bruschetta Mediterranea \u00e0 l&rsquo;huile d&rsquo;olive extra vierge"},"content":{"rendered":"<p>Condiment id\u00e9al pour les ap\u00e9ritifs et les cro\u00fbtons compos\u00e9s de carottes, de navets blancs, de c\u00e9leri, de poivrons, d&rsquo;oignons, de concombres et de choux-fleurs), d&rsquo;huile d&rsquo;olive extra vierge de Salento (production originale), d&rsquo;olives, de sel, de citron et d&rsquo;\u00e9pices naturelles.<br \/>\nConditionn\u00e9 en bocal de 220 g.<\/p>\n","protected":false},"excerpt":{"rendered":"<p>Condiment id\u00e9al pour les ap\u00e9ritifs et les cro\u00fbtons compos\u00e9s de carottes, de navets blancs, de c\u00e9leri, de poivrons, d&rsquo;oignons, de concombres et de choux-fleurs), d&rsquo;huile d&rsquo;olive extra vierge (\u00e0 l&rsquo;origine), d&rsquo;olives, de sel, de citron et d&rsquo;\u00e9pices naturelles<\/p>\n<p>Conditionn\u00e9 en bocal de 220 g<\/p>\n","protected":false},"featured_media":3738,"template":"","meta":[],"product_brand":[46],"product_cat":[107,115],"product_tag":[],"class_list":{"0":"post-3736","1":"product","2":"type-product","3":"status-publish","4":"has-post-thumbnail","6":"product_brand-frantoio-congedi","7":"product_cat-le-garde-manger","8":"product_cat-sottoli","10":"first","11":"instock","12":"taxable","13":"shipping-taxable","14":"purchasable","15":"product-type-simple"},"jetpack_sharing_enabled":true,"_links":{"self":[{"href":"https:\/\/frantoiocongedi.com\/fr\/wp-json\/wp\/v2\/product\/3736","targetHints":{"allow":["GET"]}}],"collection":[{"href":"https:\/\/frantoiocongedi.com\/fr\/wp-json\/wp\/v2\/product"}],"about":[{"href":"https:\/\/frantoiocongedi.com\/fr\/wp-json\/wp\/v2\/types\/product"}],"version-history":[{"count":0,"href":"https:\/\/frantoiocongedi.com\/fr\/wp-json\/wp\/v2\/product\/3736\/revisions"}],"wp:featuredmedia":[{"embeddable":true,"href":"https:\/\/frantoiocongedi.com\/fr\/wp-json\/wp\/v2\/media\/3738"}],"wp:attachment":[{"href":"https:\/\/frantoiocongedi.com\/fr\/wp-json\/wp\/v2\/media?parent=3736"}],"wp:term":[{"taxonomy":"product_brand","embeddable":true,"href":"https:\/\/frantoiocongedi.com\/fr\/wp-json\/wp\/v2\/product_brand?post=3736"},{"taxonomy":"product_cat","embeddable":true,"href":"https:\/\/frantoiocongedi.com\/fr\/wp-json\/wp\/v2\/product_cat?post=3736"},{"taxonomy":"product_tag","embeddable":true,"href":"https:\/\/frantoiocongedi.com\/fr\/wp-json\/wp\/v2\/product_tag?post=3736"}],"curies":[{"name":"wp","href":"https:\/\/api.w.org\/{rel}","templated":true}]}}