{"id":3741,"date":"2025-06-18T11:21:14","date_gmt":"2025-06-18T11:21:14","guid":{"rendered":"https:\/\/frantoiocongedi.com\/product\/trio-dolives-piquantes-denoyautees-a-lhuile-dolive-extra-vierge\/"},"modified":"2025-06-18T11:21:14","modified_gmt":"2025-06-18T11:21:14","slug":"trio-dolives-piquantes-denoyautees-a-lhuile-dolive-extra-vierge","status":"publish","type":"product","link":"https:\/\/frantoiocongedi.com\/fr\/prodotto\/trio-dolives-piquantes-denoyautees-a-lhuile-dolive-extra-vierge\/","title":{"rendered":"Trio d&rsquo;olives piquantes d\u00e9noyaut\u00e9es \u00e0 l&rsquo;huile d&rsquo;olive extra vierge"},"content":{"rendered":"<p>Obtenue \u00e0 partir de la meilleure s\u00e9lection d&rsquo;olives Leccine, Celline et Pecholine, tr\u00e8s r\u00e9pandues dans le Salento des Pouilles,<br \/>\nd\u00e9noyaut\u00e9es et conserv\u00e9es dans de l&rsquo;huile d&rsquo;olive extra vierge. Excellent avec les ap\u00e9ritifs et les p\u00e2tes.<br \/>\nConditionn\u00e9 en bocaux de 230 g. <\/p>\n","protected":false},"excerpt":{"rendered":"<p>Obtenue \u00e0 partir de la meilleure s\u00e9lection d&rsquo;olives Leccine, Celline et Pecholine, r\u00e9pandues dans le Salento des Pouilles, d\u00e9noyaut\u00e9es et conserv\u00e9es dans l&rsquo;huile d&rsquo;olive extra vierge CONGEDI. Excellent avec les ap\u00e9ritifs et les p\u00e2tes. <\/p>\n<p>Conditionn\u00e9 en pot de 220 g<\/p>\n","protected":false},"featured_media":3743,"template":"","meta":[],"product_brand":[46],"product_cat":[107,115],"product_tag":[],"class_list":{"0":"post-3741","1":"product","2":"type-product","3":"status-publish","4":"has-post-thumbnail","6":"product_brand-frantoio-congedi","7":"product_cat-le-garde-manger","8":"product_cat-sottoli","10":"first","11":"instock","12":"taxable","13":"shipping-taxable","14":"purchasable","15":"product-type-simple"},"jetpack_sharing_enabled":true,"_links":{"self":[{"href":"https:\/\/frantoiocongedi.com\/fr\/wp-json\/wp\/v2\/product\/3741","targetHints":{"allow":["GET"]}}],"collection":[{"href":"https:\/\/frantoiocongedi.com\/fr\/wp-json\/wp\/v2\/product"}],"about":[{"href":"https:\/\/frantoiocongedi.com\/fr\/wp-json\/wp\/v2\/types\/product"}],"version-history":[{"count":0,"href":"https:\/\/frantoiocongedi.com\/fr\/wp-json\/wp\/v2\/product\/3741\/revisions"}],"wp:featuredmedia":[{"embeddable":true,"href":"https:\/\/frantoiocongedi.com\/fr\/wp-json\/wp\/v2\/media\/3743"}],"wp:attachment":[{"href":"https:\/\/frantoiocongedi.com\/fr\/wp-json\/wp\/v2\/media?parent=3741"}],"wp:term":[{"taxonomy":"product_brand","embeddable":true,"href":"https:\/\/frantoiocongedi.com\/fr\/wp-json\/wp\/v2\/product_brand?post=3741"},{"taxonomy":"product_cat","embeddable":true,"href":"https:\/\/frantoiocongedi.com\/fr\/wp-json\/wp\/v2\/product_cat?post=3741"},{"taxonomy":"product_tag","embeddable":true,"href":"https:\/\/frantoiocongedi.com\/fr\/wp-json\/wp\/v2\/product_tag?post=3741"}],"curies":[{"name":"wp","href":"https:\/\/api.w.org\/{rel}","templated":true}]}}