{"id":3744,"date":"2025-06-18T11:13:13","date_gmt":"2025-06-18T11:13:13","guid":{"rendered":"https:\/\/frantoiocongedi.com\/product\/pesto-de-navets-a-lhuile-dolive-extra-vierge\/"},"modified":"2025-06-18T11:13:13","modified_gmt":"2025-06-18T11:13:13","slug":"pesto-de-navets-a-lhuile-dolive-extra-vierge","status":"publish","type":"product","link":"https:\/\/frantoiocongedi.com\/fr\/prodotto\/pesto-de-navets-a-lhuile-dolive-extra-vierge\/","title":{"rendered":"Pesto de navets \u00e0 l&rsquo;huile d&rsquo;olive extra vierge"},"content":{"rendered":"<p>Le pesto aux feuilles de navet est l&rsquo;un des plats typiques qui repr\u00e9sentent le mieux les Pouilles.<br \/>\nP\u00e2tes excellentes et rapides \u00e0 assaisonner, ainsi que les orecchiette typiques des Pouilles.<br \/>\nConditionn\u00e9 en pot de 220 g.<\/p>\n","protected":false},"excerpt":{"rendered":"<p>Le pesto aux fanes de navet est l&rsquo;une des typicit\u00e9s les plus repr\u00e9sentatives des Pouilles. Il est excellent et rapide pour assaisonner les p\u00e2tes ainsi que les orecchiette typiques des Pouilles. <\/p>\n<p>Conditionn\u00e9 en pot de 220 g<\/p>\n","protected":false},"featured_media":3747,"template":"","meta":[],"product_brand":[46],"product_cat":[107,115],"product_tag":[],"class_list":{"0":"post-3744","1":"product","2":"type-product","3":"status-publish","4":"has-post-thumbnail","6":"product_brand-frantoio-congedi","7":"product_cat-le-garde-manger","8":"product_cat-sottoli","10":"first","11":"instock","12":"taxable","13":"shipping-taxable","14":"purchasable","15":"product-type-simple"},"jetpack_sharing_enabled":true,"_links":{"self":[{"href":"https:\/\/frantoiocongedi.com\/fr\/wp-json\/wp\/v2\/product\/3744","targetHints":{"allow":["GET"]}}],"collection":[{"href":"https:\/\/frantoiocongedi.com\/fr\/wp-json\/wp\/v2\/product"}],"about":[{"href":"https:\/\/frantoiocongedi.com\/fr\/wp-json\/wp\/v2\/types\/product"}],"version-history":[{"count":0,"href":"https:\/\/frantoiocongedi.com\/fr\/wp-json\/wp\/v2\/product\/3744\/revisions"}],"wp:featuredmedia":[{"embeddable":true,"href":"https:\/\/frantoiocongedi.com\/fr\/wp-json\/wp\/v2\/media\/3747"}],"wp:attachment":[{"href":"https:\/\/frantoiocongedi.com\/fr\/wp-json\/wp\/v2\/media?parent=3744"}],"wp:term":[{"taxonomy":"product_brand","embeddable":true,"href":"https:\/\/frantoiocongedi.com\/fr\/wp-json\/wp\/v2\/product_brand?post=3744"},{"taxonomy":"product_cat","embeddable":true,"href":"https:\/\/frantoiocongedi.com\/fr\/wp-json\/wp\/v2\/product_cat?post=3744"},{"taxonomy":"product_tag","embeddable":true,"href":"https:\/\/frantoiocongedi.com\/fr\/wp-json\/wp\/v2\/product_tag?post=3744"}],"curies":[{"name":"wp","href":"https:\/\/api.w.org\/{rel}","templated":true}]}}