{"id":3749,"date":"2025-06-18T11:15:16","date_gmt":"2025-06-18T11:15:16","guid":{"rendered":"https:\/\/frantoiocongedi.com\/product\/olives-leccini-denoyautees-a-lhuile-dolive-extra-vierge\/"},"modified":"2025-06-18T11:15:16","modified_gmt":"2025-06-18T11:15:16","slug":"olives-leccini-denoyautees-a-lhuile-dolive-extra-vierge","status":"publish","type":"product","link":"https:\/\/frantoiocongedi.com\/fr\/prodotto\/olives-leccini-denoyautees-a-lhuile-dolive-extra-vierge\/","title":{"rendered":"Olives Leccini d\u00e9noyaut\u00e9es \u00e0 l&rsquo;huile d&rsquo;olive extra vierge"},"content":{"rendered":"<p>Obtenue \u00e0 partir de la meilleure s\u00e9lection d&rsquo;olives Leccine, tr\u00e8s r\u00e9pandues dans le Salento des Pouilles, d\u00e9noyaut\u00e9es et conserv\u00e9es<br \/>\ndans de l&rsquo;huile d&rsquo;olive extra vierge du Salento. Excellent avec les ap\u00e9ritifs, les p\u00e2tes et les l\u00e9gumes bouillis.<br \/>\nConditionn\u00e9 en bocaux de 230 g. <\/p>\n","protected":false},"excerpt":{"rendered":"<p>Obtenue \u00e0 partir de la meilleure s\u00e9lection d&rsquo;olives Leccine r\u00e9pandues dans le Salento des Pouilles, d\u00e9noyaut\u00e9es et conserv\u00e9es dans l&rsquo;huile d&rsquo;olive extra vierge CONGEDI. Excellent avec les ap\u00e9ritifs, les p\u00e2tes et les l\u00e9gumes bouillis. <\/p>\n<p>Conditionn\u00e9 en pot de 220 g<\/p>\n","protected":false},"featured_media":3751,"template":"","meta":[],"product_brand":[46],"product_cat":[107,115],"product_tag":[],"class_list":{"0":"post-3749","1":"product","2":"type-product","3":"status-publish","4":"has-post-thumbnail","6":"product_brand-frantoio-congedi","7":"product_cat-le-garde-manger","8":"product_cat-sottoli","10":"first","11":"instock","12":"taxable","13":"shipping-taxable","14":"purchasable","15":"product-type-simple"},"jetpack_sharing_enabled":true,"_links":{"self":[{"href":"https:\/\/frantoiocongedi.com\/fr\/wp-json\/wp\/v2\/product\/3749","targetHints":{"allow":["GET"]}}],"collection":[{"href":"https:\/\/frantoiocongedi.com\/fr\/wp-json\/wp\/v2\/product"}],"about":[{"href":"https:\/\/frantoiocongedi.com\/fr\/wp-json\/wp\/v2\/types\/product"}],"version-history":[{"count":0,"href":"https:\/\/frantoiocongedi.com\/fr\/wp-json\/wp\/v2\/product\/3749\/revisions"}],"wp:featuredmedia":[{"embeddable":true,"href":"https:\/\/frantoiocongedi.com\/fr\/wp-json\/wp\/v2\/media\/3751"}],"wp:attachment":[{"href":"https:\/\/frantoiocongedi.com\/fr\/wp-json\/wp\/v2\/media?parent=3749"}],"wp:term":[{"taxonomy":"product_brand","embeddable":true,"href":"https:\/\/frantoiocongedi.com\/fr\/wp-json\/wp\/v2\/product_brand?post=3749"},{"taxonomy":"product_cat","embeddable":true,"href":"https:\/\/frantoiocongedi.com\/fr\/wp-json\/wp\/v2\/product_cat?post=3749"},{"taxonomy":"product_tag","embeddable":true,"href":"https:\/\/frantoiocongedi.com\/fr\/wp-json\/wp\/v2\/product_tag?post=3749"}],"curies":[{"name":"wp","href":"https:\/\/api.w.org\/{rel}","templated":true}]}}