{"id":3753,"date":"2025-06-18T11:05:36","date_gmt":"2025-06-18T11:05:36","guid":{"rendered":"https:\/\/frantoiocongedi.com\/product\/sagne-incannulate-di-grano-senatore-cappelli-500-g\/"},"modified":"2025-06-18T11:05:36","modified_gmt":"2025-06-18T11:05:36","slug":"sagne-incannulate-di-grano-senatore-cappelli-500-g","status":"publish","type":"product","link":"https:\/\/frantoiocongedi.com\/fr\/prodotto\/sagne-incannulate-di-grano-senatore-cappelli-500-g\/","title":{"rendered":"Sagne incannulate di grano Senatore Cappelli &#8211; 500 g"},"content":{"rendered":"<p>Originaires du Salento, les sagne &lsquo;ncannulate sont aujourd&rsquo;hui r\u00e9pandues dans toute la r\u00e9gion. Il s&rsquo;agit de bandes de p\u00e2tes \u00e0 base de semoule de bl\u00e9 dur, d&rsquo;eau et de sel qui prennent d&rsquo;abord la forme de nouilles, mais qui sont ensuite tordues autour d&rsquo;un chalumeau pour les faire ressembler \u00e0 des spirales. <\/p>\n<p>Selon une l\u00e9gende populaire, l&rsquo;origine du format remonterait aux boucles de bois qui sortaient de la raboteuse de Saint-Joseph ; elles pourraient ressembler aux perles d&rsquo;un chapelet, mais on pourrait conclure, plus simplement, qu&rsquo;elles ressemblent \u00e0 des tripolines.<\/p>\n<p>Notre produit est s\u00e9ch\u00e9 pendant 48 heures \u00e0 basse temp\u00e9rature et transform\u00e9 avec du bl\u00e9 italien \u00ab\u00a0Senatore Cappelli\u00a0\u00bb.<\/p>\n","protected":false},"excerpt":{"rendered":"<p>Sagne incannulate di grano Senatore Cappelli<\/p>\n<p>Comme autrefois, quarante-huit heures de s\u00e9chage \u00e0 basse temp\u00e9rature pour une exp\u00e9rience authentique et toute italienne avec le bl\u00e9 \u00ab\u00a0Senatore Cappelli\u00a0\u00bb.<\/p>\n","protected":false},"featured_media":3754,"template":"","meta":[],"product_brand":[46],"product_cat":[107,118],"product_tag":[],"class_list":{"0":"post-3753","1":"product","2":"type-product","3":"status-publish","4":"has-post-thumbnail","6":"product_brand-frantoio-congedi","7":"product_cat-le-garde-manger","8":"product_cat-pates","10":"first","11":"instock","12":"taxable","13":"shipping-taxable","14":"purchasable","15":"product-type-simple"},"jetpack_sharing_enabled":true,"_links":{"self":[{"href":"https:\/\/frantoiocongedi.com\/fr\/wp-json\/wp\/v2\/product\/3753","targetHints":{"allow":["GET"]}}],"collection":[{"href":"https:\/\/frantoiocongedi.com\/fr\/wp-json\/wp\/v2\/product"}],"about":[{"href":"https:\/\/frantoiocongedi.com\/fr\/wp-json\/wp\/v2\/types\/product"}],"version-history":[{"count":0,"href":"https:\/\/frantoiocongedi.com\/fr\/wp-json\/wp\/v2\/product\/3753\/revisions"}],"wp:featuredmedia":[{"embeddable":true,"href":"https:\/\/frantoiocongedi.com\/fr\/wp-json\/wp\/v2\/media\/3754"}],"wp:attachment":[{"href":"https:\/\/frantoiocongedi.com\/fr\/wp-json\/wp\/v2\/media?parent=3753"}],"wp:term":[{"taxonomy":"product_brand","embeddable":true,"href":"https:\/\/frantoiocongedi.com\/fr\/wp-json\/wp\/v2\/product_brand?post=3753"},{"taxonomy":"product_cat","embeddable":true,"href":"https:\/\/frantoiocongedi.com\/fr\/wp-json\/wp\/v2\/product_cat?post=3753"},{"taxonomy":"product_tag","embeddable":true,"href":"https:\/\/frantoiocongedi.com\/fr\/wp-json\/wp\/v2\/product_tag?post=3753"}],"curies":[{"name":"wp","href":"https:\/\/api.w.org\/{rel}","templated":true}]}}