{"id":3759,"date":"2025-06-18T11:04:57","date_gmt":"2025-06-18T11:04:57","guid":{"rendered":"https:\/\/frantoiocongedi.com\/product\/orecchiette-di-grano-senatore-cappelli-500-g\/"},"modified":"2025-06-18T11:04:57","modified_gmt":"2025-06-18T11:04:57","slug":"orecchiette-di-grano-senatore-cappelli-500-g","status":"publish","type":"product","link":"https:\/\/frantoiocongedi.com\/fr\/prodotto\/orecchiette-di-grano-senatore-cappelli-500-g\/","title":{"rendered":"Orecchiette di grano Senatore Cappelli &#8211; 500 g"},"content":{"rendered":"<p>La fabrication des p\u00e2tes est un art tr\u00e8s r\u00e9pandu dans les Pouilles : les orecchiette sont le format le plus populaire dans cette r\u00e9gion. \u00c0 la maison, elles sont faites de petits cylindres de p\u00e2te d&rsquo;environ un centim\u00e8tre et demi de long, que l&rsquo;on fait glisser sur la planche \u00e0 p\u00e2tisserie avec la pointe arrondie d&rsquo;un couteau ou d&rsquo;un outil m\u00e9tallique appel\u00e9, en dialecte, sferre. <\/p>\n<p>La coquille qui en r\u00e9sulte ressemble \u00e0 un petit \u00e9pi dont la surface ext\u00e9rieure est rid\u00e9e. Notre produit est s\u00e9ch\u00e9 pendant 48 heures \u00e0 basse temp\u00e9rature et transform\u00e9 avec du bl\u00e9 italien \u00ab\u00a0Senatore Cappelli\u00a0\u00bb. <\/p>\n","protected":false},"excerpt":{"rendered":"<p>Orecchiette di grano Senatore Cappelli<\/p>\n<p>Comme autrefois, quarante-huit heures de s\u00e9chage \u00e0 basse temp\u00e9rature pour une exp\u00e9rience authentique et toute italienne avec le bl\u00e9 \u00ab\u00a0Senatore Cappelli\u00a0\u00bb.<\/p>\n","protected":false},"featured_media":3760,"template":"","meta":[],"product_brand":[46],"product_cat":[107,118],"product_tag":[],"class_list":{"0":"post-3759","1":"product","2":"type-product","3":"status-publish","4":"has-post-thumbnail","6":"product_brand-frantoio-congedi","7":"product_cat-le-garde-manger","8":"product_cat-pates","10":"first","11":"instock","12":"taxable","13":"shipping-taxable","14":"purchasable","15":"product-type-simple"},"jetpack_sharing_enabled":true,"_links":{"self":[{"href":"https:\/\/frantoiocongedi.com\/fr\/wp-json\/wp\/v2\/product\/3759","targetHints":{"allow":["GET"]}}],"collection":[{"href":"https:\/\/frantoiocongedi.com\/fr\/wp-json\/wp\/v2\/product"}],"about":[{"href":"https:\/\/frantoiocongedi.com\/fr\/wp-json\/wp\/v2\/types\/product"}],"version-history":[{"count":0,"href":"https:\/\/frantoiocongedi.com\/fr\/wp-json\/wp\/v2\/product\/3759\/revisions"}],"wp:featuredmedia":[{"embeddable":true,"href":"https:\/\/frantoiocongedi.com\/fr\/wp-json\/wp\/v2\/media\/3760"}],"wp:attachment":[{"href":"https:\/\/frantoiocongedi.com\/fr\/wp-json\/wp\/v2\/media?parent=3759"}],"wp:term":[{"taxonomy":"product_brand","embeddable":true,"href":"https:\/\/frantoiocongedi.com\/fr\/wp-json\/wp\/v2\/product_brand?post=3759"},{"taxonomy":"product_cat","embeddable":true,"href":"https:\/\/frantoiocongedi.com\/fr\/wp-json\/wp\/v2\/product_cat?post=3759"},{"taxonomy":"product_tag","embeddable":true,"href":"https:\/\/frantoiocongedi.com\/fr\/wp-json\/wp\/v2\/product_tag?post=3759"}],"curies":[{"name":"wp","href":"https:\/\/api.w.org\/{rel}","templated":true}]}}