{"id":3769,"date":"2025-06-18T11:03:17","date_gmt":"2025-06-18T11:03:17","guid":{"rendered":"https:\/\/frantoiocongedi.com\/product\/maritati-di-grano-senatore-cappelli-500-g\/"},"modified":"2025-06-18T11:03:17","modified_gmt":"2025-06-18T11:03:17","slug":"maritati-di-grano-senatore-cappelli-500-g","status":"publish","type":"product","link":"https:\/\/frantoiocongedi.com\/fr\/prodotto\/maritati-di-grano-senatore-cappelli-500-g\/","title":{"rendered":"Maritati di grano Senatore Cappelli &#8211; 500 g"},"content":{"rendered":"<p>Pour de nombreuses g\u00e9n\u00e9rations, savoir faire des p\u00e2tes a \u00e9t\u00e9 la preuve qu&rsquo;elles avaient atteint la maturit\u00e9 n\u00e9cessaire pour se marier.<br \/>\nDepuis des si\u00e8cles, les m\u00e8res transmettent les secrets techniques et les recettes \u00e0 leurs filles afin qu&rsquo;elles apportent un plat \u00e0 la table m\u00eame en temps de crise. Il n&rsquo;est donc pas rare que les formes des p\u00e2tes rappellent des parties anatomiques du couple.<br \/>\nC&rsquo;est le cas des maritati, qui r\u00e9unissent les orecchiette (symbole de la f\u00e9minit\u00e9) et les macaronis (symbole de la virilit\u00e9). Notre produit est s\u00e9ch\u00e9 pendant 48 heures \u00e0 basse temp\u00e9rature et transform\u00e9 avec du bl\u00e9 italien \u00ab\u00a0Senatore Cappelli\u00a0\u00bb. <\/p>\n","protected":false},"excerpt":{"rendered":"<p>Maritati di grano Senatore Cappelli<br \/>\nComme autrefois, quarante-huit heures de s\u00e9chage \u00e0 basse temp\u00e9rature pour une exp\u00e9rience authentique et toute italienne avec le bl\u00e9 \u00ab\u00a0Senatore Cappelli\u00a0\u00bb.<\/p>\n","protected":false},"featured_media":3771,"template":"","meta":[],"product_brand":[46],"product_cat":[107,118],"product_tag":[],"class_list":{"0":"post-3769","1":"product","2":"type-product","3":"status-publish","4":"has-post-thumbnail","6":"product_brand-frantoio-congedi","7":"product_cat-le-garde-manger","8":"product_cat-pates","10":"first","11":"instock","12":"taxable","13":"shipping-taxable","14":"purchasable","15":"product-type-simple"},"jetpack_sharing_enabled":true,"_links":{"self":[{"href":"https:\/\/frantoiocongedi.com\/fr\/wp-json\/wp\/v2\/product\/3769","targetHints":{"allow":["GET"]}}],"collection":[{"href":"https:\/\/frantoiocongedi.com\/fr\/wp-json\/wp\/v2\/product"}],"about":[{"href":"https:\/\/frantoiocongedi.com\/fr\/wp-json\/wp\/v2\/types\/product"}],"version-history":[{"count":0,"href":"https:\/\/frantoiocongedi.com\/fr\/wp-json\/wp\/v2\/product\/3769\/revisions"}],"wp:featuredmedia":[{"embeddable":true,"href":"https:\/\/frantoiocongedi.com\/fr\/wp-json\/wp\/v2\/media\/3771"}],"wp:attachment":[{"href":"https:\/\/frantoiocongedi.com\/fr\/wp-json\/wp\/v2\/media?parent=3769"}],"wp:term":[{"taxonomy":"product_brand","embeddable":true,"href":"https:\/\/frantoiocongedi.com\/fr\/wp-json\/wp\/v2\/product_brand?post=3769"},{"taxonomy":"product_cat","embeddable":true,"href":"https:\/\/frantoiocongedi.com\/fr\/wp-json\/wp\/v2\/product_cat?post=3769"},{"taxonomy":"product_tag","embeddable":true,"href":"https:\/\/frantoiocongedi.com\/fr\/wp-json\/wp\/v2\/product_tag?post=3769"}],"curies":[{"name":"wp","href":"https:\/\/api.w.org\/{rel}","templated":true}]}}