{"id":4352,"date":"2024-12-12T11:09:58","date_gmt":"2024-12-12T11:09:58","guid":{"rendered":"https:\/\/frantoiocongedi.com\/product\/huile-dolive-extra-vierge-de-tin-legere-1l\/"},"modified":"2024-12-12T11:09:58","modified_gmt":"2024-12-12T11:09:58","slug":"huile-dolive-extra-vierge-de-tin-legere-1l","status":"publish","type":"product","link":"https:\/\/frantoiocongedi.com\/fr\/prodotto\/huile-dolive-extra-vierge-de-tin-legere-1l\/","title":{"rendered":"Huile d&rsquo;olive extra vierge de Tin &#8211; L\u00e9g\u00e8re 1l"},"content":{"rendered":"<p><strong>Huile d&rsquo;olive vierge extra<\/strong><\/p>\n<p>Vari\u00e9t\u00e9s d&rsquo;olive : repr\u00e9sente la meilleure production de l&rsquo;entreprise d&rsquo;une ann\u00e9e \u00e0 l&rsquo;autre, car elle est obtenue \u00e0 partir des vari\u00e9t\u00e9s qui se sont le mieux exprim\u00e9es lors de la derni\u00e8re campagne ol\u00e9icole dans le Salento.<br \/>\nProfil sensoriel : huile d&rsquo;olive extra vierge de couleur vert dor\u00e9, donc destin\u00e9e aux d\u00e9gustateurs les plus exp\u00e9riment\u00e9s ou simplement aux palais les plus exigeants.<br \/>\nConseils d&rsquo;utilisation : \u00e0 d\u00e9guster sur des crustac\u00e9s marin\u00e9s, des l\u00e9gumes gratin\u00e9s, des pur\u00e9es de l\u00e9gumes, des l\u00e9gumes secs cuits \u00e0 la vapeur, des entr\u00e9es avec des crustac\u00e9s, des poissons bouillis et des p\u00e2tes fra\u00eeches, des fromages \u00e0 p\u00e2te fil\u00e9e, des poissons nobles.<\/p>\n","protected":false},"excerpt":{"rendered":"<p>Compos\u00e9 des meilleures vari\u00e9t\u00e9s : Favolosa et Leccino.<\/p>\n","protected":false},"featured_media":4353,"template":"","meta":[],"product_brand":[],"product_cat":[128],"product_tag":[],"class_list":{"0":"post-4352","1":"product","2":"type-product","3":"status-publish","4":"has-post-thumbnail","6":"product_cat-huile","8":"first","9":"outofstock","10":"taxable","11":"shipping-taxable","12":"purchasable","13":"product-type-simple"},"jetpack_sharing_enabled":true,"_links":{"self":[{"href":"https:\/\/frantoiocongedi.com\/fr\/wp-json\/wp\/v2\/product\/4352","targetHints":{"allow":["GET"]}}],"collection":[{"href":"https:\/\/frantoiocongedi.com\/fr\/wp-json\/wp\/v2\/product"}],"about":[{"href":"https:\/\/frantoiocongedi.com\/fr\/wp-json\/wp\/v2\/types\/product"}],"version-history":[{"count":0,"href":"https:\/\/frantoiocongedi.com\/fr\/wp-json\/wp\/v2\/product\/4352\/revisions"}],"wp:featuredmedia":[{"embeddable":true,"href":"https:\/\/frantoiocongedi.com\/fr\/wp-json\/wp\/v2\/media\/4353"}],"wp:attachment":[{"href":"https:\/\/frantoiocongedi.com\/fr\/wp-json\/wp\/v2\/media?parent=4352"}],"wp:term":[{"taxonomy":"product_brand","embeddable":true,"href":"https:\/\/frantoiocongedi.com\/fr\/wp-json\/wp\/v2\/product_brand?post=4352"},{"taxonomy":"product_cat","embeddable":true,"href":"https:\/\/frantoiocongedi.com\/fr\/wp-json\/wp\/v2\/product_cat?post=4352"},{"taxonomy":"product_tag","embeddable":true,"href":"https:\/\/frantoiocongedi.com\/fr\/wp-json\/wp\/v2\/product_tag?post=4352"}],"curies":[{"name":"wp","href":"https:\/\/api.w.org\/{rel}","templated":true}]}}