{"id":4357,"date":"2024-12-12T11:08:55","date_gmt":"2024-12-12T11:08:55","guid":{"rendered":"https:\/\/frantoiocongedi.com\/product\/huile-dolive-extra-vierge-de-tin-intenso-1-l\/"},"modified":"2024-12-12T11:08:55","modified_gmt":"2024-12-12T11:08:55","slug":"huile-dolive-extra-vierge-de-tin-intenso-1-l","status":"publish","type":"product","link":"https:\/\/frantoiocongedi.com\/fr\/prodotto\/huile-dolive-extra-vierge-de-tin-intenso-1-l\/","title":{"rendered":"Huile d&rsquo;olive extra vierge de Tin &#8211; Intenso 1 l"},"content":{"rendered":"<p>Huile d&rsquo;olive extra vierge<\/p>\n<p><strong>Vari\u00e9t\u00e9s d&rsquo;olives<\/strong>: elle repr\u00e9sente la meilleure production de l&rsquo;entreprise d&rsquo;une ann\u00e9e \u00e0 l&rsquo;autre car elle est obtenue \u00e0 partir des vari\u00e9t\u00e9s qui se sont le mieux exprim\u00e9es lors de la derni\u00e8re campagne ol\u00e9icole.<br \/>\n<strong>Profil sensoriel :<\/strong> elle se pr\u00e9sente comme une huile extra vierge du Salento de couleur vert-or, destin\u00e9e donc aux d\u00e9gustateurs les plus experts ou simplement aux palais les plus exigeants.<br \/>\n<strong>Conseils d&rsquo;utilisation :<\/strong> \u00e0 d\u00e9guster sur des crustac\u00e9s marin\u00e9s, des l\u00e9gumes gratin\u00e9s, des pur\u00e9es de l\u00e9gumes, des l\u00e9gumes secs cuits \u00e0 la vapeur, des entr\u00e9es avec des crustac\u00e9s, des poissons bouillis et des p\u00e2tes fra\u00eeches, des fromages \u00e0 p\u00e2te fil\u00e9e, des poissons nobles.<\/p>\n","protected":false},"excerpt":{"rendered":"<p>Compos\u00e9 des meilleures vari\u00e9t\u00e9s de Favolosa, Leccino et Coratina.<\/p>\n","protected":false},"featured_media":4353,"template":"","meta":[],"product_brand":[],"product_cat":[128],"product_tag":[],"class_list":{"0":"post-4357","1":"product","2":"type-product","3":"status-publish","4":"has-post-thumbnail","6":"product_cat-huile","8":"first","9":"outofstock","10":"taxable","11":"shipping-taxable","12":"purchasable","13":"product-type-simple"},"jetpack_sharing_enabled":true,"_links":{"self":[{"href":"https:\/\/frantoiocongedi.com\/fr\/wp-json\/wp\/v2\/product\/4357","targetHints":{"allow":["GET"]}}],"collection":[{"href":"https:\/\/frantoiocongedi.com\/fr\/wp-json\/wp\/v2\/product"}],"about":[{"href":"https:\/\/frantoiocongedi.com\/fr\/wp-json\/wp\/v2\/types\/product"}],"version-history":[{"count":0,"href":"https:\/\/frantoiocongedi.com\/fr\/wp-json\/wp\/v2\/product\/4357\/revisions"}],"wp:featuredmedia":[{"embeddable":true,"href":"https:\/\/frantoiocongedi.com\/fr\/wp-json\/wp\/v2\/media\/4353"}],"wp:attachment":[{"href":"https:\/\/frantoiocongedi.com\/fr\/wp-json\/wp\/v2\/media?parent=4357"}],"wp:term":[{"taxonomy":"product_brand","embeddable":true,"href":"https:\/\/frantoiocongedi.com\/fr\/wp-json\/wp\/v2\/product_brand?post=4357"},{"taxonomy":"product_cat","embeddable":true,"href":"https:\/\/frantoiocongedi.com\/fr\/wp-json\/wp\/v2\/product_cat?post=4357"},{"taxonomy":"product_tag","embeddable":true,"href":"https:\/\/frantoiocongedi.com\/fr\/wp-json\/wp\/v2\/product_tag?post=4357"}],"curies":[{"name":"wp","href":"https:\/\/api.w.org\/{rel}","templated":true}]}}