{"id":4361,"date":"2024-12-12T11:07:24","date_gmt":"2024-12-12T11:07:24","guid":{"rendered":"https:\/\/frantoiocongedi.com\/product\/edition-limitee-panettone-au-chocolat-a-lhuile\/"},"modified":"2024-12-12T11:07:24","modified_gmt":"2024-12-12T11:07:24","slug":"edition-limitee-panettone-au-chocolat-a-lhuile","status":"publish","type":"product","link":"https:\/\/frantoiocongedi.com\/fr\/prodotto\/edition-limitee-panettone-au-chocolat-a-lhuile\/","title":{"rendered":"EDITION LIMITEE &#8211; Panettone au chocolat \u00e0 l&rsquo;huile"},"content":{"rendered":"<p>Un panettone \u00e0 l&rsquo;huile d&rsquo;olive extra vierge qui est l&rsquo;\u00e9quilibre parfait entre le parfum de la tradition et la l\u00e9g\u00e8ret\u00e9 d&rsquo;un ingr\u00e9dient pr\u00e9cieux. Chaque bouch\u00e9e est un voyage qui m\u00eale le parfum de la terre du Salento \u00e0 la douce magie de No\u00ebl, vous offrant une nouvelle \u00e9motion \u00e0 partager. <\/p>\n<p>&nbsp;<\/p>\n<p><strong>Ingr\u00e9dients :  <\/strong><\/p>\n<p>Farine de bl\u00e9, chocolat noir \u00e0 95%, eau, huile d&rsquo;olive extra vierge, sucre, \u0153ufs, raisins secs, orange confite, c\u00e9drat confit, miel, vanille bourbon, liveieto naturel, sel.<\/p>\n<p><strong>Allerg\u00e8nes : \u0152ufs et gluten.<\/strong><\/p>\n<p><strong>Peut contenir des traces de soja et de fruits \u00e0 coque.<\/strong><\/p>\n<p>&nbsp;<\/p>\n<p><strong>Produit de boulangerie artisanale sucr\u00e9 avec levain naturel soumis \u00e0 une perte de poids naturelle.<\/strong><\/p>\n","protected":false},"excerpt":{"rendered":"<p>Un panettone \u00e0 l&rsquo;huile d&rsquo;olive extra vierge qui est l&rsquo;\u00e9quilibre parfait entre le parfum de la tradition et la l\u00e9g\u00e8ret\u00e9 d&rsquo;un ingr\u00e9dient pr\u00e9cieux. Chaque bouch\u00e9e est un voyage qui m\u00eale le parfum de la terre du Salento \u00e0 la douce magie de No\u00ebl, vous offrant une nouvelle \u00e9motion \u00e0 partager. <\/p>\n<p>&nbsp;<\/p>\n<p><strong>Ingr\u00e9dients :  <\/strong><\/p>\n<p>Farine de bl\u00e9, chocolat noir \u00e0 95%, eau, huile d&rsquo;olive extra vierge, sucre, \u0153ufs, raisins secs, orange confite, c\u00e9drat confit, miel, vanille bourbon, liveieto naturel, sel.<\/p>\n<p><strong>Allerg\u00e8nes : \u0152ufs et gluten.<\/strong><\/p>\n<p><strong>Peut contenir des traces de soja et de fruits \u00e0 coque.<\/strong><\/p>\n<p>&nbsp;<\/p>\n<p><strong>Produit de boulangerie artisanale sucr\u00e9 avec levain naturel soumis \u00e0 une perte de poids naturelle.<\/strong><\/p>\n","protected":false},"featured_media":4363,"template":"","meta":[],"product_brand":[],"product_cat":[109],"product_tag":[],"class_list":{"0":"post-4361","1":"product","2":"type-product","3":"status-publish","4":"has-post-thumbnail","6":"product_cat-idees-de-cadeaux","8":"first","9":"outofstock","10":"taxable","11":"shipping-taxable","12":"purchasable","13":"product-type-simple"},"jetpack_sharing_enabled":true,"_links":{"self":[{"href":"https:\/\/frantoiocongedi.com\/fr\/wp-json\/wp\/v2\/product\/4361","targetHints":{"allow":["GET"]}}],"collection":[{"href":"https:\/\/frantoiocongedi.com\/fr\/wp-json\/wp\/v2\/product"}],"about":[{"href":"https:\/\/frantoiocongedi.com\/fr\/wp-json\/wp\/v2\/types\/product"}],"version-history":[{"count":0,"href":"https:\/\/frantoiocongedi.com\/fr\/wp-json\/wp\/v2\/product\/4361\/revisions"}],"wp:featuredmedia":[{"embeddable":true,"href":"https:\/\/frantoiocongedi.com\/fr\/wp-json\/wp\/v2\/media\/4363"}],"wp:attachment":[{"href":"https:\/\/frantoiocongedi.com\/fr\/wp-json\/wp\/v2\/media?parent=4361"}],"wp:term":[{"taxonomy":"product_brand","embeddable":true,"href":"https:\/\/frantoiocongedi.com\/fr\/wp-json\/wp\/v2\/product_brand?post=4361"},{"taxonomy":"product_cat","embeddable":true,"href":"https:\/\/frantoiocongedi.com\/fr\/wp-json\/wp\/v2\/product_cat?post=4361"},{"taxonomy":"product_tag","embeddable":true,"href":"https:\/\/frantoiocongedi.com\/fr\/wp-json\/wp\/v2\/product_tag?post=4361"}],"curies":[{"name":"wp","href":"https:\/\/api.w.org\/{rel}","templated":true}]}}