{"id":4374,"date":"2025-11-19T10:09:45","date_gmt":"2025-11-19T10:09:45","guid":{"rendered":"https:\/\/frantoiocongedi.com\/product\/congedi-majoliche-igp-salento-negroamaro-rosato\/"},"modified":"2026-04-15T17:11:44","modified_gmt":"2026-04-15T17:11:44","slug":"congedi-majoliche-igp-salento-negroamaro-rosato","status":"publish","type":"product","link":"https:\/\/frantoiocongedi.com\/fr\/prodotto\/congedi-majoliche-igp-salento-negroamaro-rosato\/","title":{"rendered":"Congedi Majoliche &#8211; IGP Salento Negroamaro Rosato"},"content":{"rendered":"<p>VIN ROS\u00c9 NEGROAMARO DE SALENTO<\/p>\n<p><strong><em>Zone de production<\/em><\/strong>Salento<br \/>\n<strong><em>Raisins :<\/em><\/strong> 100% Negroamaro<br \/>\n<strong><em>Titre alcoom\u00e9trique<\/em><\/strong>12,50 % vol.<\/p>\n<p><strong>Notes de d\u00e9gustation<\/strong><\/p>\n<p><strong><em>Couleur<\/em><\/strong>rose cerise tendre<br \/>\n<strong><em>Ar\u00f4mes<\/em><\/strong>Intense et d\u00e9licat avec des notes de cerises et de framboises.<br \/>\n<strong><em>Bouche<\/em><\/strong>douce, savoureuse, avec une persistance fruit\u00e9e<br \/>\n<strong><em>Temp\u00e9rature de service<\/em><\/strong>: 8-10\u00b0C<br \/>\n<strong><em>Accords<\/em><\/strong>: excellent tout au long d&rsquo;un repas, accompagne les entr\u00e9es en sauce tomate, les viandes blanches, les soupes de poissons et les crevettes \u00e0 la broche.<\/p>\n","protected":false},"excerpt":{"rendered":"<p>VIN ROS\u00c9 NEGROAMARO DE SALENTO Zone de productionSalento Raisins : 100% Negroamaro Titre alcoom\u00e9trique12,50 % vol. Notes de d\u00e9gustation Couleurrose<\/p>\n","protected":false},"featured_media":4376,"template":"","meta":[],"product_brand":[46],"product_cat":[113],"product_tag":[],"class_list":{"0":"post-4374","1":"product","2":"type-product","3":"status-publish","4":"has-post-thumbnail","6":"product_brand-frantoio-congedi","7":"product_cat-le-vin","9":"first","10":"instock","11":"taxable","12":"shipping-taxable","13":"purchasable","14":"product-type-simple"},"jetpack_sharing_enabled":true,"_links":{"self":[{"href":"https:\/\/frantoiocongedi.com\/fr\/wp-json\/wp\/v2\/product\/4374","targetHints":{"allow":["GET"]}}],"collection":[{"href":"https:\/\/frantoiocongedi.com\/fr\/wp-json\/wp\/v2\/product"}],"about":[{"href":"https:\/\/frantoiocongedi.com\/fr\/wp-json\/wp\/v2\/types\/product"}],"version-history":[{"count":1,"href":"https:\/\/frantoiocongedi.com\/fr\/wp-json\/wp\/v2\/product\/4374\/revisions"}],"predecessor-version":[{"id":2000001821,"href":"https:\/\/frantoiocongedi.com\/fr\/wp-json\/wp\/v2\/product\/4374\/revisions\/2000001821"}],"wp:featuredmedia":[{"embeddable":true,"href":"https:\/\/frantoiocongedi.com\/fr\/wp-json\/wp\/v2\/media\/4376"}],"wp:attachment":[{"href":"https:\/\/frantoiocongedi.com\/fr\/wp-json\/wp\/v2\/media?parent=4374"}],"wp:term":[{"taxonomy":"product_brand","embeddable":true,"href":"https:\/\/frantoiocongedi.com\/fr\/wp-json\/wp\/v2\/product_brand?post=4374"},{"taxonomy":"product_cat","embeddable":true,"href":"https:\/\/frantoiocongedi.com\/fr\/wp-json\/wp\/v2\/product_cat?post=4374"},{"taxonomy":"product_tag","embeddable":true,"href":"https:\/\/frantoiocongedi.com\/fr\/wp-json\/wp\/v2\/product_tag?post=4374"}],"curies":[{"name":"wp","href":"https:\/\/api.w.org\/{rel}","templated":true}]}}