{"id":4420,"date":"2025-06-18T12:19:49","date_gmt":"2025-06-18T12:19:49","guid":{"rendered":"https:\/\/frantoiocongedi.com\/product\/huile-dolive-vierge-extra-bio-3-l\/"},"modified":"2026-04-07T08:42:50","modified_gmt":"2026-04-07T08:42:50","slug":"huile-dolive-vierge-extra-bio-3-l","status":"publish","type":"product","link":"https:\/\/frantoiocongedi.com\/fr\/prodotto\/huile-dolive-vierge-extra-bio-3-l\/","title":{"rendered":"Huile d&rsquo;olive extra vierge biologique 3 l"},"content":{"rendered":"<h2>Huile d&rsquo;olive extra vierge biologique<\/h2>\n<p>Vari\u00e9t\u00e9 d&rsquo;olive : compos\u00e9e d&rsquo;une s\u00e9lection des vari\u00e9t\u00e9s Leccino et Favolosa r\u00e9colt\u00e9es en novembre.<br \/>\nProfil sensoriel : Le r\u00e9sultat est une huile d&rsquo;olive vierge extra moyennement fruit\u00e9e, qui pr\u00e9sente au nez des notes v\u00e9g\u00e9tales marqu\u00e9es et qui est franche et persistante en bouche. Moyennement fruit\u00e9e et d&rsquo;une grande complexit\u00e9, elle lib\u00e8re des notes d&rsquo;artichaut et d&rsquo;olive verte.<br \/>\nConseils d&rsquo;utilisation : plats moyens \u00e0 cors\u00e9s tels que les entr\u00e9es avec l\u00e9gumes, viandes blanches, carpaccio de thon et d&rsquo;espadon, poissons ou l\u00e9gumes grill\u00e9s. <\/p>\n","protected":false},"excerpt":{"rendered":"<p>Bio est une huile obtenue \u00e0 partir d&rsquo;olives provenant exclusivement de l&rsquo;agriculture biologique. Les cultivars sont Leccino et Favolosa, typiques du Salento (Pouilles), r\u00e9colt\u00e9s strictement \u00e0 la main en novembre. <\/p>\n","protected":false},"featured_media":4422,"template":"","meta":[],"product_brand":[46],"product_cat":[128],"product_tag":[],"class_list":{"0":"post-4420","1":"product","2":"type-product","3":"status-publish","4":"has-post-thumbnail","6":"product_brand-frantoio-congedi","7":"product_cat-huile","9":"first","10":"instock","11":"taxable","12":"shipping-taxable","13":"purchasable","14":"product-type-simple"},"jetpack_sharing_enabled":true,"_links":{"self":[{"href":"https:\/\/frantoiocongedi.com\/fr\/wp-json\/wp\/v2\/product\/4420","targetHints":{"allow":["GET"]}}],"collection":[{"href":"https:\/\/frantoiocongedi.com\/fr\/wp-json\/wp\/v2\/product"}],"about":[{"href":"https:\/\/frantoiocongedi.com\/fr\/wp-json\/wp\/v2\/types\/product"}],"version-history":[{"count":2,"href":"https:\/\/frantoiocongedi.com\/fr\/wp-json\/wp\/v2\/product\/4420\/revisions"}],"predecessor-version":[{"id":2000001446,"href":"https:\/\/frantoiocongedi.com\/fr\/wp-json\/wp\/v2\/product\/4420\/revisions\/2000001446"}],"wp:featuredmedia":[{"embeddable":true,"href":"https:\/\/frantoiocongedi.com\/fr\/wp-json\/wp\/v2\/media\/4422"}],"wp:attachment":[{"href":"https:\/\/frantoiocongedi.com\/fr\/wp-json\/wp\/v2\/media?parent=4420"}],"wp:term":[{"taxonomy":"product_brand","embeddable":true,"href":"https:\/\/frantoiocongedi.com\/fr\/wp-json\/wp\/v2\/product_brand?post=4420"},{"taxonomy":"product_cat","embeddable":true,"href":"https:\/\/frantoiocongedi.com\/fr\/wp-json\/wp\/v2\/product_cat?post=4420"},{"taxonomy":"product_tag","embeddable":true,"href":"https:\/\/frantoiocongedi.com\/fr\/wp-json\/wp\/v2\/product_tag?post=4420"}],"curies":[{"name":"wp","href":"https:\/\/api.w.org\/{rel}","templated":true}]}}