{"id":4442,"date":"2025-06-18T12:14:13","date_gmt":"2025-06-18T12:14:13","guid":{"rendered":"https:\/\/frantoiocongedi.com\/product\/bouteille-de-1-litre-dhuile-dolive-vierge-extra-legere\/"},"modified":"2026-04-03T13:56:49","modified_gmt":"2026-04-03T13:56:49","slug":"bouteille-de-1-litre-dhuile-dolive-vierge-extra-legere","status":"publish","type":"product","link":"https:\/\/frantoiocongedi.com\/fr\/prodotto\/bouteille-de-1-litre-dhuile-dolive-vierge-extra-legere\/","title":{"rendered":"Bouteille de 1 litre d&rsquo;huile d&rsquo;olive vierge extra &#8211; l\u00e9g\u00e8re"},"content":{"rendered":"<p>Huile d&rsquo;olive extra vierge Salento<\/p>\n<p>Profil sensoriel : une huile d&rsquo;olive vierge extra de signature, \u00e0 l&rsquo;ar\u00f4me doux et gracieux et \u00e0 la saveur douce et parfum\u00e9e qui tend vers l&rsquo;amande d\u00e9licate. Elle provient d&rsquo;olives m\u00fbres de qualit\u00e9 \u00ab\u00a0Ogliarola salentina et Cellina di Nard\u00f2\u00a0\u00bb et est produite dans le strict respect des m\u00e9thodes ancestrales transmises au fil des si\u00e8cles.<br \/>\nConseils d&rsquo;utilisation : cette huile est id\u00e9ale pour accompagner les salades de l\u00e9gumes mixtes, les entr\u00e9es blanches avec des crustac\u00e9s, des l\u00e9gumes frits, des poissons nobles, des r\u00f4tis, des viandes blanches grill\u00e9es et des fromages frais. <\/p>\n","protected":false},"excerpt":{"rendered":"<p>Huile d&rsquo;olive extra vierge Salento Profil sensoriel : une huile d&rsquo;olive vierge extra de signature, \u00e0 l&rsquo;ar\u00f4me doux et gracieux<\/p>\n","protected":false},"featured_media":4444,"template":"","meta":[],"product_brand":[46],"product_cat":[128],"product_tag":[],"class_list":{"0":"post-4442","1":"product","2":"type-product","3":"status-publish","4":"has-post-thumbnail","6":"product_brand-frantoio-congedi","7":"product_cat-huile","9":"first","10":"instock","11":"taxable","12":"shipping-taxable","13":"purchasable","14":"product-type-simple"},"jetpack_sharing_enabled":true,"_links":{"self":[{"href":"https:\/\/frantoiocongedi.com\/fr\/wp-json\/wp\/v2\/product\/4442","targetHints":{"allow":["GET"]}}],"collection":[{"href":"https:\/\/frantoiocongedi.com\/fr\/wp-json\/wp\/v2\/product"}],"about":[{"href":"https:\/\/frantoiocongedi.com\/fr\/wp-json\/wp\/v2\/types\/product"}],"version-history":[{"count":1,"href":"https:\/\/frantoiocongedi.com\/fr\/wp-json\/wp\/v2\/product\/4442\/revisions"}],"predecessor-version":[{"id":2000001329,"href":"https:\/\/frantoiocongedi.com\/fr\/wp-json\/wp\/v2\/product\/4442\/revisions\/2000001329"}],"wp:featuredmedia":[{"embeddable":true,"href":"https:\/\/frantoiocongedi.com\/fr\/wp-json\/wp\/v2\/media\/4444"}],"wp:attachment":[{"href":"https:\/\/frantoiocongedi.com\/fr\/wp-json\/wp\/v2\/media?parent=4442"}],"wp:term":[{"taxonomy":"product_brand","embeddable":true,"href":"https:\/\/frantoiocongedi.com\/fr\/wp-json\/wp\/v2\/product_brand?post=4442"},{"taxonomy":"product_cat","embeddable":true,"href":"https:\/\/frantoiocongedi.com\/fr\/wp-json\/wp\/v2\/product_cat?post=4442"},{"taxonomy":"product_tag","embeddable":true,"href":"https:\/\/frantoiocongedi.com\/fr\/wp-json\/wp\/v2\/product_tag?post=4442"}],"curies":[{"name":"wp","href":"https:\/\/api.w.org\/{rel}","templated":true}]}}