{"id":4449,"date":"2025-06-18T12:13:24","date_gmt":"2025-06-18T12:13:24","guid":{"rendered":"https:\/\/frantoiocongedi.com\/product\/huile-dolive-extra-vierge-non-filtree-1-l\/"},"modified":"2026-04-03T13:41:51","modified_gmt":"2026-04-03T13:41:51","slug":"huile-dolive-extra-vierge-non-filtree-1-l","status":"publish","type":"product","link":"https:\/\/frantoiocongedi.com\/fr\/prodotto\/huile-dolive-extra-vierge-non-filtree-1-l\/","title":{"rendered":"Huile d&rsquo;olive extra vierge &#8211; non filtr\u00e9e 1 l"},"content":{"rendered":"<p>Huile d&rsquo;olive extra vierge Salento<\/p>\n<p>Profil sensoriel : huile d&rsquo;olive vierge extra issue d&rsquo;une s\u00e9lection rigoureuse d&rsquo;olives saines et m\u00fbres.<br \/>\nHuile d&rsquo;olive vierge extra cors\u00e9e, agr\u00e9ablement sucr\u00e9e et savoureuse.<\/p>\n<p>Gr\u00e2ce \u00e0 son parfum, il satisfera le palais des clients les plus exigeants. Il n&rsquo;est pas filtr\u00e9, mais subit seulement une d\u00e9cantation p\u00e9riodique.<br \/>\nAccords : Vous ne vous tromperez pas en l&rsquo;associant \u00e0 des salades de l\u00e9gumes mixtes, des plats de p\u00e2tes blanches avec des crustac\u00e9s, des beignets de l\u00e9gumes, des poissons nobles, des viandes blanches r\u00f4ties et grill\u00e9es et des fromages frais. <\/p>\n","protected":false},"excerpt":{"rendered":"<p>Huile d&rsquo;olive extra vierge issue d&rsquo;une s\u00e9lection rigoureuse d&rsquo;olives saines et m\u00fbres. Une vierge moisie au corps plein, agr\u00e9ablement douce, go\u00fbteuse et savoureuse. Gr\u00e2ce \u00e0 son parfum, elle satisfera le palais des clients les plus exigeants.  <\/p>\n","protected":false},"featured_media":4450,"template":"","meta":[],"product_brand":[46],"product_cat":[128],"product_tag":[],"class_list":{"0":"post-4449","1":"product","2":"type-product","3":"status-publish","4":"has-post-thumbnail","6":"product_brand-frantoio-congedi","7":"product_cat-huile","9":"first","10":"instock","11":"taxable","12":"shipping-taxable","13":"purchasable","14":"product-type-simple"},"jetpack_sharing_enabled":true,"_links":{"self":[{"href":"https:\/\/frantoiocongedi.com\/fr\/wp-json\/wp\/v2\/product\/4449","targetHints":{"allow":["GET"]}}],"collection":[{"href":"https:\/\/frantoiocongedi.com\/fr\/wp-json\/wp\/v2\/product"}],"about":[{"href":"https:\/\/frantoiocongedi.com\/fr\/wp-json\/wp\/v2\/types\/product"}],"version-history":[{"count":1,"href":"https:\/\/frantoiocongedi.com\/fr\/wp-json\/wp\/v2\/product\/4449\/revisions"}],"predecessor-version":[{"id":2000001277,"href":"https:\/\/frantoiocongedi.com\/fr\/wp-json\/wp\/v2\/product\/4449\/revisions\/2000001277"}],"wp:featuredmedia":[{"embeddable":true,"href":"https:\/\/frantoiocongedi.com\/fr\/wp-json\/wp\/v2\/media\/4450"}],"wp:attachment":[{"href":"https:\/\/frantoiocongedi.com\/fr\/wp-json\/wp\/v2\/media?parent=4449"}],"wp:term":[{"taxonomy":"product_brand","embeddable":true,"href":"https:\/\/frantoiocongedi.com\/fr\/wp-json\/wp\/v2\/product_brand?post=4449"},{"taxonomy":"product_cat","embeddable":true,"href":"https:\/\/frantoiocongedi.com\/fr\/wp-json\/wp\/v2\/product_cat?post=4449"},{"taxonomy":"product_tag","embeddable":true,"href":"https:\/\/frantoiocongedi.com\/fr\/wp-json\/wp\/v2\/product_tag?post=4449"}],"curies":[{"name":"wp","href":"https:\/\/api.w.org\/{rel}","templated":true}]}}