{"id":4454,"date":"2025-06-18T12:10:43","date_gmt":"2025-06-18T12:10:43","guid":{"rendered":"https:\/\/frantoiocongedi.com\/product\/huile-dolive-vierge-extra-bio-05-l\/"},"modified":"2026-04-03T13:50:27","modified_gmt":"2026-04-03T13:50:27","slug":"huile-dolive-vierge-extra-bio-05-l","status":"publish","type":"product","link":"https:\/\/frantoiocongedi.com\/fr\/prodotto\/huile-dolive-vierge-extra-bio-05-l\/","title":{"rendered":"Huile d&rsquo;olive vierge extra &#8211; Bio 0,5 l"},"content":{"rendered":"<p>Huile d&rsquo;olive extra vierge biologique<\/p>\n<p><strong>Vari\u00e9t\u00e9 d&rsquo;olive :<\/strong> compos\u00e9e d&rsquo;une s\u00e9lection des vari\u00e9t\u00e9s Leccino et Favolosa r\u00e9colt\u00e9es en novembre.<br \/>\n<strong>Profil sensoriel :<\/strong> Le r\u00e9sultat est une huile d&rsquo;olive vierge extra moyennement fruit\u00e9e, qui pr\u00e9sente au nez des notes v\u00e9g\u00e9tales distinctes et qui est franche et persistante en bouche. Moyennement fruit\u00e9e et d&rsquo;une grande complexit\u00e9, elle lib\u00e8re des notes d&rsquo;artichaut et d&rsquo;olive verte.<br \/>\n<strong>Accords :<\/strong> plats moyennement ou largement structur\u00e9s tels que les entr\u00e9es avec des l\u00e9gumes, des viandes blanches, des carpaccio de thon et d&rsquo;espadon, des poissons ou des l\u00e9gumes grill\u00e9s.<\/p>\n","protected":false},"excerpt":{"rendered":"<p>Bio est une huile obtenue \u00e0 partir d&rsquo;olives provenant exclusivement de l&rsquo;agriculture biologique. Les cultivars sont Leccino et Favolosa, typiques du Salento (Pouilles), r\u00e9colt\u00e9s strictement \u00e0 la main en novembre. <\/p>\n","protected":false},"featured_media":4456,"template":"","meta":[],"product_brand":[46],"product_cat":[128],"product_tag":[],"class_list":{"0":"post-4454","1":"product","2":"type-product","3":"status-publish","4":"has-post-thumbnail","6":"product_brand-frantoio-congedi","7":"product_cat-huile","9":"first","10":"instock","11":"taxable","12":"shipping-taxable","13":"purchasable","14":"product-type-simple"},"jetpack_sharing_enabled":true,"_links":{"self":[{"href":"https:\/\/frantoiocongedi.com\/fr\/wp-json\/wp\/v2\/product\/4454","targetHints":{"allow":["GET"]}}],"collection":[{"href":"https:\/\/frantoiocongedi.com\/fr\/wp-json\/wp\/v2\/product"}],"about":[{"href":"https:\/\/frantoiocongedi.com\/fr\/wp-json\/wp\/v2\/types\/product"}],"version-history":[{"count":1,"href":"https:\/\/frantoiocongedi.com\/fr\/wp-json\/wp\/v2\/product\/4454\/revisions"}],"predecessor-version":[{"id":2000000497,"href":"https:\/\/frantoiocongedi.com\/fr\/wp-json\/wp\/v2\/product\/4454\/revisions\/2000000497"}],"wp:featuredmedia":[{"embeddable":true,"href":"https:\/\/frantoiocongedi.com\/fr\/wp-json\/wp\/v2\/media\/4456"}],"wp:attachment":[{"href":"https:\/\/frantoiocongedi.com\/fr\/wp-json\/wp\/v2\/media?parent=4454"}],"wp:term":[{"taxonomy":"product_brand","embeddable":true,"href":"https:\/\/frantoiocongedi.com\/fr\/wp-json\/wp\/v2\/product_brand?post=4454"},{"taxonomy":"product_cat","embeddable":true,"href":"https:\/\/frantoiocongedi.com\/fr\/wp-json\/wp\/v2\/product_cat?post=4454"},{"taxonomy":"product_tag","embeddable":true,"href":"https:\/\/frantoiocongedi.com\/fr\/wp-json\/wp\/v2\/product_tag?post=4454"}],"curies":[{"name":"wp","href":"https:\/\/api.w.org\/{rel}","templated":true}]}}