{"id":4483,"date":"2026-01-07T11:56:17","date_gmt":"2026-01-07T11:56:17","guid":{"rendered":"https:\/\/frantoiocongedi.com\/product\/deno-huile-dolive-extra-vierge-denoyautee-3-l\/"},"modified":"2026-04-15T18:25:06","modified_gmt":"2026-04-15T18:25:06","slug":"deno-huile-dolive-extra-vierge-denoyautee-3-l","status":"publish","type":"product","link":"https:\/\/frantoiocongedi.com\/fr\/prodotto\/deno-huile-dolive-extra-vierge-denoyautee-3-l\/","title":{"rendered":"Den\u00f2 &#8211; Huile d&rsquo;olive extra vierge d\u00e9noyaut\u00e9e &#8211; 3 l"},"content":{"rendered":"<p><strong>Den\u00f2 <\/strong>est l&rsquo;huile d&rsquo;olive extra vierge qui r\u00e9sulte d&rsquo;une technique innovante de Frantoio Congedi qui pr\u00e9voit la s\u00e9paration pr\u00e9alable du noyau des drupes et le traitement de la seule pulpe d&rsquo;olive. Caract\u00e9ris\u00e9e par une couleur verte intense et brillante, elle a un go\u00fbt riche et harmonieux avec des notes fruit\u00e9es am\u00e8res et \u00e9pic\u00e9es. <\/p>\n","protected":false},"excerpt":{"rendered":"<p>Den\u00f2 &#8211; huile d&rsquo;olive extra vierge d\u00e9noyaut\u00e9e<\/p>\n<p>Bo\u00eete 3 Lt. Huile d&rsquo;olive extra vierge 100% italienne \u00ab\u00a0DENOCCIOLATO\u00a0\u00bb press\u00e9e \u00e0 froid<\/p>\n","protected":false},"featured_media":4488,"template":"","meta":[],"product_brand":[46],"product_cat":[128],"product_tag":[],"class_list":{"0":"post-4483","1":"product","2":"type-product","3":"status-publish","4":"has-post-thumbnail","6":"product_brand-frantoio-congedi","7":"product_cat-huile","9":"first","10":"instock","11":"taxable","12":"shipping-taxable","13":"purchasable","14":"product-type-simple"},"jetpack_sharing_enabled":true,"_links":{"self":[{"href":"https:\/\/frantoiocongedi.com\/fr\/wp-json\/wp\/v2\/product\/4483","targetHints":{"allow":["GET"]}}],"collection":[{"href":"https:\/\/frantoiocongedi.com\/fr\/wp-json\/wp\/v2\/product"}],"about":[{"href":"https:\/\/frantoiocongedi.com\/fr\/wp-json\/wp\/v2\/types\/product"}],"version-history":[{"count":2,"href":"https:\/\/frantoiocongedi.com\/fr\/wp-json\/wp\/v2\/product\/4483\/revisions"}],"predecessor-version":[{"id":2000001839,"href":"https:\/\/frantoiocongedi.com\/fr\/wp-json\/wp\/v2\/product\/4483\/revisions\/2000001839"}],"wp:featuredmedia":[{"embeddable":true,"href":"https:\/\/frantoiocongedi.com\/fr\/wp-json\/wp\/v2\/media\/4488"}],"wp:attachment":[{"href":"https:\/\/frantoiocongedi.com\/fr\/wp-json\/wp\/v2\/media?parent=4483"}],"wp:term":[{"taxonomy":"product_brand","embeddable":true,"href":"https:\/\/frantoiocongedi.com\/fr\/wp-json\/wp\/v2\/product_brand?post=4483"},{"taxonomy":"product_cat","embeddable":true,"href":"https:\/\/frantoiocongedi.com\/fr\/wp-json\/wp\/v2\/product_cat?post=4483"},{"taxonomy":"product_tag","embeddable":true,"href":"https:\/\/frantoiocongedi.com\/fr\/wp-json\/wp\/v2\/product_tag?post=4483"}],"curies":[{"name":"wp","href":"https:\/\/api.w.org\/{rel}","templated":true}]}}