{"id":4515,"date":"2025-06-18T11:54:35","date_gmt":"2025-06-18T11:54:35","guid":{"rendered":"https:\/\/frantoiocongedi.com\/product\/huile-dolive-extra-vierge-condimentaire-au-piment-025-l\/"},"modified":"2026-04-03T13:40:03","modified_gmt":"2026-04-03T13:40:03","slug":"huile-dolive-extra-vierge-condimentaire-au-piment-025-l","status":"publish","type":"product","link":"https:\/\/frantoiocongedi.com\/fr\/prodotto\/huile-dolive-extra-vierge-condimentaire-au-piment-025-l\/","title":{"rendered":"Huile d&rsquo;olive extra vierge condimentaire au piment 0,25 l"},"content":{"rendered":"<p>Condiment \u00e0 base d&rsquo;huile d&rsquo;olive extra vierge et de piment, produit par le moulin \u00e0 huile Frantoio Congedi \u00e0 Salento, dans les Pouilles.<\/p>\n","protected":false},"excerpt":{"rendered":"<p>Huile d&rsquo;olive extra vierge aromatis\u00e9e au piment, produite par le Frantoio Congedi \u00e0 Salento, dans les Pouilles.<\/p>\n","protected":false},"featured_media":4518,"template":"","meta":[],"product_brand":[46],"product_cat":[128],"product_tag":[],"class_list":{"0":"post-4515","1":"product","2":"type-product","3":"status-publish","4":"has-post-thumbnail","6":"product_brand-frantoio-congedi","7":"product_cat-huile","9":"first","10":"instock","11":"taxable","12":"shipping-taxable","13":"purchasable","14":"product-type-simple"},"jetpack_sharing_enabled":true,"_links":{"self":[{"href":"https:\/\/frantoiocongedi.com\/fr\/wp-json\/wp\/v2\/product\/4515","targetHints":{"allow":["GET"]}}],"collection":[{"href":"https:\/\/frantoiocongedi.com\/fr\/wp-json\/wp\/v2\/product"}],"about":[{"href":"https:\/\/frantoiocongedi.com\/fr\/wp-json\/wp\/v2\/types\/product"}],"version-history":[{"count":1,"href":"https:\/\/frantoiocongedi.com\/fr\/wp-json\/wp\/v2\/product\/4515\/revisions"}],"predecessor-version":[{"id":2000001267,"href":"https:\/\/frantoiocongedi.com\/fr\/wp-json\/wp\/v2\/product\/4515\/revisions\/2000001267"}],"wp:featuredmedia":[{"embeddable":true,"href":"https:\/\/frantoiocongedi.com\/fr\/wp-json\/wp\/v2\/media\/4518"}],"wp:attachment":[{"href":"https:\/\/frantoiocongedi.com\/fr\/wp-json\/wp\/v2\/media?parent=4515"}],"wp:term":[{"taxonomy":"product_brand","embeddable":true,"href":"https:\/\/frantoiocongedi.com\/fr\/wp-json\/wp\/v2\/product_brand?post=4515"},{"taxonomy":"product_cat","embeddable":true,"href":"https:\/\/frantoiocongedi.com\/fr\/wp-json\/wp\/v2\/product_cat?post=4515"},{"taxonomy":"product_tag","embeddable":true,"href":"https:\/\/frantoiocongedi.com\/fr\/wp-json\/wp\/v2\/product_tag?post=4515"}],"curies":[{"name":"wp","href":"https:\/\/api.w.org\/{rel}","templated":true}]}}