{"id":4519,"date":"2025-06-18T11:52:26","date_gmt":"2025-06-18T11:52:26","guid":{"rendered":"https:\/\/frantoiocongedi.com\/product\/vinaigrette-a-lail-et-a-lhuile-dolive-extra-vierge-025-l\/"},"modified":"2026-04-03T13:24:32","modified_gmt":"2026-04-03T13:24:32","slug":"vinaigrette-a-lail-et-a-lhuile-dolive-extra-vierge-025-l","status":"publish","type":"product","link":"https:\/\/frantoiocongedi.com\/fr\/prodotto\/vinaigrette-a-lail-et-a-lhuile-dolive-extra-vierge-025-l\/","title":{"rendered":"Vinaigrette \u00e0 l&rsquo;ail et \u00e0 l&rsquo;huile d&rsquo;olive extra vierge 0,25 l"},"content":{"rendered":"<p>Vinaigrette \u00e0 l&rsquo;huile d&rsquo;olive extra vierge \u00e0 l&rsquo;ail, produite par le moulin \u00e0 huile Frantoio Congedi \u00e0 Salento, dans les Pouilles<\/p>\n<p>&nbsp;<\/p>\n","protected":false},"excerpt":{"rendered":"<p>&nbsp;<\/p>\n<div class=\"columns\">\n<div class=\"column main\">\n<div class=\"product info detailed\">\n<div class=\"product data items\" role=\"tablist\">\n<div id=\"description\" class=\"data item content\" role=\"tabpanel\" aria-labelledby=\"tab-label-description\" data-role=\"content\" aria-hidden=\"false\">\n<div class=\"product attribute description\">\n<div class=\"value\">\n<p>Huile d&rsquo;olive extra vierge aromatis\u00e9e \u00e0 l&rsquo;ail, produite par le Frantoio Congedi \u00e0 Salento, dans les Pouilles.<\/p>\n<\/div>\n<\/div>\n<\/div>\n<\/div>\n<\/div>\n<\/div>\n<\/div>\n<p>&nbsp;<\/p>\n","protected":false},"featured_media":4521,"template":"","meta":[],"product_brand":[46],"product_cat":[128],"product_tag":[],"class_list":{"0":"post-4519","1":"product","2":"type-product","3":"status-publish","4":"has-post-thumbnail","6":"product_brand-frantoio-congedi","7":"product_cat-huile","9":"first","10":"instock","11":"taxable","12":"shipping-taxable","13":"purchasable","14":"product-type-simple"},"jetpack_sharing_enabled":true,"_links":{"self":[{"href":"https:\/\/frantoiocongedi.com\/fr\/wp-json\/wp\/v2\/product\/4519","targetHints":{"allow":["GET"]}}],"collection":[{"href":"https:\/\/frantoiocongedi.com\/fr\/wp-json\/wp\/v2\/product"}],"about":[{"href":"https:\/\/frantoiocongedi.com\/fr\/wp-json\/wp\/v2\/types\/product"}],"version-history":[{"count":1,"href":"https:\/\/frantoiocongedi.com\/fr\/wp-json\/wp\/v2\/product\/4519\/revisions"}],"predecessor-version":[{"id":2000001196,"href":"https:\/\/frantoiocongedi.com\/fr\/wp-json\/wp\/v2\/product\/4519\/revisions\/2000001196"}],"wp:featuredmedia":[{"embeddable":true,"href":"https:\/\/frantoiocongedi.com\/fr\/wp-json\/wp\/v2\/media\/4521"}],"wp:attachment":[{"href":"https:\/\/frantoiocongedi.com\/fr\/wp-json\/wp\/v2\/media?parent=4519"}],"wp:term":[{"taxonomy":"product_brand","embeddable":true,"href":"https:\/\/frantoiocongedi.com\/fr\/wp-json\/wp\/v2\/product_brand?post=4519"},{"taxonomy":"product_cat","embeddable":true,"href":"https:\/\/frantoiocongedi.com\/fr\/wp-json\/wp\/v2\/product_cat?post=4519"},{"taxonomy":"product_tag","embeddable":true,"href":"https:\/\/frantoiocongedi.com\/fr\/wp-json\/wp\/v2\/product_tag?post=4519"}],"curies":[{"name":"wp","href":"https:\/\/api.w.org\/{rel}","templated":true}]}}