{"id":4544,"date":"2025-06-18T11:40:36","date_gmt":"2025-06-18T11:40:36","guid":{"rendered":"https:\/\/frantoiocongedi.com\/product\/amphora-collection-coral-huile-dolive-vierge-extra-05-l\/"},"modified":"2026-04-07T08:56:26","modified_gmt":"2026-04-07T08:56:26","slug":"amphora-collection-coral-huile-dolive-vierge-extra-05-l","status":"publish","type":"product","link":"https:\/\/frantoiocongedi.com\/fr\/prodotto\/amphora-collection-coral-huile-dolive-vierge-extra-05-l\/","title":{"rendered":"Amphora Collection Coral &#8211; huile d&rsquo;olive vierge extra &#8211; 0,5 l"},"content":{"rendered":"<p>Huile d&rsquo;olive extra vierge<\/p>\n<p>D&rsquo;une ancienne tradition des Pouilles, dans le Salento, na\u00eet le projet \u00ab\u00a0Anfora Collection\u00a0\u00bb, qui englobe l&rsquo;art du travail de la terre cuite et l&rsquo;ancienne tradition de production d&rsquo;huile d&rsquo;olive de la famille Congedi. Nous vous la pr\u00e9sentons en diff\u00e9rentes couleurs et avec un design moderne et raffin\u00e9. Il peut \u00eatre un accessoire d&rsquo;ameublement original, avec un bouchon distributeur.  <\/p>\n<p>Code 0120 &#8211; Amphora Corallo Evo 500 ml \u00ab\u00a0Collection Line\u00a0\u00bb &#8211; EAN code 8052405231208<\/p>\n","protected":false},"excerpt":{"rendered":"<p>Huile d&rsquo;olive extra vierge D&rsquo;une ancienne tradition des Pouilles, dans le Salento, na\u00eet le projet \u00ab\u00a0Anfora Collection\u00a0\u00bb, qui englobe l&rsquo;art<\/p>\n","protected":false},"featured_media":4546,"template":"","meta":[],"product_brand":[46],"product_cat":[128,109],"product_tag":[],"class_list":{"0":"post-4544","1":"product","2":"type-product","3":"status-publish","4":"has-post-thumbnail","6":"product_brand-frantoio-congedi","7":"product_cat-huile","8":"product_cat-idees-de-cadeaux","10":"first","11":"instock","12":"taxable","13":"shipping-taxable","14":"purchasable","15":"product-type-simple"},"jetpack_sharing_enabled":true,"_links":{"self":[{"href":"https:\/\/frantoiocongedi.com\/fr\/wp-json\/wp\/v2\/product\/4544","targetHints":{"allow":["GET"]}}],"collection":[{"href":"https:\/\/frantoiocongedi.com\/fr\/wp-json\/wp\/v2\/product"}],"about":[{"href":"https:\/\/frantoiocongedi.com\/fr\/wp-json\/wp\/v2\/types\/product"}],"version-history":[{"count":1,"href":"https:\/\/frantoiocongedi.com\/fr\/wp-json\/wp\/v2\/product\/4544\/revisions"}],"predecessor-version":[{"id":2000001453,"href":"https:\/\/frantoiocongedi.com\/fr\/wp-json\/wp\/v2\/product\/4544\/revisions\/2000001453"}],"wp:featuredmedia":[{"embeddable":true,"href":"https:\/\/frantoiocongedi.com\/fr\/wp-json\/wp\/v2\/media\/4546"}],"wp:attachment":[{"href":"https:\/\/frantoiocongedi.com\/fr\/wp-json\/wp\/v2\/media?parent=4544"}],"wp:term":[{"taxonomy":"product_brand","embeddable":true,"href":"https:\/\/frantoiocongedi.com\/fr\/wp-json\/wp\/v2\/product_brand?post=4544"},{"taxonomy":"product_cat","embeddable":true,"href":"https:\/\/frantoiocongedi.com\/fr\/wp-json\/wp\/v2\/product_cat?post=4544"},{"taxonomy":"product_tag","embeddable":true,"href":"https:\/\/frantoiocongedi.com\/fr\/wp-json\/wp\/v2\/product_tag?post=4544"}],"curies":[{"name":"wp","href":"https:\/\/api.w.org\/{rel}","templated":true}]}}