{"id":4552,"date":"2025-06-18T11:39:49","date_gmt":"2025-06-18T11:39:49","guid":{"rendered":"https:\/\/frantoiocongedi.com\/product\/anfora-collection-verde-huile-dolive-vierge-extra-05-l\/"},"modified":"2026-04-07T12:52:42","modified_gmt":"2026-04-07T12:52:42","slug":"anfora-collection-verde-huile-dolive-vierge-extra-05-l","status":"publish","type":"product","link":"https:\/\/frantoiocongedi.com\/fr\/prodotto\/anfora-collection-verde-huile-dolive-vierge-extra-05-l\/","title":{"rendered":"Anfora Collection Verde &#8211; huile d&rsquo;olive vierge extra &#8211; 0,5 l"},"content":{"rendered":"<h2>Anfora Collection Verde &#8211; huile d&rsquo;olive vierge extra &#8211; 0,5 l<\/h2>\n<p>Huile d&rsquo;olive extra vierge.<\/p>\n<p>D&rsquo;une ancienne tradition des Pouilles, dans le Salento, na\u00eet le projet \u00ab\u00a0Anfora Collection\u00a0\u00bb, qui englobe l&rsquo;art du travail de la terre cuite et l&rsquo;ancienne tradition de production d&rsquo;huile de la famille Congedi. Nous vous la pr\u00e9sentons en diff\u00e9rentes couleurs et avec un design moderne et raffin\u00e9. Il peut \u00eatre un accessoire d&rsquo;ameublement original, avec un bouchon distributeur.  <\/p>\n<footer class=\"page-footer\">\n<div class=\"punti-di-forza\">\n<div class=\"footer content\">\n<div class=\"container-inner\">\n<div class=\"content-punti\">\n<div class=\"row puntidiforza text-center\"><\/div>\n<\/div>\n<\/div>\n<\/div>\n<\/div>\n<\/footer>\n","protected":false},"excerpt":{"rendered":"<p>Anfora Collection Verde &#8211; huile d&rsquo;olive vierge extra &#8211; 0,5 l Huile d&rsquo;olive extra vierge. D&rsquo;une ancienne tradition des Pouilles,<\/p>\n","protected":false},"featured_media":2000001470,"template":"","meta":[],"product_brand":[46],"product_cat":[128,109],"product_tag":[],"class_list":{"0":"post-4552","1":"product","2":"type-product","3":"status-publish","4":"has-post-thumbnail","6":"product_brand-frantoio-congedi","7":"product_cat-huile","8":"product_cat-idees-de-cadeaux","10":"first","11":"instock","12":"taxable","13":"shipping-taxable","14":"purchasable","15":"product-type-simple"},"jetpack_sharing_enabled":true,"_links":{"self":[{"href":"https:\/\/frantoiocongedi.com\/fr\/wp-json\/wp\/v2\/product\/4552","targetHints":{"allow":["GET"]}}],"collection":[{"href":"https:\/\/frantoiocongedi.com\/fr\/wp-json\/wp\/v2\/product"}],"about":[{"href":"https:\/\/frantoiocongedi.com\/fr\/wp-json\/wp\/v2\/types\/product"}],"version-history":[{"count":1,"href":"https:\/\/frantoiocongedi.com\/fr\/wp-json\/wp\/v2\/product\/4552\/revisions"}],"predecessor-version":[{"id":2000001473,"href":"https:\/\/frantoiocongedi.com\/fr\/wp-json\/wp\/v2\/product\/4552\/revisions\/2000001473"}],"wp:featuredmedia":[{"embeddable":true,"href":"https:\/\/frantoiocongedi.com\/fr\/wp-json\/wp\/v2\/media\/2000001470"}],"wp:attachment":[{"href":"https:\/\/frantoiocongedi.com\/fr\/wp-json\/wp\/v2\/media?parent=4552"}],"wp:term":[{"taxonomy":"product_brand","embeddable":true,"href":"https:\/\/frantoiocongedi.com\/fr\/wp-json\/wp\/v2\/product_brand?post=4552"},{"taxonomy":"product_cat","embeddable":true,"href":"https:\/\/frantoiocongedi.com\/fr\/wp-json\/wp\/v2\/product_cat?post=4552"},{"taxonomy":"product_tag","embeddable":true,"href":"https:\/\/frantoiocongedi.com\/fr\/wp-json\/wp\/v2\/product_tag?post=4552"}],"curies":[{"name":"wp","href":"https:\/\/api.w.org\/{rel}","templated":true}]}}