{"id":4558,"date":"2025-06-18T11:34:14","date_gmt":"2025-06-18T11:34:14","guid":{"rendered":"https:\/\/frantoiocongedi.com\/product\/taralli-de-fenouil\/"},"modified":"2025-06-18T11:34:14","modified_gmt":"2025-06-18T11:34:14","slug":"taralli-de-fenouil","status":"publish","type":"product","link":"https:\/\/frantoiocongedi.com\/fr\/prodotto\/taralli-de-fenouil\/","title":{"rendered":"Taralli de fenouil"},"content":{"rendered":"<h2>Taralli de fenouil de Salento faits \u00e0 la main avec de l&rsquo;huile d&rsquo;olive extra vierge Congedi<\/h2>\n<p>D\u00e9couvrez nos Taralli de fenouil de Salento 300g, un vrai r\u00e9gal pour le palais, fait avec la tradition et la passion de Salento. Ces taralli, fabriqu\u00e9s \u00e0 la main selon d&rsquo;anciennes recettes du Salento, sont une expression authentique de la gastronomie locale, o\u00f9 le go\u00fbt rencontre la qualit\u00e9. <\/p>\n<p><strong>L&rsquo;ingr\u00e9dient secret ?<\/strong>  Une utilisation g\u00e9n\u00e9reuse de l&rsquo;huile d&rsquo;olive extra vierge Congedi, connue pour ses excellentes propri\u00e9t\u00e9s organoleptiques et ses bienfaits pour la sant\u00e9.<\/p>\n<p>Chaque tarallo est enrichi de graines de fenouil s\u00e9lectionn\u00e9es, qui conf\u00e8rent \u00e0 ces snacks croquants un ar\u00f4me incomparable et une saveur qui invite au rappel. Id\u00e9aux comme en-cas \u00e0 tout moment de la journ\u00e9e, nos taralli au fenouil sont parfaits pour accompagner les ap\u00e9ritifs, pour enrichir les paniers de pique-nique ou simplement pour s&rsquo;offrir un moment de pur plaisir. <\/p>\n<p>Choisir nos Taralli al Finocchio Salentini, c&rsquo;est choisir l&rsquo;excellence des ingr\u00e9dients authentiques, de l&rsquo;artisanat et de la saveur authentique du Salento. Commandez d\u00e8s maintenant et laissez-vous s\u00e9duire par le croquant et la saveur unique de nos taralli, directement chez vous. <\/p>\n","protected":false},"excerpt":{"rendered":"<p>Taralli de fenouil de Salento faits \u00e0 la main avec de l&rsquo;huile d&rsquo;olive extra vierge Congedi D\u00e9couvrez nos Taralli de<\/p>\n","protected":false},"featured_media":4559,"template":"","meta":[],"product_brand":[46],"product_cat":[107,106],"product_tag":[],"class_list":{"0":"post-4558","1":"product","2":"type-product","3":"status-publish","4":"has-post-thumbnail","6":"product_brand-frantoio-congedi","7":"product_cat-le-garde-manger","8":"product_cat-taralli","10":"first","11":"instock","12":"taxable","13":"shipping-taxable","14":"purchasable","15":"product-type-simple"},"jetpack_sharing_enabled":true,"_links":{"self":[{"href":"https:\/\/frantoiocongedi.com\/fr\/wp-json\/wp\/v2\/product\/4558","targetHints":{"allow":["GET"]}}],"collection":[{"href":"https:\/\/frantoiocongedi.com\/fr\/wp-json\/wp\/v2\/product"}],"about":[{"href":"https:\/\/frantoiocongedi.com\/fr\/wp-json\/wp\/v2\/types\/product"}],"version-history":[{"count":0,"href":"https:\/\/frantoiocongedi.com\/fr\/wp-json\/wp\/v2\/product\/4558\/revisions"}],"wp:featuredmedia":[{"embeddable":true,"href":"https:\/\/frantoiocongedi.com\/fr\/wp-json\/wp\/v2\/media\/4559"}],"wp:attachment":[{"href":"https:\/\/frantoiocongedi.com\/fr\/wp-json\/wp\/v2\/media?parent=4558"}],"wp:term":[{"taxonomy":"product_brand","embeddable":true,"href":"https:\/\/frantoiocongedi.com\/fr\/wp-json\/wp\/v2\/product_brand?post=4558"},{"taxonomy":"product_cat","embeddable":true,"href":"https:\/\/frantoiocongedi.com\/fr\/wp-json\/wp\/v2\/product_cat?post=4558"},{"taxonomy":"product_tag","embeddable":true,"href":"https:\/\/frantoiocongedi.com\/fr\/wp-json\/wp\/v2\/product_tag?post=4558"}],"curies":[{"name":"wp","href":"https:\/\/api.w.org\/{rel}","templated":true}]}}