{"id":4582,"date":"2025-06-18T11:33:01","date_gmt":"2025-06-18T11:33:01","guid":{"rendered":"https:\/\/frantoiocongedi.com\/product\/taralli-casarecci\/"},"modified":"2025-06-18T11:33:01","modified_gmt":"2025-06-18T11:33:01","slug":"taralli-casarecci","status":"publish","type":"product","link":"https:\/\/frantoiocongedi.com\/fr\/prodotto\/taralli-casarecci\/","title":{"rendered":"Taralli casarecci"},"content":{"rendered":"<h2>Taralli Caserecci Salentini \u00e0 l&rsquo;huile d&rsquo;olive extra vierge Congedi : authenticit\u00e9 et tradition 300g<\/h2>\n<p>&nbsp;<\/p>\n<p>Les Taralli Caserecci Salentini repr\u00e9sentent l&rsquo;essence de la tradition culinaire du Salento, apport\u00e9e directement \u00e0 votre table gr\u00e2ce au savoir-faire artisanal et \u00e0 l&rsquo;utilisation d&rsquo;ingr\u00e9dients authentiques. Fabriqu\u00e9s \u00e0 la main avec passion et d\u00e9vouement, ces taralli sont l&rsquo;expression la plus authentique de l&rsquo;h\u00e9ritage gastronomique du Salento, o\u00f9 la saveur rencontre la simplicit\u00e9 d&rsquo;ingr\u00e9dients de haute qualit\u00e9. <\/p>\n<p>L&rsquo;huile d&rsquo;olive extra vierge Congedi, principal ingr\u00e9dient de cette recette, est s\u00e9lectionn\u00e9e pour ses qualit\u00e9s nutritionnelles sup\u00e9rieures et son go\u00fbt riche qui conf\u00e8re aux taralli un parfum et un croquant uniques. Cette huile, extraite des meilleures olives des Pouilles, est la base qui rend nos taralli maison non seulement d\u00e9licieux, mais qui apporte \u00e9galement une valeur ajout\u00e9e en termes de sant\u00e9 et de bien-\u00eatre. <\/p>\n<p>Id\u00e9aux comme en-cas \u00e0 tout moment de la journ\u00e9e, les Taralli Caserecci Salentini sont parfaits pour accompagner les hors-d&rsquo;\u0153uvre, les fromages et les vins locaux, enrichissant chaque moment de convivialit\u00e9 avec le vrai go\u00fbt du sud de l&rsquo;Italie. Leur recette, transmise de g\u00e9n\u00e9ration en g\u00e9n\u00e9ration, est un symbole de l&rsquo;hospitalit\u00e9 et de la tradition culinaire du Salento, offrant une exp\u00e9rience gustative qui parle de maison, de famille et de terre. <\/p>\n<p>En achetant nos Taralli Caserecci Salentini \u00e0 l&rsquo;huile d&rsquo;olive extra vierge Congedi, vous choisissez un produit qui c\u00e9l\u00e8bre la culture, le go\u00fbt et la tradition du Salento. Commandez d\u00e8s maintenant pour donner \u00e0 vos moments de pause une saveur authentique et inimitable. <\/p>\n","protected":false},"excerpt":{"rendered":"<p>Taralli Caserecci Salentini \u00e0 l&rsquo;huile d&rsquo;olive extra vierge Congedi : authenticit\u00e9 et tradition 300g &nbsp; Les Taralli Caserecci Salentini repr\u00e9sentent<\/p>\n","protected":false},"featured_media":4584,"template":"","meta":[],"product_brand":[46],"product_cat":[107,106],"product_tag":[],"class_list":{"0":"post-4582","1":"product","2":"type-product","3":"status-publish","4":"has-post-thumbnail","6":"product_brand-frantoio-congedi","7":"product_cat-le-garde-manger","8":"product_cat-taralli","10":"first","11":"instock","12":"taxable","13":"shipping-taxable","14":"purchasable","15":"product-type-simple"},"jetpack_sharing_enabled":true,"_links":{"self":[{"href":"https:\/\/frantoiocongedi.com\/fr\/wp-json\/wp\/v2\/product\/4582","targetHints":{"allow":["GET"]}}],"collection":[{"href":"https:\/\/frantoiocongedi.com\/fr\/wp-json\/wp\/v2\/product"}],"about":[{"href":"https:\/\/frantoiocongedi.com\/fr\/wp-json\/wp\/v2\/types\/product"}],"version-history":[{"count":0,"href":"https:\/\/frantoiocongedi.com\/fr\/wp-json\/wp\/v2\/product\/4582\/revisions"}],"wp:featuredmedia":[{"embeddable":true,"href":"https:\/\/frantoiocongedi.com\/fr\/wp-json\/wp\/v2\/media\/4584"}],"wp:attachment":[{"href":"https:\/\/frantoiocongedi.com\/fr\/wp-json\/wp\/v2\/media?parent=4582"}],"wp:term":[{"taxonomy":"product_brand","embeddable":true,"href":"https:\/\/frantoiocongedi.com\/fr\/wp-json\/wp\/v2\/product_brand?post=4582"},{"taxonomy":"product_cat","embeddable":true,"href":"https:\/\/frantoiocongedi.com\/fr\/wp-json\/wp\/v2\/product_cat?post=4582"},{"taxonomy":"product_tag","embeddable":true,"href":"https:\/\/frantoiocongedi.com\/fr\/wp-json\/wp\/v2\/product_tag?post=4582"}],"curies":[{"name":"wp","href":"https:\/\/api.w.org\/{rel}","templated":true}]}}