{"id":1197,"date":"2025-06-18T12:55:55","date_gmt":"2025-06-18T12:55:55","guid":{"rendered":"https:\/\/frantoiocongedi.com\/?page_id=1197"},"modified":"2026-02-04T11:43:18","modified_gmt":"2026-02-04T11:43:18","slug":"olio-salute","status":"publish","type":"page","link":"https:\/\/frantoiocongedi.com\/it\/olio-salute\/","title":{"rendered":"Olio e Salute"},"content":{"rendered":"\t\t<div data-elementor-type=\"wp-page\" data-elementor-id=\"1197\" class=\"elementor elementor-1197\">\n\t\t\t\t<div class=\"elementor-element elementor-element-ba521a8 e-con-full e-flex e-con e-parent\" data-id=\"ba521a8\" data-element_type=\"container\" data-e-type=\"container\">\n\t\t\t\t<div class=\"elementor-element elementor-element-ad85069 elementor-widget elementor-widget-heading\" data-id=\"ad85069\" data-element_type=\"widget\" data-e-type=\"widget\" data-widget_type=\"heading.default\">\n\t\t\t\t<div class=\"elementor-widget-container\">\n\t\t\t\t\t<h2 class=\"elementor-heading-title elementor-size-default\">L'olio extravergine di oliva di qualit\u00e0 fa bene proprio perch\u00e9 \u00e8 buono<\/h2>\t\t\t\t<\/div>\n\t\t\t\t<\/div>\n\t\t\t\t<div class=\"elementor-element elementor-element-14b7664 color-scheme-inherit text-left elementor-widget elementor-widget-text-editor\" data-id=\"14b7664\" data-element_type=\"widget\" data-e-type=\"widget\" data-widget_type=\"text-editor.default\">\n\t\t\t\t<div class=\"elementor-widget-container\">\n\t\t\t\t\t\t\t\t\t<p><em>Il nostro\u00a0<strong>Olio<\/strong>\u00a0\u00e8 ottimo per la tua\u00a0<strong>salute!<\/strong>\u00a0L\u2019<a href=\"https:\/\/www.oliocongedi.com\/olio-doliva-italiano-puglia\/\" target=\"_blank\" rel=\"noopener\">olio extravergine di oliva<\/a>\u00a0\u00e8 un elemento fondamentale della\u00a0<strong>\u201cdieta mediterranea\u201d<\/strong>\u00a0che da qualche anno \u00e8 in tutto il mondo sinonimo di gusto e salute. Infatti, rispetto agli altri condimenti di origine vegetale,\u00a0<strong>l\u2019olio<\/strong>\u00a0<strong>extravergine di oliva<\/strong>\u00a0\u00e8 sicuramente il pi\u00f9 gustoso, ma anche il pi\u00f9 benefico.<\/em><\/p>\t\t\t\t\t\t\t\t<\/div>\n\t\t\t\t<\/div>\n\t\t\t\t<div class=\"elementor-element elementor-element-0480567 color-scheme-inherit text-left elementor-widget elementor-widget-text-editor\" data-id=\"0480567\" data-element_type=\"widget\" data-e-type=\"widget\" data-widget_type=\"text-editor.default\">\n\t\t\t\t<div class=\"elementor-widget-container\">\n\t\t\t\t\t\t\t\t\t<p>Una caratteristica che nasce prima di tutto dal fatto di essere l\u2019unico olio che si ottiene semplicemente spremendo\u00a0<strong>l\u2019oliva,<\/strong>\u00a0senza l\u2019aiuto di solventi chimici o altri interventi industriali, come accade invece per gli altri oli o grassi vegetali. L\u2019<a href=\"https:\/\/www.oliocongedi.com\/olio-extravergine-italiano\/\" target=\"_blank\" rel=\"noopener\">olio extravergine di oliva<\/a>\u00a0contiene in quantit\u00e0 significativa potenti antiossidanti,\u00a0<strong>la vitamina E<\/strong>\u00a0ed\u00a0<strong>i polifenoli<\/strong>.<\/p><p>Inoltre, l\u2019<a href=\"https:\/\/www.oliocongedi.com\/qualita-olio-extravergine-pugliese\/\" target=\"_blank\" rel=\"noopener\">olio extravergine di oliva di qualit\u00e0<\/a>\u00a0fa bene proprio perch\u00e9 \u00e8\u00a0<strong>buono:<\/strong>\u00a0aggiunge ed esalta il sapore degli alimenti, ed \u00e8 il condimento con il miglior equilibrio di grassi. Infatti \u00e8 povero di grassi saturi, i maggiori responsabili dell\u2019aumento dei livelli di colesterolo nel sangue, \u00e8 ricco di grassi mono insaturi, ossia di acido oleico, e contiene grassi polinsaturi essenziali w6 ed w3 in corretto rapporto tra di loro, e praticamente similari a quelle del grasso del latte materno, influenzando positivamente il nostro organismo.<\/p><p>Nella maggior parte degli oli di semi i grassi polinsaturi w6 ed w3, oltre a non avere un rapporto ottimale, sono presenti in quantit\u00e0 elevate causando la formazione di radicali liberi ed impegnando la vitamina E esclusivamente nel suo ruolo antiossidante, vanificandone cos\u00ec l\u2019attivit\u00e0 vitaminica.<\/p>\t\t\t\t\t\t\t\t<\/div>\n\t\t\t\t<\/div>\n\t\t\t\t<div class=\"elementor-element elementor-element-68475c7 elementor-widget elementor-widget-heading\" data-id=\"68475c7\" data-element_type=\"widget\" data-e-type=\"widget\" data-widget_type=\"heading.default\">\n\t\t\t\t<div class=\"elementor-widget-container\">\n\t\t\t\t\t<h2 class=\"elementor-heading-title elementor-size-default\">Per una vita sana occorre una sana alimentazione<\/h2>\t\t\t\t<\/div>\n\t\t\t\t<\/div>\n\t\t\t\t<div class=\"elementor-element elementor-element-ec92b2c color-scheme-inherit text-left elementor-widget elementor-widget-text-editor\" data-id=\"ec92b2c\" data-element_type=\"widget\" data-e-type=\"widget\" data-widget_type=\"text-editor.default\">\n\t\t\t\t<div class=\"elementor-widget-container\">\n\t\t\t\t\t\t\t\t\t<p>Questo \u00e8 il concetto promotore degli studi intrapresi intorno agli anni \u201970 dallo scienziato statunitense\u00a0<strong>Ancel Keys<\/strong>, i cui risultati furono sintetizzati nella\u00a0<strong>\u201cdieta mediterranea\u201d<\/strong>.<br \/>Riassumendo, fu intuito e poi dimostrato da una ricerca condotta per 20 anni in Finlandia, Giappone, Grecia, Italia, Olanda, Stati Uniti e Jugoslavia, che il regime alimentare dei popoli che sia affacciano sul\u00a0<strong>Mar<\/strong>\u00a0<strong>Mediterraneo<\/strong>\u00a0determinano una aspettativa di vita per gli adulti tra le pi\u00f9 alte del mondo; con drastiche riduzioni per le incidenze relative alle malattie coronariche, ad alcuni tipi di tumore ed anche a molte altre malattie tutte correlabili allo stile alimentare.<\/p><p>Una<strong>\u00a0sana alimentazione<\/strong>\u00a0prevede prima di tutto l\u2019assunzione di quantit\u00e0 moderate di cibo, poi in seconda battuta una certa attenzione alla composizione chimica degli alimenti.<br \/>Il modello alimentare messo a punto da Ancel Keys che divenne noto come \u201cdieta mediterranea\u201d fonda le proprie ragioni su alcuni\u00a0<strong>alimenti<\/strong>\u00a0e tra questi, per quanto riguarda il tipo di lipidi da assumere, l\u2019<strong>olio Extra Vergine di oliva<\/strong>. L\u2019olio nella dieta mediterranea, per la sua concentrazione di acidi grassi monoinsaturi e polinsaturi, ha un ruolo fondamentale.<\/p>\t\t\t\t\t\t\t\t<\/div>\n\t\t\t\t<\/div>\n\t\t\t\t<div class=\"elementor-element elementor-element-1b1bfe4 elementor-widget elementor-widget-image\" data-id=\"1b1bfe4\" data-element_type=\"widget\" data-e-type=\"widget\" data-widget_type=\"image.default\">\n\t\t\t\t<div class=\"elementor-widget-container\">\n\t\t\t\t\t\t\t\t\t\t\t\t\t\t\t<img loading=\"lazy\" decoding=\"async\" width=\"1000\" height=\"667\" src=\"https:\/\/frantoiocongedi.com\/wp-content\/uploads\/2025\/06\/olio-e-salute_1.jpg\" class=\"attachment-large size-large wp-image-1202\" alt=\"\" srcset=\"https:\/\/frantoiocongedi.com\/wp-content\/uploads\/2025\/06\/olio-e-salute_1.jpg 1000w, https:\/\/frantoiocongedi.com\/wp-content\/uploads\/2025\/06\/olio-e-salute_1-150x100.jpg 150w, https:\/\/frantoiocongedi.com\/wp-content\/uploads\/2025\/06\/olio-e-salute_1-300x200.jpg 300w, https:\/\/frantoiocongedi.com\/wp-content\/uploads\/2025\/06\/olio-e-salute_1-768x512.jpg 768w\" sizes=\"auto, (max-width: 1000px) 100vw, 1000px\" \/>\t\t\t\t\t\t\t\t\t\t\t\t\t\t\t<\/div>\n\t\t\t\t<\/div>\n\t\t\t\t<div class=\"elementor-element elementor-element-eb30fa1 elementor-widget elementor-widget-heading\" data-id=\"eb30fa1\" data-element_type=\"widget\" data-e-type=\"widget\" data-widget_type=\"heading.default\">\n\t\t\t\t<div class=\"elementor-widget-container\">\n\t\t\t\t\t<h2 class=\"elementor-heading-title elementor-size-default\">L\u2019Olio Extra Vergine di Oliva e gli altri Grassi<\/h2>\t\t\t\t<\/div>\n\t\t\t\t<\/div>\n\t\t\t\t<div class=\"elementor-element elementor-element-89da830 color-scheme-inherit text-left elementor-widget elementor-widget-text-editor\" data-id=\"89da830\" data-element_type=\"widget\" data-e-type=\"widget\" data-widget_type=\"text-editor.default\">\n\t\t\t\t<div class=\"elementor-widget-container\">\n\t\t\t\t\t\t\t\t\t<p>Tutti i grassi e gli oli contengono per il 98% trigliceridi a loro volta costituiti da acidi grassi. Gli acidi grassi possono essere nella forma satura, in quella monoinsatura ed infine in quella polinsatura. Per cercare il giusto equilibrio per la nostra alimentazione dobbiamo sapere che:<\/p><p><strong>Gli acidi grassi saturi<\/strong>, abbondano nei grassi animali, e fanno aumentare sensibilmente i livelli di colesterolo nel sangue, con tutte le conseguenze ormai note sull\u2019aterosclerosi e le cardiopatie coronariche;<\/p><p><strong>Gli acidi grassi polinsaturi (linoleico e linolenico)<\/strong>, abbondano negli oli di semi, riducono nel sangue il colesterolo-LDL (quello cattivo), ma riducono anche il colesterolo HDL (quello buono!). Dobbiamo ancora sapere che gli organismi animali non sono in grado di fabbricare gli acidi linoleico e linolenico per cui dobbiamo obbligatoriamente assumerli con la dieta. MA SENZA ESAGERARE! Infatti, gli acidi polinsaturi sono anche altamente instabili ed un loro eccesso oltre a non essere necessario, \u00e8 addirittura dannoso per l\u2019organismo. Essi si ossidano molto velocemente formando radicali liberi, concorrendo quindi all\u2019invecchiamento cellulare, e provocando tumori di vario tipo, ed in particolare il cancro del colon e della mammella.<\/p><p><strong>Gli acidi grassi monoinsaturi (acido oleico)<\/strong>, abbondano nell\u2019olio di oliva, riducono sensibilmente il colesterolo LDL (quello cattivo!) senza diminuire il colesterolo buono o HDL. Inoltre essi hanno una ottima resistenza all\u2019ossidazione.<\/p>\t\t\t\t\t\t\t\t<\/div>\n\t\t\t\t<\/div>\n\t\t\t\t<div class=\"elementor-element elementor-element-66b6bca elementor-widget elementor-widget-heading\" data-id=\"66b6bca\" data-element_type=\"widget\" data-e-type=\"widget\" data-widget_type=\"heading.default\">\n\t\t\t\t<div class=\"elementor-widget-container\">\n\t\t\t\t\t<h2 class=\"elementor-heading-title elementor-size-default\">Un concentrato di antiossidanti<\/h2>\t\t\t\t<\/div>\n\t\t\t\t<\/div>\n\t\t\t\t<\/div>\n\t\t<div class=\"wd-negative-gap elementor-element elementor-element-5639e7c e-flex e-con-boxed e-con e-parent\" data-id=\"5639e7c\" data-element_type=\"container\" data-e-type=\"container\">\n\t\t\t\t\t<div class=\"e-con-inner\">\n\t\t\t\t<div class=\"elementor-element elementor-element-0a7be27 color-scheme-inherit text-left elementor-widget elementor-widget-text-editor\" data-id=\"0a7be27\" data-element_type=\"widget\" data-e-type=\"widget\" data-widget_type=\"text-editor.default\">\n\t\t\t\t<div class=\"elementor-widget-container\">\n\t\t\t\t\t\t\t\t\t<p><strong>La vitamina \u201cE\u201d:<\/strong>\u00a0L\u2019ossidazione dei grassi \u00e8 contrastata dalle sostanze antiossidanti presenti negli alimenti stessi. Un giusto equilibrio si ha allorquando il rapporto tra la vitamina E e l\u2019acido linoleico \u00e8 superiore a 0.79. Negli oli di semi tale rapporto \u00e8 sfavorevole e variabile tra 0.30 e 0.50, mentre nell\u2019olio di oliva e pari a 1.87, ovvero pi\u00f9 del doppio di quanto necessario a salvaguardare la formazione di endoperossidi che, attivando l\u2019aggregazione delle piastrine, aumentano il rischio delle trombosi.Il buon rapporto tra vitamina E e acidi polinsaturi combatte anche la formazione di radicali liberi nell\u2019organismo contrastando cos\u00ec i processi di invecchiamento delle strutture cellulari, la cancerogenesi, il danno epatico, e la stessa aterosclerosi.<\/p><p><strong>I Polifenoli:<\/strong>\u00a0L\u2019oliva \u00e8 una fortunata eccezione nel mondo naturale: \u00e8 un frutto in cui il grasso \u00e8 presente in piccola parte nel seme (il nocciolo) e la restante parte \u00e8 presente nel frutto acquoso. Negli oli derivati dai semi, il grasso \u00e8 invece contenuto interamente nel seme. La natura ha perci\u00f2 donato all\u2019oliva e quindi al suo olio, un gruppo di sostanze, potentissimi antiossidanti in aggiunta agli elevati contenuti di vitamina \u201cE\u201d: I polifenoli. Essi oltre alla azione antiossidante hanno anche un ruolo importantissimo nel conferire all\u2019olio extravergine di oliva quel gusto vivace, leggermente amaro e piccante che svolge un ruolo fisiologico importantissimo nell\u2019alimentazione, migliorando l\u2019appetibilit\u00e0 delle vivande e conferendo agli alimenti una migliore digeribilit\u00e0.<\/p>\t\t\t\t\t\t\t\t<\/div>\n\t\t\t\t<\/div>\n\t\t\t\t\t<\/div>\n\t\t\t\t<\/div>\n\t\t\t\t<\/div>\n\t\t","protected":false},"excerpt":{"rendered":"<p>L&#8217;olio extravergine di oliva di qualit\u00e0 fa bene proprio perch\u00e9 \u00e8 buono Il nostro\u00a0Olio\u00a0\u00e8 ottimo per la tua\u00a0salute!\u00a0L\u2019olio extravergine di<\/p>\n","protected":false},"author":1,"featured_media":0,"parent":0,"menu_order":0,"comment_status":"closed","ping_status":"closed","template":"","meta":{"footnotes":""},"class_list":["post-1197","page","type-page","status-publish","hentry"],"jetpack_sharing_enabled":true,"_links":{"self":[{"href":"https:\/\/frantoiocongedi.com\/it\/wp-json\/wp\/v2\/pages\/1197","targetHints":{"allow":["GET"]}}],"collection":[{"href":"https:\/\/frantoiocongedi.com\/it\/wp-json\/wp\/v2\/pages"}],"about":[{"href":"https:\/\/frantoiocongedi.com\/it\/wp-json\/wp\/v2\/types\/page"}],"author":[{"embeddable":true,"href":"https:\/\/frantoiocongedi.com\/it\/wp-json\/wp\/v2\/users\/1"}],"replies":[{"embeddable":true,"href":"https:\/\/frantoiocongedi.com\/it\/wp-json\/wp\/v2\/comments?post=1197"}],"version-history":[{"count":8,"href":"https:\/\/frantoiocongedi.com\/it\/wp-json\/wp\/v2\/pages\/1197\/revisions"}],"predecessor-version":[{"id":3131,"href":"https:\/\/frantoiocongedi.com\/it\/wp-json\/wp\/v2\/pages\/1197\/revisions\/3131"}],"wp:attachment":[{"href":"https:\/\/frantoiocongedi.com\/it\/wp-json\/wp\/v2\/media?parent=1197"}],"curies":[{"name":"wp","href":"https:\/\/api.w.org\/{rel}","templated":true}]}}