{"id":1297,"date":"2025-06-18T13:59:22","date_gmt":"2025-06-18T13:59:22","guid":{"rendered":"https:\/\/frantoiocongedi.com\/?page_id=1297"},"modified":"2026-04-12T08:50:10","modified_gmt":"2026-04-12T08:50:10","slug":"azienda","status":"publish","type":"page","link":"https:\/\/frantoiocongedi.com\/it\/azienda\/","title":{"rendered":"Azienda"},"content":{"rendered":"\t\t<div data-elementor-type=\"wp-page\" data-elementor-id=\"1297\" class=\"elementor elementor-1297\">\n\t\t\t\t<div class=\"wd-negative-gap elementor-element elementor-element-c98be3c e-flex e-con-boxed e-con e-parent\" data-id=\"c98be3c\" data-element_type=\"container\" data-e-type=\"container\">\n\t\t\t\t\t<div class=\"e-con-inner\">\n\t\t\t\t<div class=\"elementor-element elementor-element-d0fbb07 elementor-widget elementor-widget-heading\" data-id=\"d0fbb07\" data-element_type=\"widget\" data-e-type=\"widget\" data-widget_type=\"heading.default\">\n\t\t\t\t<div class=\"elementor-widget-container\">\n\t\t\t\t\t<h2 class=\"elementor-heading-title elementor-size-default\">La nostra mission \u00e8 quella di valorizzare i prodotti tradizionali del Salento, la nostra terra,nel rispetto della salvaguardia ambientale e della tradizione di famiglia.<\/h2>\t\t\t\t<\/div>\n\t\t\t\t<\/div>\n\t\t\t\t<div class=\"elementor-element elementor-element-d1ddf93 color-scheme-inherit text-left elementor-widget elementor-widget-text-editor\" data-id=\"d1ddf93\" data-element_type=\"widget\" data-e-type=\"widget\" data-widget_type=\"text-editor.default\">\n\t\t\t\t<div class=\"elementor-widget-container\">\n\t\t\t\t\t\t\t\t\t<p>I nostri punti di forza sono numerosi. Innanzitutto, una delle peculiarit\u00e0 della nostra azienda olearia di cui siamo particolarmente fieri \u00e8 rappresentata dall\u2019utilizzo per la produzione dell\u2019\u00a0<a href=\"https:\/\/www.oliocongedi.com\/olio-pugliese\" target=\"_blank\" rel=\"noopener\"><strong>olio extra vergine di oliva<\/strong>\u00a0<\/a>di tecniche innovative, di ultima generazione, che ci permettono di lavorare in modo completamente sostenibile, riducendo, anzi andando ad azzerare del tutto l\u2019impatto sull\u2019ambiente. A ci\u00f2 siamo giunti tramite diversi, sapienti accorgimenti in ottica\u00a0<strong>ecosostenibile<\/strong>, come ad esempio riutilizzando gli scarti di produzione come combustibile, come fertilizzante e come integratore nei mangimi animali oppure ricavando dall\u2019impianto fotovoltaico l\u2019energia necessaria per l\u2019impianto di produzione. Inoltre, con i moderni impianti siamo riusciti a ridurre il consumo idrico necessario alla produzione dell\u2019olio extra vergine di oliva, migliorando al tempo stesso la\u00a0<strong>qualit\u00e0<\/strong>\u00a0del prodotto finale. Un connubio tra attenzione per l\u2019ambiente e ricerca di alti standard qualitativi che \u00e8 il riassunto perfetto di tutto ci\u00f2 che \u00e8 olio extra vergine di oliva Congedi.<\/p>\t\t\t\t\t\t\t\t<\/div>\n\t\t\t\t<\/div>\n\t\t\t\t<div class=\"elementor-element elementor-element-575a14e elementor-widget elementor-widget-image\" data-id=\"575a14e\" data-element_type=\"widget\" data-e-type=\"widget\" data-widget_type=\"image.default\">\n\t\t\t\t<div class=\"elementor-widget-container\">\n\t\t\t\t\t\t\t\t\t\t\t\t\t\t\t<img loading=\"lazy\" decoding=\"async\" width=\"800\" height=\"533\" src=\"https:\/\/frantoiocongedi.com\/wp-content\/uploads\/2025\/06\/azienda.jpg\" class=\"attachment-large size-large wp-image-1299\" alt=\"\" srcset=\"https:\/\/frantoiocongedi.com\/wp-content\/uploads\/2025\/06\/azienda.jpg 800w, https:\/\/frantoiocongedi.com\/wp-content\/uploads\/2025\/06\/azienda-150x100.jpg 150w, https:\/\/frantoiocongedi.com\/wp-content\/uploads\/2025\/06\/azienda-300x200.jpg 300w, https:\/\/frantoiocongedi.com\/wp-content\/uploads\/2025\/06\/azienda-768x512.jpg 768w\" sizes=\"auto, (max-width: 800px) 100vw, 800px\" \/>\t\t\t\t\t\t\t\t\t\t\t\t\t\t\t<\/div>\n\t\t\t\t<\/div>\n\t\t\t\t\t<\/div>\n\t\t\t\t<\/div>\n\t\t<div class=\"wd-negative-gap elementor-element elementor-element-144f4f7 e-flex e-con-boxed e-con e-parent\" data-id=\"144f4f7\" data-element_type=\"container\" data-e-type=\"container\">\n\t\t\t\t\t<div class=\"e-con-inner\">\n\t\t\t\t<div class=\"elementor-element elementor-element-67e49a7 color-scheme-inherit text-left elementor-widget elementor-widget-text-editor\" data-id=\"67e49a7\" data-element_type=\"widget\" data-e-type=\"widget\" data-widget_type=\"text-editor.default\">\n\t\t\t\t<div class=\"elementor-widget-container\">\n\t\t\t\t\t\t\t\t\t<p><br \/>L\u2019intera attivit\u00e0 della nostra azienda, dai grandi processi produttivi fin nei minimi dettagli, viene curata con dedizione e passione, al fine di garantire ai nostri clienti il costante e progressivo miglioramento del risultato finale. Il nostro cliente \u2013 vero perno attorno cui ruota il nostro impegno quotidiano \u2013 e al quale garantiamo\u00a0<strong>attenzione<\/strong>,\u00a0<strong>qualit\u00e0<\/strong>\u00a0e\u00a0<strong>innovazione<\/strong>, porter\u00e0 cos\u00ec a casa un\u00a0<strong>prodotto di altissima qualit\u00e0<\/strong>,\u00a0<strong>100% italiano<\/strong>, un\u00a0<strong>olio pugliese<\/strong>,\u00a0<a href=\"https:\/\/www.oliocongedi.com\/coltivato-nel-salento\" target=\"_blank\" rel=\"noopener\"><strong>coltivato nel Salento<\/strong>\u00a0<\/a>.<\/p><p>La\u00a0<strong>Olio Congedi<\/strong>, nel corso della sua lunga storia, \u00e8 stata un\u2019\u00a0<strong>azienda salentina<\/strong>\u00a0che si \u00e8 sempre distinta per la volont\u00e0 di migliorare sempre e incessantemente l\u2019\u00a0<a href=\"https:\/\/www.oliocongedi.com\/olio-extravergine-italiano\" target=\"_blank\" rel=\"noopener\"><strong>olio extra vergine di oliva<\/strong>\u00a0<\/a>che orgogliosamente produce, partendo dalla cura dell\u2019\u00a0<strong>ulivo<\/strong>\u00a0sino alla produzione e successiva conservazione dell\u2019\u00a0<a href=\"https:\/\/www.oliocongedi.com\/olio-del-salento\" target=\"_blank\" rel=\"noopener\"><strong>olio extra vergine salentino<\/strong>\u00a0<\/a>, che avviene sotto temperatura controllata e in serbatoi di acciaio inox, conservandolo poi sotto azoto, per garantire qualit\u00e0 elevate al prodotto durante la fase di stoccaggio e confezionamento.<br \/><br \/>La tradizione di famiglia ha svolto un ruolo fondamentale nella storia della nostra attivit\u00e0, perch\u00e9 ha permesso il tramandarsi di saperi e segreti di antichissima genesi che sono sopravvissuti allo scorrere del tempo, donando oggi alla nostra terra, il\u00a0<a href=\"https:\/\/www.oliocongedi.com\/salento\" target=\"_blank\" rel=\"noopener\"><strong>Salento<\/strong>\u00a0<\/a>, la possibilit\u00e0 di avere un\u00a0<strong>prodotto artigianale<\/strong>,\u00a0<strong>tipico salentino<\/strong>, il quale non solo risponde alle esigenze di innovazione e sostenibilit\u00e0 del mercato, ma ha un quid che lo rende unico e distinguibile da tutti gli altri: la\u00a0<strong>forza della tradizione<\/strong>. Di pari passo, ci\u00f2 che d\u00e0 un contributo notevole alla realizzazione di un prodotto di massima qualit\u00e0 \u00e8 la\u00a0<strong>grande passione<\/strong>\u00a0che tutti i familiari e dipendenti dedicano al proprio lavoro quotidianamente. Quest\u2019ultima ha costituito un ingrediente fondamentale nell\u2019ottenimento di diversi\u00a0<a href=\"https:\/\/www.oliocongedi.com\/riconoscimenti\" target=\"_blank\" rel=\"noopener\"><strong>premi e riconoscimenti<\/strong>\u00a0<\/a>di prestigio nel settore.<\/p>\t\t\t\t\t\t\t\t<\/div>\n\t\t\t\t<\/div>\n\t\t\t\t\t<\/div>\n\t\t\t\t<\/div>\n\t\t<div class=\"wd-negative-gap elementor-element elementor-element-40fe323 e-flex e-con-boxed e-con e-parent\" data-id=\"40fe323\" data-element_type=\"container\" data-e-type=\"container\">\n\t\t\t\t\t<div class=\"e-con-inner\">\n\t\t\t\t<div class=\"elementor-element elementor-element-df904a5 elementor-widget elementor-widget-image\" data-id=\"df904a5\" data-element_type=\"widget\" data-e-type=\"widget\" data-widget_type=\"image.default\">\n\t\t\t\t<div class=\"elementor-widget-container\">\n\t\t\t\t\t\t\t\t\t\t\t\t\t\t\t<img loading=\"lazy\" decoding=\"async\" width=\"900\" height=\"600\" src=\"https:\/\/frantoiocongedi.com\/wp-content\/uploads\/2025\/06\/IMG_5655.jpg\" class=\"attachment-large size-large wp-image-1300\" alt=\"\" srcset=\"https:\/\/frantoiocongedi.com\/wp-content\/uploads\/2025\/06\/IMG_5655.jpg 900w, https:\/\/frantoiocongedi.com\/wp-content\/uploads\/2025\/06\/IMG_5655-150x100.jpg 150w, https:\/\/frantoiocongedi.com\/wp-content\/uploads\/2025\/06\/IMG_5655-300x200.jpg 300w, https:\/\/frantoiocongedi.com\/wp-content\/uploads\/2025\/06\/IMG_5655-768x512.jpg 768w\" sizes=\"auto, (max-width: 900px) 100vw, 900px\" \/>\t\t\t\t\t\t\t\t\t\t\t\t\t\t\t<\/div>\n\t\t\t\t<\/div>\n\t\t\t\t<div class=\"elementor-element elementor-element-797cfd2 color-scheme-inherit text-left elementor-widget elementor-widget-text-editor\" data-id=\"797cfd2\" data-element_type=\"widget\" data-e-type=\"widget\" data-widget_type=\"text-editor.default\">\n\t\t\t\t<div class=\"elementor-widget-container\">\n\t\t\t\t\t\t\t\t\t<p>\u00a0<\/p><p>In fine, ma non per importanza, uno dei punti di forza dell\u2019azienda, totalmente gratuito, \u00e8 il\u00a0<strong>mare<\/strong>. Lo splendido\u00a0<strong>mare salentino<\/strong>, dal blu delle sue profondit\u00e0, porta la sua influenza fino alle assolate e gialle\u00a0<strong>terre salentine<\/strong>, fin dove si estendono gli\u00a0<strong>uliveti<\/strong>\u00a0dell\u2019azienda\u00a0<strong>Olio Congedi<\/strong>, offrendo un microclima favorevole alla crescita e alla sana conservazione dell\u2019\u00a0<strong>albero di ulivo<\/strong>, permettendo cos\u00ec ancora prima della maturazione e della raccolta delle\u00a0<strong>olive<\/strong>\u00a0lo sviluppo di un ambiente con tutte le carte in regola per risultare vincente.<\/p><p>\u00a0<\/p>\t\t\t\t\t\t\t\t<\/div>\n\t\t\t\t<\/div>\n\t\t\t\t\t<\/div>\n\t\t\t\t<\/div>\n\t\t\t\t<\/div>\n\t\t","protected":false},"excerpt":{"rendered":"<p>La nostra mission \u00e8 quella di valorizzare i prodotti tradizionali del Salento, la nostra terra,nel rispetto della salvaguardia ambientale e<\/p>\n","protected":false},"author":1,"featured_media":0,"parent":0,"menu_order":0,"comment_status":"closed","ping_status":"closed","template":"","meta":{"footnotes":""},"class_list":["post-1297","page","type-page","status-publish","hentry"],"jetpack_sharing_enabled":true,"_links":{"self":[{"href":"https:\/\/frantoiocongedi.com\/it\/wp-json\/wp\/v2\/pages\/1297","targetHints":{"allow":["GET"]}}],"collection":[{"href":"https:\/\/frantoiocongedi.com\/it\/wp-json\/wp\/v2\/pages"}],"about":[{"href":"https:\/\/frantoiocongedi.com\/it\/wp-json\/wp\/v2\/types\/page"}],"author":[{"embeddable":true,"href":"https:\/\/frantoiocongedi.com\/it\/wp-json\/wp\/v2\/users\/1"}],"replies":[{"embeddable":true,"href":"https:\/\/frantoiocongedi.com\/it\/wp-json\/wp\/v2\/comments?post=1297"}],"version-history":[{"count":4,"href":"https:\/\/frantoiocongedi.com\/it\/wp-json\/wp\/v2\/pages\/1297\/revisions"}],"predecessor-version":[{"id":1305,"href":"https:\/\/frantoiocongedi.com\/it\/wp-json\/wp\/v2\/pages\/1297\/revisions\/1305"}],"wp:attachment":[{"href":"https:\/\/frantoiocongedi.com\/it\/wp-json\/wp\/v2\/media?parent=1297"}],"curies":[{"name":"wp","href":"https:\/\/api.w.org\/{rel}","templated":true}]}}