{"id":1650,"date":"2025-11-19T10:23:18","date_gmt":"2025-11-19T10:23:18","guid":{"rendered":"https:\/\/frantoiocongedi.com\/?page_id=1650"},"modified":"2026-02-04T11:44:52","modified_gmt":"2026-02-04T11:44:52","slug":"olio-della-puglia","status":"publish","type":"page","link":"https:\/\/frantoiocongedi.com\/it\/olio-della-puglia\/","title":{"rendered":"Olio della Puglia"},"content":{"rendered":"\n<p>Il clima della Puglia, la&nbsp;<strong>qualit\u00e0<\/strong>&nbsp;delle nostre olive, la&nbsp;<strong>raccolta a mano<\/strong>&nbsp;e la&nbsp;<strong>molitura in giornata con estrazione a freddo<\/strong>&nbsp;ci permettono di offrirvi un ottimo&nbsp;<strong>olio del Salento di eccellente qualit\u00e0<\/strong>.<\/p>\n\n\n\n<hr class=\"wp-block-separator has-alpha-channel-opacity\"\/>\n\n\n\n<p>I nostri campi, ricchi di&nbsp;<strong>ulivi ultracentenari<\/strong>, donano all\u2019<strong>olio della Puglia<\/strong>&nbsp;un&nbsp;<strong>sapore inconfondibile<\/strong>, con cui condire le proprie pietanze per dare un&nbsp;<strong>gusto unico<\/strong>&nbsp;degno di un&nbsp;<strong>piatto prelibato<\/strong>.<\/p>\n\n\n\n<p>La&nbsp;<strong>tradizione di famiglia<\/strong>&nbsp;e le<strong>&nbsp;analisi dettagliate<\/strong>&nbsp;svolte sui nostri&nbsp;<strong>ulivi<\/strong>&nbsp;e sui nostri&nbsp;<strong>terreni<\/strong>&nbsp;hanno svolto un ruolo fondamentale nell\u2019obiettivo di migliorare sempre e incessantemente il prodotto da offrire ai nostri clienti, curando fin nei minimi particolari ogni passaggio del ciclo produttivo, fino al processo vero e proprio di produzione e successiva conservazione dell\u2019<a href=\"https:\/\/www.oliocongedi.com\/olio-extravergine-italiano\/\" target=\"_blank\" rel=\"noopener\">olio extra vergine di oliva italiano<\/a>.<br>Grazie all\u2019utilizzo del procedimento di molitura delle&nbsp;<strong>olive spremute a freddo<\/strong>, siamo riusciti ad ottenere negli anni un prodotto di&nbsp;<strong>alta qualit\u00e0<\/strong>, che viene conservato sotto temperatura controllata, con l\u2019utilizzo di azoto, e in serbatoi di acciaio inox, per garantire qualit\u00e0 elevate ai nostri&nbsp;<strong>Oli Extravergine d\u2019Oliva<\/strong>.<br>Uno dei punti di forza dell\u2019azienda \u00e8 la vicinanza al&nbsp;<strong>mare<\/strong>&nbsp;che offre un microclima favorevole alla&nbsp;<strong>pianta,<\/strong>&nbsp;in combinazione alla&nbsp;<strong>passione<\/strong>&nbsp;che tutti i familiari e dipendenti dedicano al proprio lavoro quotidianamente, per raggiungere la massima&nbsp;<strong>qualit\u00e0<\/strong>&nbsp;che ad oggi \u00e8 riconosciuta con diversi&nbsp;<a href=\"https:\/\/www.oliocongedi.com\/riconoscimenti\/\" target=\"_blank\" rel=\"noopener\">premi e riconoscimenti.<\/a>&nbsp;Tra questi, bisogna ricordare il riconoscimento molto prestigioso da parte della nota rivista<strong>&nbsp;Gambero Rosso<\/strong>, da cui il frantoio Congedi \u00e8 stato premiato con il massimo punteggio di Tre Foglie.<\/p>\n\n\n\n<p>Il&nbsp;<strong>clima<\/strong>&nbsp;della&nbsp;<a href=\"https:\/\/www.oliocongedi.com\/puglia\/\" target=\"_blank\" rel=\"noopener\"><strong>Puglia,<\/strong><\/a>&nbsp;la&nbsp;<strong>qualit\u00e0<\/strong>&nbsp;delle nostre&nbsp;<strong>olive,<\/strong>&nbsp;la&nbsp;<strong>raccolta a mano<\/strong>&nbsp;e la&nbsp;<strong>molitura in giornata<\/strong>&nbsp;con&nbsp;<strong>estrazione a freddo<\/strong>&nbsp;rappresentano gli ingredienti fondamentali che ci permettono di offrirvi un&nbsp;<a href=\"https:\/\/www.oliocongedi.com\/olio-pugliese\/\" target=\"_blank\" rel=\"noopener\"><strong>olio pugliese di qualit\u00e0<\/strong><\/a>.<br>I nostri campi, ricchi di&nbsp;<strong>ulivi ultracentenari<\/strong>, donano all\u2019<strong>olio della&nbsp;<a href=\"https:\/\/www.oliocongedi.com\/puglia\/\" target=\"_blank\" rel=\"noopener\">Puglia<\/a><\/strong>&nbsp;un sapore inconfondibile, con cui condire le proprie pietanze per dare un gusto unico degno di un piatto prelibato. L\u2019<a href=\"https:\/\/www.oliocongedi.com\/olio-del-salento\/\" target=\"_blank\" rel=\"noopener\">olio extra vergine di oliva&nbsp;<\/a>del&nbsp;<a href=\"https:\/\/www.oliocongedi.com\/salento\/\" target=\"_blank\" rel=\"noopener\">Salento<\/a>&nbsp;rappresenta uno degli alimenti fondamentali della&nbsp;<strong>dieta mediterranea<\/strong>, conosciuta in tutto il mondo per la sua capacit\u00e0 di coniugare bont\u00e0 e attenzione alla salute.<br>L\u2019<a href=\"https:\/\/www.oliocongedi.com\/coltivato-nel-salento\/\" target=\"_blank\" rel=\"noopener\"><strong>olio coltivato nel Salento<\/strong><\/a>&nbsp;ha una percentuale di acidit\u00e0 che non eccede mai l\u20191%, perci\u00f2 \u00e8 l\u2019ingrediente migliore per preparare un piatto perfetto. Basta qualche goccia di&nbsp;<a href=\"https:\/\/www.oliocongedi.com\/olio-doliva-italiano-puglia\/\" target=\"_blank\" rel=\"noopener\"><strong>olio extravergine d\u2019oliva<\/strong><\/a>, aggiunto crudo poco prima di servire in tavola, per rendere il tuo piatto pi\u00f9 gustoso, pi\u00f9 genuino e pi\u00f9 prelibato. Inoltre, \u00e8 perfetto perch\u00e9 l\u2019<a href=\"https:\/\/www.oliocongedi.com\/olio-extravergine-italiano\/\" target=\"_blank\" rel=\"noopener\"><strong>olio extra vergine<\/strong><\/a>&nbsp;\u00e8 buono e riesce ad arricchire ogni piatto, donandogli un&nbsp;<strong>gusto<\/strong>&nbsp;ancora pi\u00f9 prelibato.<\/p>\n\n\n\n<figure class=\"wp-block-gallery has-nested-images columns-default is-cropped wp-block-gallery-1 is-layout-flex wp-block-gallery-is-layout-flex\">\n<figure class=\"wp-block-image\"><img loading=\"lazy\" decoding=\"async\" width=\"741\" height=\"1000\" data-id=\"1072\" src=\"https:\/\/frantoiocongedi.com\/wp-content\/uploads\/2025\/06\/Olio-extra-vergine-di-oliva-Intenso.jpg\" alt=\"\" class=\"wp-image-1072\" srcset=\"https:\/\/frantoiocongedi.com\/wp-content\/uploads\/2025\/06\/Olio-extra-vergine-di-oliva-Intenso.jpg 741w, https:\/\/frantoiocongedi.com\/wp-content\/uploads\/2025\/06\/Olio-extra-vergine-di-oliva-Intenso-150x202.jpg 150w, https:\/\/frantoiocongedi.com\/wp-content\/uploads\/2025\/06\/Olio-extra-vergine-di-oliva-Intenso-222x300.jpg 222w\" sizes=\"auto, (max-width: 741px) 100vw, 741px\" \/><\/figure>\n\n\n\n<figure class=\"wp-block-image\"><img loading=\"lazy\" decoding=\"async\" width=\"741\" height=\"1000\" data-id=\"1069\" src=\"https:\/\/frantoiocongedi.com\/wp-content\/uploads\/2025\/06\/Olio-extra-vergine-di-oliva-\u2013-Leggero.jpg\" alt=\"\" class=\"wp-image-1069\" srcset=\"https:\/\/frantoiocongedi.com\/wp-content\/uploads\/2025\/06\/Olio-extra-vergine-di-oliva-\u2013-Leggero.jpg 741w, https:\/\/frantoiocongedi.com\/wp-content\/uploads\/2025\/06\/Olio-extra-vergine-di-oliva-\u2013-Leggero-150x202.jpg 150w, https:\/\/frantoiocongedi.com\/wp-content\/uploads\/2025\/06\/Olio-extra-vergine-di-oliva-\u2013-Leggero-222x300.jpg 222w\" sizes=\"auto, (max-width: 741px) 100vw, 741px\" \/><\/figure>\n\n\n\n<figure class=\"wp-block-image\"><img loading=\"lazy\" decoding=\"async\" width=\"768\" height=\"1200\" data-id=\"1078\" src=\"https:\/\/frantoiocongedi.com\/wp-content\/uploads\/2025\/06\/Bottiglia-1lt-Olio-extra-vergine-di-oliva-Leggero.jpg\" alt=\"\" class=\"wp-image-1078\" srcset=\"https:\/\/frantoiocongedi.com\/wp-content\/uploads\/2025\/06\/Bottiglia-1lt-Olio-extra-vergine-di-oliva-Leggero.jpg 768w, https:\/\/frantoiocongedi.com\/wp-content\/uploads\/2025\/06\/Bottiglia-1lt-Olio-extra-vergine-di-oliva-Leggero-150x234.jpg 150w, https:\/\/frantoiocongedi.com\/wp-content\/uploads\/2025\/06\/Bottiglia-1lt-Olio-extra-vergine-di-oliva-Leggero-192x300.jpg 192w, https:\/\/frantoiocongedi.com\/wp-content\/uploads\/2025\/06\/Bottiglia-1lt-Olio-extra-vergine-di-oliva-Leggero-655x1024.jpg 655w\" sizes=\"auto, (max-width: 768px) 100vw, 768px\" \/><\/figure>\n\n\n\n<figure class=\"wp-block-image\"><img loading=\"lazy\" decoding=\"async\" width=\"768\" height=\"1152\" data-id=\"1075\" src=\"https:\/\/frantoiocongedi.com\/wp-content\/uploads\/2025\/06\/Olio-extra-vergine-di-oliva-\u2013-Non-filtrato.jpg\" alt=\"\" class=\"wp-image-1075\" srcset=\"https:\/\/frantoiocongedi.com\/wp-content\/uploads\/2025\/06\/Olio-extra-vergine-di-oliva-\u2013-Non-filtrato.jpg 768w, https:\/\/frantoiocongedi.com\/wp-content\/uploads\/2025\/06\/Olio-extra-vergine-di-oliva-\u2013-Non-filtrato-150x225.jpg 150w, https:\/\/frantoiocongedi.com\/wp-content\/uploads\/2025\/06\/Olio-extra-vergine-di-oliva-\u2013-Non-filtrato-200x300.jpg 200w, https:\/\/frantoiocongedi.com\/wp-content\/uploads\/2025\/06\/Olio-extra-vergine-di-oliva-\u2013-Non-filtrato-683x1024.jpg 683w\" sizes=\"auto, (max-width: 768px) 100vw, 768px\" \/><\/figure>\n\n\n\n<figure class=\"wp-block-image\"><img loading=\"lazy\" decoding=\"async\" width=\"741\" height=\"1000\" data-id=\"1066\" src=\"https:\/\/frantoiocongedi.com\/wp-content\/uploads\/2025\/06\/Olio-Extra-Vergine-di-Oliva-Bio.jpg\" alt=\"\" class=\"wp-image-1066\" srcset=\"https:\/\/frantoiocongedi.com\/wp-content\/uploads\/2025\/06\/Olio-Extra-Vergine-di-Oliva-Bio.jpg 741w, https:\/\/frantoiocongedi.com\/wp-content\/uploads\/2025\/06\/Olio-Extra-Vergine-di-Oliva-Bio-150x202.jpg 150w, https:\/\/frantoiocongedi.com\/wp-content\/uploads\/2025\/06\/Olio-Extra-Vergine-di-Oliva-Bio-222x300.jpg 222w\" sizes=\"auto, (max-width: 741px) 100vw, 741px\" \/><\/figure>\n<\/figure>\n","protected":false},"excerpt":{"rendered":"<p>Il clima della Puglia, la&nbsp;qualit\u00e0&nbsp;delle nostre olive, la&nbsp;raccolta a mano&nbsp;e la&nbsp;molitura in giornata con estrazione a freddo&nbsp;ci permettono di offrirvi<\/p>\n","protected":false},"author":1,"featured_media":0,"parent":0,"menu_order":0,"comment_status":"closed","ping_status":"closed","template":"","meta":{"footnotes":""},"class_list":["post-1650","page","type-page","status-publish","hentry"],"jetpack_sharing_enabled":true,"_links":{"self":[{"href":"https:\/\/frantoiocongedi.com\/it\/wp-json\/wp\/v2\/pages\/1650","targetHints":{"allow":["GET"]}}],"collection":[{"href":"https:\/\/frantoiocongedi.com\/it\/wp-json\/wp\/v2\/pages"}],"about":[{"href":"https:\/\/frantoiocongedi.com\/it\/wp-json\/wp\/v2\/types\/page"}],"author":[{"embeddable":true,"href":"https:\/\/frantoiocongedi.com\/it\/wp-json\/wp\/v2\/users\/1"}],"replies":[{"embeddable":true,"href":"https:\/\/frantoiocongedi.com\/it\/wp-json\/wp\/v2\/comments?post=1650"}],"version-history":[{"count":1,"href":"https:\/\/frantoiocongedi.com\/it\/wp-json\/wp\/v2\/pages\/1650\/revisions"}],"predecessor-version":[{"id":1651,"href":"https:\/\/frantoiocongedi.com\/it\/wp-json\/wp\/v2\/pages\/1650\/revisions\/1651"}],"wp:attachment":[{"href":"https:\/\/frantoiocongedi.com\/it\/wp-json\/wp\/v2\/media?parent=1650"}],"curies":[{"name":"wp","href":"https:\/\/api.w.org\/{rel}","templated":true}]}}