{"id":1654,"date":"2025-11-19T10:28:07","date_gmt":"2025-11-19T10:28:07","guid":{"rendered":"https:\/\/frantoiocongedi.com\/?page_id=1654"},"modified":"2026-02-04T11:47:17","modified_gmt":"2026-02-04T11:47:17","slug":"puglia","status":"publish","type":"page","link":"https:\/\/frantoiocongedi.com\/it\/puglia\/","title":{"rendered":"Puglia"},"content":{"rendered":"\n<p>La&nbsp;<a href=\"https:\/\/it.wikipedia.org\/wiki\/Puglia\" target=\"_blank\" rel=\"noreferrer noopener\"><strong>Puglia<\/strong>&nbsp;<\/a>\u00e8 una regione del sud&nbsp;<strong>Italia<\/strong>&nbsp;che consta di 4 051 846 di abitanti. Confina a nord-ovest con il Molise, a ovest con la Campania e la Basilicata ed \u00e8 bagnata dal&nbsp;<strong>mare Adriatico<\/strong>&nbsp;a est e nord e dal&nbsp;<strong>mar Ionio<\/strong>&nbsp;a sud. Il capoluogo \u00e8&nbsp;<strong>Bari<\/strong>, mentre le province sono&nbsp;<strong>Foggia<\/strong>,&nbsp;<strong>Barletta-Andria-Trani<\/strong>,&nbsp;<strong>Taranto<\/strong>,&nbsp;<strong>Brindisi<\/strong>&nbsp;e&nbsp;<strong>Lecce<\/strong>. Una delle subregioni della Puglia, quella pi\u00f9 a sud, costituisce il&nbsp;<a href=\"https:\/\/www.oliocongedi.com\/salento\" target=\"_blank\" rel=\"noopener\"><strong>Salento<\/strong><\/a>, anche chiamato&nbsp;<strong>penisola salentina<\/strong>, il quale costituisce il tacco dello stivale italiano.<br><br>Il toponimo storico&nbsp;<strong>Apulia<\/strong>&nbsp;(esito latino del greco \u1f38\u03b1\u03c0\u03c5\u03b3\u03af\u03b1, Japigia) deriva dall\u2019antica popolazione degli&nbsp;<strong>Apuli<\/strong>, che in epoca preromana abitavano la parte centro-settentrionale della regione, mentre a sud era stanziato l\u2019affine popolo dei&nbsp;<strong>Messapi<\/strong>. Secondo una diffusa pseudo-etimologia, invece, Apulia deriverebbe da Apluvia, ossia terra senza piogge. Fino a prima dell\u2019istituzione delle regioni, per designare l\u2019attuale Puglia si usava indifferentemente anche il nome&nbsp;<strong>le Puglie<\/strong>.<br><br>La Puglia \u00e8 la&nbsp;<strong>regione pi\u00f9 orientale d\u2019Italia<\/strong>&nbsp;(la localit\u00e0 pi\u00f9 ad est \u00e8 Punta Palasc\u00eca) ed \u00e8 anche una delle regioni italiane con il maggiore sviluppo costiero: le coste si estendono per circa 865 km, alternando tratti rocciosi (come sul Gargano), falesie (coste rocciose dalle pareti a picco), ma anche litorali sabbiosi (come lungo il Golfo di Taranto).<br><br>Il&nbsp;<strong>territorio<\/strong>&nbsp;collinare pugliese comprende le&nbsp;<strong>Murge<\/strong>&nbsp;e le<strong>&nbsp;serre salentine<\/strong>. La&nbsp;<strong>Murgia<\/strong>, o le Murge, \u00e8 una subregione pugliese molto estesa, corrispondente a un altopiano carsico di forma rettangolare compresa per gran parte nella provincia di Bari e in quella di Barletta-Andria-Trani, ma si prolunga anche verso sud nelle province di Taranto e Brindisi. Si suddivide in Alta Murgia, che rappresenta la parte pi\u00f9 alta e rocciosa, costituita prevalentemente da bosco misto e dove la vegetazione \u00e8 piuttosto povera, e in Bassa Murgia, dove la terra \u00e8 pi\u00f9 fertile e ricoperta in prevalenza da oliveti. Le&nbsp;<strong>serre salentine<\/strong>, invece, sono un elemento collinare che si trova nella parte meridionale della provincia di Lecce.<\/p>\n\n\n\n<p>In tutta la Puglia il&nbsp;<strong>clima<\/strong>&nbsp;\u00e8 tipicamente mediterraneo: le zone costiere e pianeggianti hanno estati calde, ventilate e secche e inverni miti, non sono rare le nevicate in pianura. Le precipitazioni, concentrate durante l\u2019autunno inoltrato e l\u2019inverno, sono scarse e per lo pi\u00f9 di carattere piovoso in pianura, mentre sull\u2019altopiano delle Murge sono frequenti le nevicate in caso di correnti fredde da est.<br><br>Dal punto di vista economico, la&nbsp;<strong>Puglia<\/strong>&nbsp;\u00e8 riuscita a coniugare le proprie&nbsp;<strong>tradizioni<\/strong>, la propria&nbsp;<strong>storia&nbsp;<\/strong>e le vocazioni produttive con l\u2019<strong>innovazione<\/strong>&nbsp;e la&nbsp;<strong>tecnologia<\/strong>. Ha raggiunto, infatti, buoni livelli di specializzazione in numerosi comparti industriali. Alcune politiche, con l\u2019obiettivo di sviluppare processi di innovazione insieme ad una vasta disponibilit\u00e0 di incentivi agli investimenti, hanno fatto s\u00ec che il sistema produttivo locale crescesse e che si attirassero oltre 40 gruppi industriali internazionali appartenenti ai settori aerospaziale, automobilistica, chimico e ICT. Nell\u2019ambito della&nbsp;<strong>ricerca<\/strong>, si contano 5.000 ricercatori, 103.000 studenti universitari e quasi 15.000 nuovi laureati l\u2019anno. Le competenze scientifiche specializzate si suddividono in diversi ambiti interdisciplinari: settori Biologia, ICT e nanotecnologie, che hanno contribuito alla nascita e consolidamento di tre distretti tecnologici:&nbsp;<strong>biotecnologie<\/strong>,<strong>&nbsp;alta tecnologia<\/strong>&nbsp;e&nbsp;<strong>meccatronica<\/strong>.<br><br>Tra le regioni del sud Italia, l\u2019economia della Puglia \u00e8 quella che ha registrato negli ultimi anni l\u2019andamento migliore, con una crescita del PIL del +1,8%, soprattutto grazie allo sviluppo del&nbsp;<strong>settore terziario<\/strong>&nbsp;e dell\u2019<strong>industria<\/strong>, ma anche con un ribasso del&nbsp;<strong>settore agricolo<\/strong>.<br><br>La&nbsp;<strong>posizione geografica<\/strong>&nbsp;strategica, grazie al recente protagonismo delle economie orientali e mediterranee, la discreta&nbsp;<strong>rete delle infrastrutture<\/strong>&nbsp;e la solidit\u00e0 dei rapporti culturali e degli scambi commerciali con il bacino del&nbsp;<strong>Mediterraneo<\/strong>&nbsp;fanno della&nbsp;<strong>Puglia<\/strong>&nbsp;una regione con&nbsp;<strong>elevate potenzialit\u00e0 economiche<\/strong>.<br><br>In&nbsp;<strong>Puglia<\/strong>, l\u2019<strong>agricoltura<\/strong>&nbsp;ha sempre rivestito un ruolo preminente nel contesto economico. Oggi, si tratta di un\u2019agricoltura assolutamente intensiva e moderna, che permette alla regione di essere ai primi posti in Italia per la produzione di molti prodotti, come il&nbsp;<strong>grano duro<\/strong>&nbsp;e il&nbsp;<strong>pomodoro<\/strong>, oltre che alla produzione di&nbsp;<a href=\"https:\/\/www.oliocongedi.com\/olio-pugliese\" target=\"_blank\" rel=\"noopener\"><strong>olio di oliva<\/strong><\/a>, che con i suoi stimati 50 milioni di<strong>&nbsp;alberi di olivo<\/strong>&nbsp;mette la&nbsp;<strong>Puglia<\/strong>&nbsp;al&nbsp;<strong>primo posto<\/strong>, nonch\u00e9 di&nbsp;<strong>uva da tavola<\/strong>. Detiene ruoli importanti anche per quanto riguarda l\u2019insalata, il carciofo, il finocchio, il cavolo, il sedano e l\u2019avena. Un antico primato era quello della produzione pugliese delle&nbsp;<strong>mandorle<\/strong>, purtroppo oggi tramontato nonostante i tentativi di costituire mandorleti moderni sul modello californiano, mentre le colture frutticole di successo comprendono il pesco e il kiwi. Uno dei disagi dell\u2019agricoltura pugliese \u00e8 la scarsit\u00e0 d\u2019acqua, tant\u2019\u00e8 che se non fosse cos\u00ec diffusa la&nbsp;<strong>siccit\u00e0<\/strong>, in questa regione si potrebbe produrre molto di pi\u00f9, senza i problemi di scarsa irrigazione dei terreni.<br><br>Una menzione particolare merita il settore del&nbsp;<strong>turismo<\/strong>, che negli ultimi anni ha conosciuto una crescita esponenziale. Si tratta di un turismo soprattutto nazionale, stagionale (principalmente durante la stagione estiva) e concentrato prevalentemente nelle aree del&nbsp;<a href=\"https:\/\/www.oliocongedi.com\/salento\" target=\"_blank\" rel=\"noopener\"><strong>Salento<\/strong>&nbsp;<\/a>e del&nbsp;<strong>Gargano<\/strong>. La regione \u00e8 stata nominata Best Value Travel Region in the World dal National Geographic. Nel 2009, gli arrivi sono stati circa 3 milioni e hanno prodotto pi\u00f9 di 12 milioni di presenze. La permanenza media dei turisti italiani in Puglia \u00e8 di 4 giorni, valore rimasto costante rispetto allo scorso anno. Il maggior afflusso di turisti italiani e stranieri \u2013 sia per quanto attiene gli arrivi che le presenze \u2013 avviene nel territorio del&nbsp;<strong>Gargano<\/strong>, mentre la seconda provincia ad attrarre una quota consistente di turisti \u00e8&nbsp;<strong>Lecce<\/strong>&nbsp;dove, nel 2009, sono stati registrati 813.524 arrivi a fronte di 4.180.888 presenze.<\/p>\n","protected":false},"excerpt":{"rendered":"<p>La&nbsp;Puglia&nbsp;\u00e8 una regione del sud&nbsp;Italia&nbsp;che consta di 4 051 846 di abitanti. Confina a nord-ovest con il Molise, a ovest<\/p>\n","protected":false},"author":1,"featured_media":0,"parent":0,"menu_order":0,"comment_status":"closed","ping_status":"closed","template":"","meta":{"footnotes":""},"class_list":["post-1654","page","type-page","status-publish","hentry"],"jetpack_sharing_enabled":true,"_links":{"self":[{"href":"https:\/\/frantoiocongedi.com\/it\/wp-json\/wp\/v2\/pages\/1654","targetHints":{"allow":["GET"]}}],"collection":[{"href":"https:\/\/frantoiocongedi.com\/it\/wp-json\/wp\/v2\/pages"}],"about":[{"href":"https:\/\/frantoiocongedi.com\/it\/wp-json\/wp\/v2\/types\/page"}],"author":[{"embeddable":true,"href":"https:\/\/frantoiocongedi.com\/it\/wp-json\/wp\/v2\/users\/1"}],"replies":[{"embeddable":true,"href":"https:\/\/frantoiocongedi.com\/it\/wp-json\/wp\/v2\/comments?post=1654"}],"version-history":[{"count":1,"href":"https:\/\/frantoiocongedi.com\/it\/wp-json\/wp\/v2\/pages\/1654\/revisions"}],"predecessor-version":[{"id":1655,"href":"https:\/\/frantoiocongedi.com\/it\/wp-json\/wp\/v2\/pages\/1654\/revisions\/1655"}],"wp:attachment":[{"href":"https:\/\/frantoiocongedi.com\/it\/wp-json\/wp\/v2\/media?parent=1654"}],"curies":[{"name":"wp","href":"https:\/\/api.w.org\/{rel}","templated":true}]}}