{"id":77,"date":"2024-03-15T14:59:16","date_gmt":"2024-03-15T14:59:16","guid":{"rendered":"https:\/\/dummy.xtemos.com\/woodmart2\/farm-elementor\/?page_id=77"},"modified":"2026-04-13T20:09:52","modified_gmt":"2026-04-13T20:09:52","slug":"la-storia","status":"publish","type":"page","link":"https:\/\/frantoiocongedi.com\/it\/la-storia\/","title":{"rendered":"La storia"},"content":{"rendered":"\t\t<div data-elementor-type=\"wp-page\" data-elementor-id=\"77\" class=\"elementor elementor-77\">\n\t\t\t\t<div class=\"wd-negative-gap elementor-element elementor-element-f512870 e-flex e-con-boxed e-con e-parent\" data-id=\"f512870\" data-element_type=\"container\" data-e-type=\"container\">\n\t\t\t\t\t<div class=\"e-con-inner\">\n\t\t<div class=\"elementor-element elementor-element-769b672 e-con-full e-flex e-con e-child\" data-id=\"769b672\" data-element_type=\"container\" data-e-type=\"container\">\n\t\t\t\t<div class=\"elementor-element elementor-element-4394cb6 elementor-widget elementor-widget-wd_image_or_svg\" data-id=\"4394cb6\" data-element_type=\"widget\" data-e-type=\"widget\" data-widget_type=\"wd_image_or_svg.default\">\n\t\t\t\t<div class=\"elementor-widget-container\">\n\t\t\t\t\t\n\t\t<div class=\"wd-image text-left\">\n\t\t\t\t\t\t\t\t\t\t\t\t\t<\/div>\n\n\t\t\t\t\t\t<\/div>\n\t\t\t\t<\/div>\n\t\t\t\t<div class=\"elementor-element elementor-element-618ad1e wd-width-100 elementor-widget elementor-widget-wd_title\" data-id=\"618ad1e\" data-element_type=\"widget\" data-e-type=\"widget\" data-widget_type=\"wd_title.default\">\n\t\t\t\t<div class=\"elementor-widget-container\">\n\t\t\t\t\t\t\t<div class=\"title-wrapper wd-set-mb reset-last-child wd-title-color-default wd-title-style-default wd-title-size-default text-left\">\n\n\t\t\t\n\t\t\t<div class=\"liner-continer\">\n\t\t\t\t<h4 class=\"woodmart-title-container title wd-fontsize-l\">La storia di una famiglia e del suo amore per l\u2019olio extra-vergine d\u2019oliva<\/h4> \n\t\t\t\t\t\t\t<\/div>\n\n\t\t\t\t\t<\/div>\n\t\t\t\t\t\t<\/div>\n\t\t\t\t<\/div>\n\t\t\t\t<div class=\"elementor-element elementor-element-2ed134e elementor-widget elementor-widget-wd_text_block\" data-id=\"2ed134e\" data-element_type=\"widget\" data-e-type=\"widget\" data-widget_type=\"wd_text_block.default\">\n\t\t\t\t<div class=\"elementor-widget-container\">\n\t\t\t\t\t\t\t<div class=\"wd-text-block reset-last-child text-left\">\n\t\t\t\n\t\t\t<h5 class=\"heading_title\"><em>Da 4 generazioni, nell\u2019assolata e rigogliosa terra del Salento, in Puglia, la famiglia Congedi, unendo genuinit\u00e0 e sacrifici, combinando tradizione e innovazione, produce orgogliosamente purissimo olio extra-vergine d\u2019oliva di prima scelta.<\/em><\/h5>\n\t\t\t\t\t<\/div>\n\t\t\t\t\t\t<\/div>\n\t\t\t\t<\/div>\n\t\t\t\t<div class=\"elementor-element elementor-element-de48fed elementor-widget elementor-widget-wd_text_block\" data-id=\"de48fed\" data-element_type=\"widget\" data-e-type=\"widget\" data-widget_type=\"wd_text_block.default\">\n\t\t\t\t<div class=\"elementor-widget-container\">\n\t\t\t\t\t\t\t<div class=\"wd-text-block reset-last-child text-left\">\n\t\t\t\n\t\t\t<p>Da oltre un secolo, la famiglia Congedi coltiva e trasforma il frutto principe del\u00a0<a href=\"https:\/\/frantoiocongedi.com\/it\/olio-del-salento\/\"><strong>Salento<\/strong><\/a>, ormai esportato in tutto il mondo: l\u2019oliva, il risultato primo dell\u2019albero simbolo della magnifica terra salentina, l\u2019<strong>ulivo<\/strong>. Da quattro generazioni, questa passione d\u00e0 vita a del purissimo\u00a0<a href=\"https:\/\/frantoiocongedi.com\/it\/cat\/olio\/\"><strong>olio extra-vergine d\u2019oliva<\/strong><\/a>, e si tramanda di padre in figlio, come ogni valore antico ed anacronistico che vale la pena conservare con cura e non lasciare nel passato, perch\u00e9 \u00e8 troppo prezioso per rinunciarvi.<\/p>\n\t\t\t\t\t<\/div>\n\t\t\t\t\t\t<\/div>\n\t\t\t\t<\/div>\n\t\t\t\t<\/div>\n\t\t<div class=\"elementor-element elementor-element-51ccb3a e-con-full e-flex e-con e-child\" data-id=\"51ccb3a\" data-element_type=\"container\" data-e-type=\"container\">\n\t\t\t\t<div class=\"elementor-element elementor-element-9ba85a7 wd-width-100 elementor-widget elementor-widget-wd_video\" data-id=\"9ba85a7\" data-element_type=\"widget\" data-e-type=\"widget\" data-widget_type=\"wd_video.default\">\n\t\t\t\t<div class=\"elementor-widget-container\">\n\t\t\t\t\t\n\t\t<div class=\"wd-el-video wd-action-without wd-video-hosted\">\n\t\t\t\t\t\t\t<video src=\"https:\/\/frantoiocongedi.com\/wp-content\/uploads\/2025\/06\/Olio-Congedi-Dettagli-Nuove-Bottiglie.mp4\" playsinline loop muted autoplay><\/video>\t\t\t\n\t\t\t\n\t\t\t\n\t\t\t\t\t<\/div>\n\t\t\t\t\t\t<\/div>\n\t\t\t\t<\/div>\n\t\t\t\t<\/div>\n\t\t\t\t\t<\/div>\n\t\t\t\t<\/div>\n\t\t<div class=\"wd-negative-gap elementor-element elementor-element-05a4f08 wd-section-stretch-content e-flex e-con-boxed e-con e-parent\" data-id=\"05a4f08\" data-element_type=\"container\" data-e-type=\"container\" data-settings=\"{&quot;background_background&quot;:&quot;classic&quot;}\">\n\t\t\t\t\t<div class=\"e-con-inner\">\n\t\t\t\t<div class=\"elementor-element elementor-element-c01917d wd-width-100 elementor-widget elementor-widget-wd_images_gallery\" data-id=\"c01917d\" data-element_type=\"widget\" data-e-type=\"widget\" data-widget_type=\"wd_images_gallery.default\">\n\t\t\t\t<div class=\"elementor-widget-container\">\n\t\t\t\t\t\t\t<div class=\"wd-images-gallery wd-carousel-container\" style=\"--wd-align-items:center; --wd-justify-content:center;\">\n\t\t\t\t\t\t\t<div class=\"wd-carousel-inner\">\n\t\t\t\t\t\t<div class=\"wd-carousel wd-grid\" data-scroll_per_page=\"yes\" style=\"--wd-col-lg:5;--wd-col-md:4;--wd-col-sm:2;--wd-gap-lg:30px;--wd-gap-sm:10px;\">\n\t\t\t\t\t\t\t\t\t<div class=\"wd-carousel-wrap\">\n\t\t\t\t\t\t\t\t\t\t\t\t\t\t\t\t\t\t<div class=\"wd-gallery-item wd-carousel-item\">\n\t\t\t\t\t\t\n\t\t\t\t\t\t<img loading=\"lazy\" decoding=\"async\" width=\"1000\" height=\"1500\" src=\"https:\/\/frantoiocongedi.com\/wp-content\/uploads\/2025\/06\/DSC09393-copia.jpg\" class=\"attachment-full size-full\" alt=\"DSC09393 copia\" srcset=\"https:\/\/frantoiocongedi.com\/wp-content\/uploads\/2025\/06\/DSC09393-copia.jpg 1000w, https:\/\/frantoiocongedi.com\/wp-content\/uploads\/2025\/06\/DSC09393-copia-150x225.jpg 150w, https:\/\/frantoiocongedi.com\/wp-content\/uploads\/2025\/06\/DSC09393-copia-200x300.jpg 200w, https:\/\/frantoiocongedi.com\/wp-content\/uploads\/2025\/06\/DSC09393-copia-683x1024.jpg 683w, https:\/\/frantoiocongedi.com\/wp-content\/uploads\/2025\/06\/DSC09393-copia-768x1152.jpg 768w\" sizes=\"auto, (max-width: 1000px) 100vw, 1000px\" \/>\n\t\t\t\t\t\t\t\t\t\t\t<\/div>\n\t\t\t\t\t\t\t\t\t\t\t\t\t\t\t<div class=\"wd-gallery-item wd-carousel-item\">\n\t\t\t\t\t\t\n\t\t\t\t\t\t<img loading=\"lazy\" decoding=\"async\" width=\"1000\" height=\"1500\" src=\"https:\/\/frantoiocongedi.com\/wp-content\/uploads\/2025\/06\/DSC09421-copia-3.jpg\" class=\"attachment-full size-full\" alt=\"DSC09421 copia 3\" srcset=\"https:\/\/frantoiocongedi.com\/wp-content\/uploads\/2025\/06\/DSC09421-copia-3.jpg 1000w, https:\/\/frantoiocongedi.com\/wp-content\/uploads\/2025\/06\/DSC09421-copia-3-150x225.jpg 150w, https:\/\/frantoiocongedi.com\/wp-content\/uploads\/2025\/06\/DSC09421-copia-3-200x300.jpg 200w, https:\/\/frantoiocongedi.com\/wp-content\/uploads\/2025\/06\/DSC09421-copia-3-683x1024.jpg 683w, https:\/\/frantoiocongedi.com\/wp-content\/uploads\/2025\/06\/DSC09421-copia-3-768x1152.jpg 768w\" sizes=\"auto, (max-width: 1000px) 100vw, 1000px\" \/>\n\t\t\t\t\t\t\t\t\t\t\t<\/div>\n\t\t\t\t\t\t\t\t\t\t\t\t\t\t\t<div class=\"wd-gallery-item wd-carousel-item\">\n\t\t\t\t\t\t\n\t\t\t\t\t\t<img loading=\"lazy\" decoding=\"async\" width=\"1000\" height=\"1500\" src=\"https:\/\/frantoiocongedi.com\/wp-content\/uploads\/2025\/06\/DSC09344-copia.jpg\" class=\"attachment-full size-full\" alt=\"DSC09344 copia\" srcset=\"https:\/\/frantoiocongedi.com\/wp-content\/uploads\/2025\/06\/DSC09344-copia.jpg 1000w, https:\/\/frantoiocongedi.com\/wp-content\/uploads\/2025\/06\/DSC09344-copia-150x225.jpg 150w, https:\/\/frantoiocongedi.com\/wp-content\/uploads\/2025\/06\/DSC09344-copia-200x300.jpg 200w, https:\/\/frantoiocongedi.com\/wp-content\/uploads\/2025\/06\/DSC09344-copia-683x1024.jpg 683w, https:\/\/frantoiocongedi.com\/wp-content\/uploads\/2025\/06\/DSC09344-copia-768x1152.jpg 768w\" sizes=\"auto, (max-width: 1000px) 100vw, 1000px\" \/>\n\t\t\t\t\t\t\t\t\t\t\t<\/div>\n\t\t\t\t\t\t\t\t\t\t\t\t\t\t\t<div class=\"wd-gallery-item wd-carousel-item\">\n\t\t\t\t\t\t\n\t\t\t\t\t\t<img loading=\"lazy\" decoding=\"async\" width=\"1000\" height=\"1500\" src=\"https:\/\/frantoiocongedi.com\/wp-content\/uploads\/2025\/06\/DSC09260-copia.jpg\" class=\"attachment-full size-full\" alt=\"DSC09260 copia\" srcset=\"https:\/\/frantoiocongedi.com\/wp-content\/uploads\/2025\/06\/DSC09260-copia.jpg 1000w, https:\/\/frantoiocongedi.com\/wp-content\/uploads\/2025\/06\/DSC09260-copia-150x225.jpg 150w, https:\/\/frantoiocongedi.com\/wp-content\/uploads\/2025\/06\/DSC09260-copia-200x300.jpg 200w, https:\/\/frantoiocongedi.com\/wp-content\/uploads\/2025\/06\/DSC09260-copia-683x1024.jpg 683w, https:\/\/frantoiocongedi.com\/wp-content\/uploads\/2025\/06\/DSC09260-copia-768x1152.jpg 768w\" sizes=\"auto, (max-width: 1000px) 100vw, 1000px\" \/>\n\t\t\t\t\t\t\t\t\t\t\t<\/div>\n\t\t\t\t\t\t\t\t\t\t\t\t\t\t\t<div class=\"wd-gallery-item wd-carousel-item\">\n\t\t\t\t\t\t\n\t\t\t\t\t\t<img loading=\"lazy\" decoding=\"async\" width=\"1000\" height=\"1500\" src=\"https:\/\/frantoiocongedi.com\/wp-content\/uploads\/2025\/06\/37.jpg\" class=\"attachment-full size-full\" alt=\"37\" srcset=\"https:\/\/frantoiocongedi.com\/wp-content\/uploads\/2025\/06\/37.jpg 1000w, https:\/\/frantoiocongedi.com\/wp-content\/uploads\/2025\/06\/37-150x225.jpg 150w, https:\/\/frantoiocongedi.com\/wp-content\/uploads\/2025\/06\/37-200x300.jpg 200w, https:\/\/frantoiocongedi.com\/wp-content\/uploads\/2025\/06\/37-683x1024.jpg 683w, https:\/\/frantoiocongedi.com\/wp-content\/uploads\/2025\/06\/37-768x1152.jpg 768w\" sizes=\"auto, (max-width: 1000px) 100vw, 1000px\" \/>\n\t\t\t\t\t\t\t\t\t\t\t<\/div>\n\t\t\t\t\t\t\t\t\t\t\t\t\t\t\t<div class=\"wd-gallery-item wd-carousel-item\">\n\t\t\t\t\t\t\n\t\t\t\t\t\t<img loading=\"lazy\" decoding=\"async\" width=\"1000\" height=\"1500\" src=\"https:\/\/frantoiocongedi.com\/wp-content\/uploads\/2025\/06\/TAPPO-3.jpg\" class=\"attachment-full size-full\" alt=\"TAPPO 3\" srcset=\"https:\/\/frantoiocongedi.com\/wp-content\/uploads\/2025\/06\/TAPPO-3.jpg 1000w, https:\/\/frantoiocongedi.com\/wp-content\/uploads\/2025\/06\/TAPPO-3-150x225.jpg 150w, https:\/\/frantoiocongedi.com\/wp-content\/uploads\/2025\/06\/TAPPO-3-200x300.jpg 200w, https:\/\/frantoiocongedi.com\/wp-content\/uploads\/2025\/06\/TAPPO-3-683x1024.jpg 683w, https:\/\/frantoiocongedi.com\/wp-content\/uploads\/2025\/06\/TAPPO-3-768x1152.jpg 768w\" sizes=\"auto, (max-width: 1000px) 100vw, 1000px\" \/>\n\t\t\t\t\t\t\t\t\t\t\t<\/div>\n\t\t\t\t\t\t\t\t\t\t\t\t\t\t\t<div class=\"wd-gallery-item wd-carousel-item\">\n\t\t\t\t\t\t\n\t\t\t\t\t\t<img loading=\"lazy\" decoding=\"async\" width=\"1000\" height=\"1500\" src=\"https:\/\/frantoiocongedi.com\/wp-content\/uploads\/2025\/06\/OLIO-TARTUFO-3.jpg\" class=\"attachment-full size-full\" alt=\"OLIO TARTUFO 3\" srcset=\"https:\/\/frantoiocongedi.com\/wp-content\/uploads\/2025\/06\/OLIO-TARTUFO-3.jpg 1000w, https:\/\/frantoiocongedi.com\/wp-content\/uploads\/2025\/06\/OLIO-TARTUFO-3-150x225.jpg 150w, https:\/\/frantoiocongedi.com\/wp-content\/uploads\/2025\/06\/OLIO-TARTUFO-3-200x300.jpg 200w, https:\/\/frantoiocongedi.com\/wp-content\/uploads\/2025\/06\/OLIO-TARTUFO-3-683x1024.jpg 683w, https:\/\/frantoiocongedi.com\/wp-content\/uploads\/2025\/06\/OLIO-TARTUFO-3-768x1152.jpg 768w\" sizes=\"auto, (max-width: 1000px) 100vw, 1000px\" \/>\n\t\t\t\t\t\t\t\t\t\t\t<\/div>\n\t\t\t\t\t\t\t\t\t\t\t\t\t\t\t\t<\/div>\n\t\t\t\t\t\t\t\t<\/div>\n\t\t\t\t\t\t\t\t\t\t\t\t\t\t<div class=\"wd-nav-arrows wd-pos-sep wd-hover-1 wd-icon-1\">\n\t\t\t<div class=\"wd-btn-arrow wd-prev wd-disabled\">\n\t\t\t\t<div class=\"wd-arrow-inner\"><\/div>\n\t\t\t<\/div>\n\t\t\t<div class=\"wd-btn-arrow wd-next\">\n\t\t\t\t<div class=\"wd-arrow-inner\"><\/div>\n\t\t\t<\/div>\n\t\t<\/div>\n\t\t\t\t\t\t\n\t\t\t\t<\/div>\n\n\t\t\t\t\t\t\t\t\t\t\t\t\t<\/div>\n\t\t\t\t\t\t<\/div>\n\t\t\t\t<\/div>\n\t\t\t\t<div class=\"elementor-element elementor-element-eec4b9e elementor-widget elementor-widget-wd_marquee\" data-id=\"eec4b9e\" data-element_type=\"widget\" data-e-type=\"widget\" data-widget_type=\"wd_marquee.default\">\n\t\t\t\t<div class=\"elementor-widget-container\">\n\t\t\t\t\t\t\t<div class=\"wd-marquee \">\n\t\t\t<div class=\"wd-marquee-content\">\n\t\t\t\t\t\t\t<span class=\"wd-marquee-item\">\n\t\t\t\t\n\t\t\t\t\t\t\t\t\tFrantoio Congedi \/ Olio Extravergine Di Oliva\t\t\t\t\n\t\t\t\t\t\t\t<\/span>\n\t\t\t\t\t\t<\/div>\n\t\t\t<div class=\"wd-marquee-content\">\n\t\t\t\t\t\t\t<span class=\"wd-marquee-item\">\n\t\t\t\t\n\t\t\t\t\t\t\t\t\tFrantoio Congedi \/ Olio Extravergine Di Oliva\t\t\t\t\n\t\t\t\t\t\t\t<\/span>\n\t\t\t\t\t\t<\/div>\n\t\t<\/div>\n\t\t\t\t\t\t<\/div>\n\t\t\t\t<\/div>\n\t\t\t\t\t<\/div>\n\t\t\t\t<\/div>\n\t\t<div class=\"wd-negative-gap elementor-element elementor-element-78ff699 e-flex e-con-boxed e-con e-parent\" data-id=\"78ff699\" data-element_type=\"container\" data-e-type=\"container\">\n\t\t\t\t\t<div class=\"e-con-inner\">\n\t\t<div class=\"elementor-element elementor-element-9d092cc e-con-full e-flex e-con e-child\" data-id=\"9d092cc\" data-element_type=\"container\" data-e-type=\"container\">\n\t\t<div class=\"elementor-element elementor-element-1eedc19 e-con-full e-flex e-con e-child\" data-id=\"1eedc19\" data-element_type=\"container\" data-e-type=\"container\">\n\t\t\t\t<div class=\"elementor-element elementor-element-41f0dc0 wd-width-100 elementor-widget elementor-widget-wd_title\" data-id=\"41f0dc0\" data-element_type=\"widget\" data-e-type=\"widget\" data-widget_type=\"wd_title.default\">\n\t\t\t\t<div class=\"elementor-widget-container\">\n\t\t\t\t\t\t\t<div class=\"title-wrapper wd-set-mb reset-last-child wd-title-color-default wd-title-style-default wd-title-size-default text-left\">\n\n\t\t\t\n\t\t\t<div class=\"liner-continer\">\n\t\t\t\t<h4 class=\"woodmart-title-container title wd-fontsize-l\">Gli Inizi<\/h4> \n\t\t\t\t\t\t\t<\/div>\n\n\t\t\t\t\t<\/div>\n\t\t\t\t\t\t<\/div>\n\t\t\t\t<\/div>\n\t\t\t\t<div class=\"elementor-element elementor-element-40f5bb8 elementor-widget elementor-widget-wd_text_block\" data-id=\"40f5bb8\" data-element_type=\"widget\" data-e-type=\"widget\" data-widget_type=\"wd_text_block.default\">\n\t\t\t\t<div class=\"elementor-widget-container\">\n\t\t\t\t\t\t\t<div class=\"wd-text-block reset-last-child text-left\">\n\t\t\t\n\t\t\t<p>Cos\u00ec Luce Damiani ha dato origine ad una storia scandita dal coraggio e dalla dedizione, sfidando le convenzioni di un mondo in cui non c'era spazio che per gli uomini. Nel lontano\u00a0<strong>1917<\/strong>\u00a0fece delle terre ereditate dal padre una moderna realt\u00e0 produttiva. L\u2019agricoltura \u00e8 l\u2019anello di congiunzione tra le generazioni e le memorie familiari, una vera e propria ancora di salvezza alle origini. Dei suoi sette figli, il primogenito Antonio Congedi, mastro frantoiano, ereditando la caparbiet\u00e0 della madre, miglior\u00f2 ancor di pi\u00f9 l\u2019attivit\u00e0, innovando il processo di trasformazione dell\u2019<a href=\"https:\/\/www.oliocongedi.com\/olio-extravergine-italiano\" target=\"_blank\" rel=\"noopener\"><strong>olio extra vergine di oliva<\/strong><\/a>. In questo modo, ha sapientemente reso la produzione dell\u2019<a href=\"https:\/\/www.oliocongedi.com\/olio-pugliese\" target=\"_blank\" rel=\"noopener\"><strong>olio pugliese<\/strong><\/a>, e in particolare dell\u2019<a href=\"https:\/\/www.oliocongedi.com\/coltivato-nel-salento\" target=\"_blank\" rel=\"noopener\"><strong>olio coltivato in Salento<\/strong><\/a>, gi\u00e0 moderna e all\u2019avanguardia nel secolo scorso, in una terra come quella salentina che, spesso abbandonata a s\u00e9 stessa, ha invece cos\u00ec avuto la possibilit\u00e0 di farsi notare, grazie a chi sa sfruttare con intelligenza e passione ci\u00f2 che la terra dona senza sforzi.<\/p>\n\t\t\t\t\t<\/div>\n\t\t\t\t\t\t<\/div>\n\t\t\t\t<\/div>\n\t\t\t\t<\/div>\n\t\t<div class=\"elementor-element elementor-element-d0379f6 e-con-full e-flex e-con e-child\" data-id=\"d0379f6\" data-element_type=\"container\" data-e-type=\"container\">\n\t\t\t\t<div class=\"elementor-element elementor-element-fd62e09 elementor-widget elementor-widget-wd_image_or_svg\" data-id=\"fd62e09\" data-element_type=\"widget\" data-e-type=\"widget\" data-widget_type=\"wd_image_or_svg.default\">\n\t\t\t\t<div class=\"elementor-widget-container\">\n\t\t\t\t\t\n\t\t<div class=\"wd-image text-left\">\n\t\t\t\t\t\t\t\t<img loading=\"lazy\" decoding=\"async\" width=\"664\" height=\"758\" src=\"https:\/\/frantoiocongedi.com\/wp-content\/uploads\/2025\/06\/la_storia.jpg\" class=\"attachment-full size-full\" alt=\"\" srcset=\"https:\/\/frantoiocongedi.com\/wp-content\/uploads\/2025\/06\/la_storia.jpg 664w, https:\/\/frantoiocongedi.com\/wp-content\/uploads\/2025\/06\/la_storia-150x171.jpg 150w, https:\/\/frantoiocongedi.com\/wp-content\/uploads\/2025\/06\/la_storia-263x300.jpg 263w\" sizes=\"auto, (max-width: 664px) 100vw, 664px\" \/>\t\t\t\t\t<\/div>\n\n\t\t\t\t\t\t<\/div>\n\t\t\t\t<\/div>\n\t\t\t\t<\/div>\n\t\t\t\t<\/div>\n\t\t\t\t\t<\/div>\n\t\t\t\t<\/div>\n\t\t<div class=\"wd-negative-gap elementor-element elementor-element-d57715e wd-section-stretch e-flex e-con-boxed e-con e-parent\" data-id=\"d57715e\" data-element_type=\"container\" data-e-type=\"container\" data-settings=\"{&quot;background_background&quot;:&quot;classic&quot;}\">\n\t\t\t\t\t<div class=\"e-con-inner\">\n\t\t\t\t<div class=\"elementor-element elementor-element-489e308 wd-width-100 elementor-widget elementor-widget-wd_title\" data-id=\"489e308\" data-element_type=\"widget\" data-e-type=\"widget\" data-widget_type=\"wd_title.default\">\n\t\t\t\t<div class=\"elementor-widget-container\">\n\t\t\t\t\t\t\t<div class=\"title-wrapper wd-set-mb reset-last-child wd-title-color-default wd-title-style-default wd-title-size-default text-center\">\n\n\t\t\t\n\t\t\t<div class=\"liner-continer\">\n\t\t\t\t<h4 class=\"woodmart-title-container title wd-fontsize-l\">L'Evoluzione<\/h4> \n\t\t\t\t\t\t\t<\/div>\n\n\t\t\t\t\t\t\t<div class=\"title-after_title reset-last-child wd-fontsize-xs\">\n\t\t\t\t\t<p>Nel 1989 la produzione di\u00a0<a href=\"https:\/\/www.oliocongedi.com\/olio-del-salento\" target=\"_blank\" rel=\"noopener\"><strong>olio extra vergine di oliva<\/strong><\/a>\u00a0passa nelle mani di Luigi, suo primogenito, il quale seguendo i consigli del padre, unisce\u00a0<strong>qualit\u00e0<\/strong>,\u00a0<strong>tradizione<\/strong>\u00a0e\u00a0<strong>innovazione tecnologica<\/strong>, con il prezioso contributo dei figli Ettore e Matteo che, terminati gli studi, arrivano a dirigere l\u2019attivit\u00e0. La nuova generazione, ai vertici di un\u2019azienda salentina che vanta decenni di storia, si reinventa per riammodernare il lavoro di produzione dell\u2019<a href=\"https:\/\/www.oliocongedi.com\/coltivato-nel-salento\" target=\"_blank\" rel=\"noopener\"><strong>olio coltivato in Salento<\/strong><\/a>, senza perdere la genuinit\u00e0 della tradizione: sar\u00e0 proprio di Ettore e Matteo, infatti, l\u2019idea di installare il primo decanter centrifugo, che permette di non produrre scarti di lavorazione e che porta cos\u00ec l\u2019azienda a realizzare nel 2014 uno dei suoi grandi desideri, quello di essere completamente\u00a0<strong>eco-sostenibile<\/strong>.<\/p>\t\t\t\t<\/div>\n\t\t\t\t\t<\/div>\n\t\t\t\t\t\t<\/div>\n\t\t\t\t<\/div>\n\t\t\t\t<div class=\"elementor-element elementor-element-783c5c0 elementor-widget elementor-widget-image\" data-id=\"783c5c0\" data-element_type=\"widget\" data-e-type=\"widget\" data-widget_type=\"image.default\">\n\t\t\t\t<div class=\"elementor-widget-container\">\n\t\t\t\t\t\t\t\t\t\t\t\t\t\t\t<img loading=\"lazy\" decoding=\"async\" width=\"1000\" height=\"667\" src=\"https:\/\/frantoiocongedi.com\/wp-content\/uploads\/2025\/06\/fratelli-congedo.jpg\" class=\"attachment-large size-large wp-image-1247\" alt=\"\" srcset=\"https:\/\/frantoiocongedi.com\/wp-content\/uploads\/2025\/06\/fratelli-congedo.jpg 1000w, https:\/\/frantoiocongedi.com\/wp-content\/uploads\/2025\/06\/fratelli-congedo-150x100.jpg 150w, https:\/\/frantoiocongedi.com\/wp-content\/uploads\/2025\/06\/fratelli-congedo-300x200.jpg 300w, https:\/\/frantoiocongedi.com\/wp-content\/uploads\/2025\/06\/fratelli-congedo-768x512.jpg 768w\" sizes=\"auto, (max-width: 1000px) 100vw, 1000px\" \/>\t\t\t\t\t\t\t\t\t\t\t\t\t\t\t<\/div>\n\t\t\t\t<\/div>\n\t\t\t\t<div class=\"elementor-element elementor-element-ed67692 elementor-widget elementor-widget-wd_text_block\" data-id=\"ed67692\" data-element_type=\"widget\" data-e-type=\"widget\" data-widget_type=\"wd_text_block.default\">\n\t\t\t\t<div class=\"elementor-widget-container\">\n\t\t\t\t\t\t\t<div class=\"wd-text-block reset-last-child text-center\">\n\t\t\t\n\t\t\t<p><em>Tradizione e avanguardia tecnologica conducono l\u2019azienda verso nuovi traguardi, che la vedono premiata e citata nelle pi\u00f9 prestigiose guide di settore. E con orgoglio, che oggi il frantoio congedi condivide il suo olio fatto di passione e amore con tutti voi, in tutto il mondo\u2026<\/em><\/p>\n\t\t\t\t\t<\/div>\n\t\t\t\t\t\t<\/div>\n\t\t\t\t<\/div>\n\t\t\t\t\t<\/div>\n\t\t\t\t<\/div>\n\t\t\t\t<\/div>\n\t\t","protected":false},"excerpt":{"rendered":"<p>La storia di una famiglia e del suo amore per l\u2019olio extra-vergine d\u2019oliva Da 4 generazioni, nell\u2019assolata e rigogliosa terra<\/p>\n","protected":false},"author":1,"featured_media":0,"parent":0,"menu_order":0,"comment_status":"closed","ping_status":"closed","template":"","meta":{"footnotes":""},"class_list":["post-77","page","type-page","status-publish","hentry"],"jetpack_sharing_enabled":true,"_links":{"self":[{"href":"https:\/\/frantoiocongedi.com\/it\/wp-json\/wp\/v2\/pages\/77","targetHints":{"allow":["GET"]}}],"collection":[{"href":"https:\/\/frantoiocongedi.com\/it\/wp-json\/wp\/v2\/pages"}],"about":[{"href":"https:\/\/frantoiocongedi.com\/it\/wp-json\/wp\/v2\/types\/page"}],"author":[{"embeddable":true,"href":"https:\/\/frantoiocongedi.com\/it\/wp-json\/wp\/v2\/users\/1"}],"replies":[{"embeddable":true,"href":"https:\/\/frantoiocongedi.com\/it\/wp-json\/wp\/v2\/comments?post=77"}],"version-history":[{"count":16,"href":"https:\/\/frantoiocongedi.com\/it\/wp-json\/wp\/v2\/pages\/77\/revisions"}],"predecessor-version":[{"id":2000001745,"href":"https:\/\/frantoiocongedi.com\/it\/wp-json\/wp\/v2\/pages\/77\/revisions\/2000001745"}],"wp:attachment":[{"href":"https:\/\/frantoiocongedi.com\/it\/wp-json\/wp\/v2\/media?parent=77"}],"curies":[{"name":"wp","href":"https:\/\/api.w.org\/{rel}","templated":true}]}}