{"id":1003,"date":"2026-01-07T11:38:32","date_gmt":"2026-01-07T11:38:32","guid":{"rendered":"https:\/\/frantoiocongedi.com\/?post_type=product&#038;p=1003"},"modified":"2026-04-03T14:29:30","modified_gmt":"2026-04-03T14:29:30","slug":"deno-olio-extravergine-di-oliva-denocciolato-0-5-l","status":"publish","type":"product","link":"https:\/\/frantoiocongedi.com\/it\/prodotto\/deno-olio-extravergine-di-oliva-denocciolato-0-5-l\/","title":{"rendered":"Den\u00f2 &#8211; Olio extravergine di oliva denocciolato &#8211; 0.5 l"},"content":{"rendered":"<h3>Den\u00f2 &#8211; Olio Extravergine di Oliva<\/h3>\n<p><strong>Den\u00f2<\/strong>\u00a0\u00e8 l&#8217;olio extravergine di oliva di alta qualit\u00e0 prodotto dal rinomato\u00a0<strong>Frantoio Congedi<\/strong>\u00a0attraverso un metodo innovativo e unico. Questo olio si distingue non solo per la sua eccellenza, ma anche per il processo particolare con cui viene creato.<\/p>\n<h3>Il Metodo Innovativo del Frantoio Congedi<\/h3>\n<p>L&#8217;elemento distintivo della produzione dell&#8217;olio Den\u00f2 \u00e8 la\u00a0<strong>tecnica di separazione anticipata del nocciolo<\/strong>\u00a0dalle drupe. Questa procedura esclusiva consente di lavorare solo la polpa delle olive, garantendo un prodotto finale di qualit\u00e0 superiore.<\/p>\n<h3>Caratteristiche Distintive dell&#8217;Olio Den\u00f2<\/h3>\n<p>L&#8217;olio Den\u00f2 si presenta con un\u00a0<strong>colore verde brillante e intenso<\/strong>, frutto della lavorazione attenta e meticolosa. Il suo gusto \u00e8 ricco e armonico, perfettamente bilanciato tra note di fruttato amaro e piccante. Queste caratteristiche rendono l&#8217;olio Den\u00f2 non solo un condimento, ma un&#8217;esperienza sensoriale unica.<\/p>\n<h3>Perch\u00e9 Scegliere l&#8217;Olio Extravergine di Oliva Den\u00f2<\/h3>\n<p>Chi cerca un olio extravergine di oliva distintivo e di alta qualit\u00e0 trover\u00e0 nel Den\u00f2 la scelta perfetta. Ideale per arricchire i piatti con un tocco di eccellenza, l&#8217;olio Den\u00f2 del Frantoio Congedi \u00e8 il compagno perfetto per chi desidera il meglio nella propria cucina. L&#8217;olio extravergine di oliva Den\u00f2 rappresenta l&#8217;incontro perfetto tra\u00a0<strong>tradizione e innovazione<\/strong>, offerto dal Frantoio Congedi. Grazie al suo metodo di produzione unico e alle sue caratteristiche organolettiche, Den\u00f2 \u00e8 la scelta ideale per chi vuole portare in tavola un prodotto di qualit\u00e0 superiore.<\/p>\n","protected":false},"excerpt":{"rendered":"<p>Den\u00f2 &#8211; Olio Extravergine di Oliva Den\u00f2\u00a0\u00e8 l&#8217;olio extravergine di oliva di alta qualit\u00e0 prodotto dal rinomato\u00a0Frantoio Congedi\u00a0attraverso un metodo<\/p>\n","protected":false},"featured_media":3433,"template":"","meta":[],"product_brand":[46],"product_cat":[15],"product_tag":[],"class_list":{"0":"post-1003","1":"product","2":"type-product","3":"status-publish","4":"has-post-thumbnail","6":"product_brand-frantoio-congedi","7":"product_cat-olio","9":"first","10":"instock","11":"taxable","12":"shipping-taxable","13":"purchasable","14":"product-type-simple"},"jetpack_sharing_enabled":true,"_links":{"self":[{"href":"https:\/\/frantoiocongedi.com\/it\/wp-json\/wp\/v2\/product\/1003","targetHints":{"allow":["GET"]}}],"collection":[{"href":"https:\/\/frantoiocongedi.com\/it\/wp-json\/wp\/v2\/product"}],"about":[{"href":"https:\/\/frantoiocongedi.com\/it\/wp-json\/wp\/v2\/types\/product"}],"version-history":[{"count":2,"href":"https:\/\/frantoiocongedi.com\/it\/wp-json\/wp\/v2\/product\/1003\/revisions"}],"predecessor-version":[{"id":2000001230,"href":"https:\/\/frantoiocongedi.com\/it\/wp-json\/wp\/v2\/product\/1003\/revisions\/2000001230"}],"wp:featuredmedia":[{"embeddable":true,"href":"https:\/\/frantoiocongedi.com\/it\/wp-json\/wp\/v2\/media\/3433"}],"wp:attachment":[{"href":"https:\/\/frantoiocongedi.com\/it\/wp-json\/wp\/v2\/media?parent=1003"}],"wp:term":[{"taxonomy":"product_brand","embeddable":true,"href":"https:\/\/frantoiocongedi.com\/it\/wp-json\/wp\/v2\/product_brand?post=1003"},{"taxonomy":"product_cat","embeddable":true,"href":"https:\/\/frantoiocongedi.com\/it\/wp-json\/wp\/v2\/product_cat?post=1003"},{"taxonomy":"product_tag","embeddable":true,"href":"https:\/\/frantoiocongedi.com\/it\/wp-json\/wp\/v2\/product_tag?post=1003"}],"curies":[{"name":"wp","href":"https:\/\/api.w.org\/{rel}","templated":true}]}}