{"id":1095,"date":"2026-01-07T15:21:37","date_gmt":"2026-01-07T15:21:37","guid":{"rendered":"https:\/\/frantoiocongedi.com\/?post_type=product&#038;p=1095"},"modified":"2026-04-03T13:49:18","modified_gmt":"2026-04-03T13:49:18","slug":"latta-olio-extra-vergine-di-oliva-intenso-5-l","status":"publish","type":"product","link":"https:\/\/frantoiocongedi.com\/it\/prodotto\/latta-olio-extra-vergine-di-oliva-intenso-5-l\/","title":{"rendered":"Latta Olio extra vergine di oliva &#8211; Intenso 5 l"},"content":{"rendered":"<p>Olio extravergine d&#8217;oliva di prima qualit\u00e0 perfetto per la tua cucina quotidiana.<\/p>\n<p>Composto dalle migliori variet\u00e0 Pugliesi.<\/p>\n<h1>Olio in lattina extravergine di oliva del Salento<\/h1>\n<p><strong>Variet\u00e0 di Olive<\/strong>: rappresenta di anno in anno la migliore produzione aziendale poich\u00e8 ottenuto dalle variet\u00e0 che meglio si sono espresso nell\u2019ultima campagna olearia.<br \/>\n<strong>Profilo sensoriale:<\/strong>\u00a0si presenta come un olio extra vergine di oliva dal colore verde-oro, destinato dunque agli assaggiatori pi\u00f9 esperto o semplicemente ai palati pi\u00f9 esigenti.<br \/>\n<strong>Abbinamenti:<\/strong>\u00a0da gustare su marinate di crostacei, verdure gratinate, passati di verdure, legumi al vapore, primi piatti con molluschi, pesci bolliti e formaggi freschi a pasta filata, pesci nobili.<\/p>\n<p>Imbattibile nella qualificazione. L&#8217;Olio Extra vergine di Oliva Italiano del Salento &#8211; Intenso 5 L \u00e8 un olio di oliva con una sfumatura verde, un aroma fruttato, un gusto amaro equilibrato ed \u00e8 particolarmente indicato per insalate o piatti di pesce.<\/p>\n<p>Questo olio extravergine di oliva \u00e8 un prodotto 100% italiano, confezionato in Puglia con olive del pi\u00f9 famoso gusto e qualit\u00e0.<\/p>\n<p><a href=\"https:\/\/it.wikipedia.org\/wiki\/Olio_di_oliva\" rel=\"nofollow sponsored noopener\" target=\"_blank\">Scopri di pi\u00f9 su wikipedia<\/a><\/p>\n<p>Attraverso una filtrazione naturale e spontanea, si ottiene un olio extravergine di oliva di qualit\u00e0 fine.<\/p>\n<p>Conoscere con certezza l&#8217;origine, la cultivar e il metodo di produzione si traduce in esperienze alimentari migliori. Vogliamo rendere l&#8217;uso dei nostri oli un&#8217;esperienza sensoriale che migliora la qualit\u00e0 del cibo che prepari, cos\u00ec come lo stile di vita generale che ti piace.<\/p>\n<p>Ricorda, la Latta da 5 litri \u00e8 pronta per un regalo perfetto!<\/p>\n<p>L&#8217;olio extra vergine Italiano di oliva aggiunge freschezza e un gusto delizioso a qualsiasi piatto. Ma sia il gusto che i\u00a0<a href=\"https:\/\/www.oliocongedi.com\/it\/olio-e-salute\" target=\"_blank\" rel=\"noopener\">benefici per la salute<\/a>\u00a0contiene dalla qualit\u00e0, dalla purezza e dalla disponibilit\u00e0 dopo la raccolta. Il miglior olio extravergine di oliva \u00e8 puro e del tutto naturale<\/p>\n","protected":false},"excerpt":{"rendered":"<p>Composto dalle migliori variet\u00e0 Pugliesi.<\/p>\n<p>Olio extravergine d&#8217;oliva di prima qualit\u00e0 perfetto per la tua cucina quotidiana.<\/p>\n<p>Latta Olio extra vergine di oliva intenso pugliese del Salento, confezione in latta da 5 lt, dal gusto intenso. Realizzato con le migliori olive Italiane dell&#8217;Oleificio Congedi.<\/p>\n","protected":false},"featured_media":1093,"template":"","meta":[],"product_brand":[46],"product_cat":[15],"product_tag":[],"class_list":{"0":"post-1095","1":"product","2":"type-product","3":"status-publish","4":"has-post-thumbnail","6":"product_brand-frantoio-congedi","7":"product_cat-olio","9":"first","10":"instock","11":"taxable","12":"shipping-taxable","13":"purchasable","14":"product-type-simple"},"jetpack_sharing_enabled":true,"_links":{"self":[{"href":"https:\/\/frantoiocongedi.com\/it\/wp-json\/wp\/v2\/product\/1095","targetHints":{"allow":["GET"]}}],"collection":[{"href":"https:\/\/frantoiocongedi.com\/it\/wp-json\/wp\/v2\/product"}],"about":[{"href":"https:\/\/frantoiocongedi.com\/it\/wp-json\/wp\/v2\/types\/product"}],"version-history":[{"count":5,"href":"https:\/\/frantoiocongedi.com\/it\/wp-json\/wp\/v2\/product\/1095\/revisions"}],"predecessor-version":[{"id":3099,"href":"https:\/\/frantoiocongedi.com\/it\/wp-json\/wp\/v2\/product\/1095\/revisions\/3099"}],"wp:featuredmedia":[{"embeddable":true,"href":"https:\/\/frantoiocongedi.com\/it\/wp-json\/wp\/v2\/media\/1093"}],"wp:attachment":[{"href":"https:\/\/frantoiocongedi.com\/it\/wp-json\/wp\/v2\/media?parent=1095"}],"wp:term":[{"taxonomy":"product_brand","embeddable":true,"href":"https:\/\/frantoiocongedi.com\/it\/wp-json\/wp\/v2\/product_brand?post=1095"},{"taxonomy":"product_cat","embeddable":true,"href":"https:\/\/frantoiocongedi.com\/it\/wp-json\/wp\/v2\/product_cat?post=1095"},{"taxonomy":"product_tag","embeddable":true,"href":"https:\/\/frantoiocongedi.com\/it\/wp-json\/wp\/v2\/product_tag?post=1095"}],"curies":[{"name":"wp","href":"https:\/\/api.w.org\/{rel}","templated":true}]}}