{"id":916,"date":"2025-06-18T11:03:17","date_gmt":"2025-06-18T11:03:17","guid":{"rendered":"https:\/\/frantoiocongedi.com\/?post_type=product&#038;p=916"},"modified":"2026-02-04T15:44:59","modified_gmt":"2026-02-04T15:44:59","slug":"maritati-di-grano-senatore-cappelli-500-g","status":"publish","type":"product","link":"https:\/\/frantoiocongedi.com\/it\/prodotto\/maritati-di-grano-senatore-cappelli-500-g\/","title":{"rendered":"Maritati di grano Senatore Cappelli &#8211; 500 g"},"content":{"rendered":"<p>Il saper fare la pasta ha rappresentato per molte generazioni la prova del raggiungimento della maturit\u00e0 necessaria per convolare a nozze.<br \/>\nPer secoli le madri hanno trasmesso alle figlie i segreti tecnici e le ricette per avere la certezza che portassero un piatto in tavola anche in tempi di crisi. Non di rado dunque le forme della pasta ricordano parti anatomiche della coppia.<br \/>\n\u00c8 il caso dei maritati che mettono insieme orecchiette (simbolo della femminilit\u00e0) e i maccheroni (simbolo della virilit\u00e0). Il nostro prodotto viene essiccato per 48 h e a bassa temperatura e lavorato con grano italiano &#8220;Senatore Cappelli&#8221;.<\/p>\n","protected":false},"excerpt":{"rendered":"<p>Maritati di grano Senatore Cappelli<br \/>\nCome una volta, quarantotto ore di essicazione a bassa temperatura per un&#8217;esperienza genuina e tutta italiana con il Grano del &#8220;Senatore Cappelli&#8221;.<\/p>\n","protected":false},"featured_media":917,"template":"","meta":[],"product_brand":[46],"product_cat":[43,39],"product_tag":[],"class_list":{"0":"post-916","1":"product","2":"type-product","3":"status-publish","4":"has-post-thumbnail","6":"product_brand-frantoio-congedi","7":"product_cat-la-dispensa","8":"product_cat-pasta","10":"first","11":"instock","12":"taxable","13":"shipping-taxable","14":"purchasable","15":"product-type-simple"},"jetpack_sharing_enabled":true,"_links":{"self":[{"href":"https:\/\/frantoiocongedi.com\/it\/wp-json\/wp\/v2\/product\/916","targetHints":{"allow":["GET"]}}],"collection":[{"href":"https:\/\/frantoiocongedi.com\/it\/wp-json\/wp\/v2\/product"}],"about":[{"href":"https:\/\/frantoiocongedi.com\/it\/wp-json\/wp\/v2\/types\/product"}],"version-history":[{"count":1,"href":"https:\/\/frantoiocongedi.com\/it\/wp-json\/wp\/v2\/product\/916\/revisions"}],"predecessor-version":[{"id":918,"href":"https:\/\/frantoiocongedi.com\/it\/wp-json\/wp\/v2\/product\/916\/revisions\/918"}],"wp:featuredmedia":[{"embeddable":true,"href":"https:\/\/frantoiocongedi.com\/it\/wp-json\/wp\/v2\/media\/917"}],"wp:attachment":[{"href":"https:\/\/frantoiocongedi.com\/it\/wp-json\/wp\/v2\/media?parent=916"}],"wp:term":[{"taxonomy":"product_brand","embeddable":true,"href":"https:\/\/frantoiocongedi.com\/it\/wp-json\/wp\/v2\/product_brand?post=916"},{"taxonomy":"product_cat","embeddable":true,"href":"https:\/\/frantoiocongedi.com\/it\/wp-json\/wp\/v2\/product_cat?post=916"},{"taxonomy":"product_tag","embeddable":true,"href":"https:\/\/frantoiocongedi.com\/it\/wp-json\/wp\/v2\/product_tag?post=916"}],"curies":[{"name":"wp","href":"https:\/\/api.w.org\/{rel}","templated":true}]}}