{"id":938,"date":"2025-06-18T11:13:13","date_gmt":"2025-06-18T11:13:13","guid":{"rendered":"https:\/\/frantoiocongedi.com\/?post_type=product&#038;p=938"},"modified":"2026-02-04T15:42:59","modified_gmt":"2026-02-04T15:42:59","slug":"pesto-alle-cime-di-rapa-in-olio-extra-vergine-di-oliva","status":"publish","type":"product","link":"https:\/\/frantoiocongedi.com\/it\/prodotto\/pesto-alle-cime-di-rapa-in-olio-extra-vergine-di-oliva\/","title":{"rendered":"Pesto alle Cime di Rapa in Olio Extra Vergine di Oliva"},"content":{"rendered":"<p>Il pesto alle cime di rapa rappresenta una delle tipicit\u00e0 che pi\u00f9 rappresentano la Puglia.<br \/>\nOttimo e veloce per condire la pasta, nonch\u00e9 le orecchiette tipiche Pugliesi.<br \/>\nConfezionato in vasetto da 220 gr<\/p>\n","protected":false},"excerpt":{"rendered":"<p>Il Pesto alle cime di rapa rappresenta una delle tipicit\u00e0 che pi\u00f9 rappresentano la Puglia. Ottimo e veloce per condire pasta nonch\u00e9 le orecchiette tipiche Pugliesi.<\/p>\n<p>Confezionato in vasetto da 220 gr<\/p>\n","protected":false},"featured_media":939,"template":"","meta":[],"product_brand":[46],"product_cat":[43,40],"product_tag":[],"class_list":{"0":"post-938","1":"product","2":"type-product","3":"status-publish","4":"has-post-thumbnail","6":"product_brand-frantoio-congedi","7":"product_cat-la-dispensa","8":"product_cat-sottoli","10":"first","11":"instock","12":"taxable","13":"shipping-taxable","14":"purchasable","15":"product-type-simple"},"jetpack_sharing_enabled":true,"_links":{"self":[{"href":"https:\/\/frantoiocongedi.com\/it\/wp-json\/wp\/v2\/product\/938","targetHints":{"allow":["GET"]}}],"collection":[{"href":"https:\/\/frantoiocongedi.com\/it\/wp-json\/wp\/v2\/product"}],"about":[{"href":"https:\/\/frantoiocongedi.com\/it\/wp-json\/wp\/v2\/types\/product"}],"version-history":[{"count":1,"href":"https:\/\/frantoiocongedi.com\/it\/wp-json\/wp\/v2\/product\/938\/revisions"}],"predecessor-version":[{"id":940,"href":"https:\/\/frantoiocongedi.com\/it\/wp-json\/wp\/v2\/product\/938\/revisions\/940"}],"wp:featuredmedia":[{"embeddable":true,"href":"https:\/\/frantoiocongedi.com\/it\/wp-json\/wp\/v2\/media\/939"}],"wp:attachment":[{"href":"https:\/\/frantoiocongedi.com\/it\/wp-json\/wp\/v2\/media?parent=938"}],"wp:term":[{"taxonomy":"product_brand","embeddable":true,"href":"https:\/\/frantoiocongedi.com\/it\/wp-json\/wp\/v2\/product_brand?post=938"},{"taxonomy":"product_cat","embeddable":true,"href":"https:\/\/frantoiocongedi.com\/it\/wp-json\/wp\/v2\/product_cat?post=938"},{"taxonomy":"product_tag","embeddable":true,"href":"https:\/\/frantoiocongedi.com\/it\/wp-json\/wp\/v2\/product_tag?post=938"}],"curies":[{"name":"wp","href":"https:\/\/api.w.org\/{rel}","templated":true}]}}