{"id":950,"date":"2025-06-18T11:22:26","date_gmt":"2025-06-18T11:22:26","guid":{"rendered":"https:\/\/frantoiocongedi.com\/?post_type=product&#038;p=950"},"modified":"2026-04-15T18:20:39","modified_gmt":"2026-04-15T18:20:39","slug":"crema-di-peperoncino-piccante-in-olio-extra-vergine","status":"publish","type":"product","link":"https:\/\/frantoiocongedi.com\/it\/prodotto\/crema-di-peperoncino-piccante-in-olio-extra-vergine\/","title":{"rendered":"Crema di Peperoncino Piccante in Olio Extra Vergine"},"content":{"rendered":"<p>Salsa a base di crema peperoncino piccante in olio extra vergine di oliva del Salento.<br \/>\nOttima con gli aperitivi e con la pasta.<br \/>\nConfezionate in vasetti da 230 gr<\/p>\n<p>Crema di peperoncino piccante CONGEDI \u00e8 una salsa di peperoncino piccante vegetale in olio extra vergine di oliva, dalla semplice ed immediata preparazione.<\/p>\n<p>Una\u00a0<strong>salsa di peperoncino piccante<\/strong>\u00a0con\u00a0olio extra vergine di oliva. Ottimo condimento da verdure, pasta e fritti. Da gustare con gli aperitivi.<\/p>\n<p>Scopri la ricetta per utilizzarla sul sito:\u00a0<em>giallozafferano<\/em><\/p>\n<p data-pm-slice=\"1 1 []\">Scopri il gusto unico della crema di peperoncino piccante in olio extravergine di oliva usandola come accompagnamento perfetto per vari piatti: pesce, carne, pollo, insalate e pasta ripiena.<\/p>\n<p data-pm-slice=\"1 1 []\">Questa crema al peperoncino piccante si distingue anche come un condimento perfetto per carni che vengono affumicate o arrostite. Particolarmente adatto per quando si vuole speziare la vita con un&#8217;iniezione di sapore di peperoncino piccante ma senza il bruciore.<\/p>\n<p>La crema di peperoncino piccante in olio extravergine di oliva \u00e8 una densa crema di peperoncino per il tuo cibo. Questo \u00e8 il condimento perfetto per la cucina di tutti i giorni e render\u00e0 i tuoi pasti estremamente piccanti! Delizia i tuoi ospiti con questa crema deliziosamente piccante.<\/p>\n<p>La nostra crema di peperoncino \u00e8 fatta seguendo metodi tradizionali e artigianali per produrre una gamma di prodotti piccanti con un gusto genuino della regione e un alto valore nutrizionale.<\/p>\n<p>I peperoni e le verdure sono coltivati, raccolti, maturati e tagliati. Il risultato \u00e8 un prodotto curato e intenso che pu\u00f2 essere utilizzato come olio extravergine di oliva o come condimento per accompagnare i piatti preferiti.<\/p>\n<p>I peperoncini sono l&#8217;ingrediente perfetto se volete aggiungere un gusto molto speciale e unico ai vostri pasti. La crema di peperoncino piccante in olio extravergine di oliva \u00e8 un prodotto gustoso nel campo delle salse con peperoncino, crema di peperoncino e ricette con peperoncino.<\/p>\n","protected":false},"excerpt":{"rendered":"<p>Salsa a base di peperoncino piccante in olio extra vergine di oliva CONGEDI. Ottima con gli aperitivi e con la pasta.<\/p>\n<p>Confezionato in vaso da 220 gr<\/p>\n","protected":false},"featured_media":951,"template":"","meta":[],"product_brand":[46],"product_cat":[43,40],"product_tag":[],"class_list":{"0":"post-950","1":"product","2":"type-product","3":"status-publish","4":"has-post-thumbnail","6":"product_brand-frantoio-congedi","7":"product_cat-la-dispensa","8":"product_cat-sottoli","10":"first","11":"instock","12":"taxable","13":"shipping-taxable","14":"purchasable","15":"product-type-simple"},"jetpack_sharing_enabled":true,"_links":{"self":[{"href":"https:\/\/frantoiocongedi.com\/it\/wp-json\/wp\/v2\/product\/950","targetHints":{"allow":["GET"]}}],"collection":[{"href":"https:\/\/frantoiocongedi.com\/it\/wp-json\/wp\/v2\/product"}],"about":[{"href":"https:\/\/frantoiocongedi.com\/it\/wp-json\/wp\/v2\/types\/product"}],"version-history":[{"count":1,"href":"https:\/\/frantoiocongedi.com\/it\/wp-json\/wp\/v2\/product\/950\/revisions"}],"predecessor-version":[{"id":952,"href":"https:\/\/frantoiocongedi.com\/it\/wp-json\/wp\/v2\/product\/950\/revisions\/952"}],"wp:featuredmedia":[{"embeddable":true,"href":"https:\/\/frantoiocongedi.com\/it\/wp-json\/wp\/v2\/media\/951"}],"wp:attachment":[{"href":"https:\/\/frantoiocongedi.com\/it\/wp-json\/wp\/v2\/media?parent=950"}],"wp:term":[{"taxonomy":"product_brand","embeddable":true,"href":"https:\/\/frantoiocongedi.com\/it\/wp-json\/wp\/v2\/product_brand?post=950"},{"taxonomy":"product_cat","embeddable":true,"href":"https:\/\/frantoiocongedi.com\/it\/wp-json\/wp\/v2\/product_cat?post=950"},{"taxonomy":"product_tag","embeddable":true,"href":"https:\/\/frantoiocongedi.com\/it\/wp-json\/wp\/v2\/product_tag?post=950"}],"curies":[{"name":"wp","href":"https:\/\/api.w.org\/{rel}","templated":true}]}}