{"id":986,"date":"2025-06-18T11:33:01","date_gmt":"2025-06-18T11:33:01","guid":{"rendered":"https:\/\/frantoiocongedi.com\/?post_type=product&#038;p=986"},"modified":"2026-02-04T15:06:01","modified_gmt":"2026-02-04T15:06:01","slug":"taralli-casarecci","status":"publish","type":"product","link":"https:\/\/frantoiocongedi.com\/it\/prodotto\/taralli-casarecci\/","title":{"rendered":"Taralli casarecci"},"content":{"rendered":"<h2>Taralli Caserecci Salentini con Olio Extravergine di Oliva Congedi: Autenticit\u00e0 e Tradizione 300g<\/h2>\n<p>&nbsp;<\/p>\n<p>I Taralli Caserecci Salentini rappresentano l&#8217;essenza della tradizione culinaria del Salento, portata direttamente sulla vostra tavola attraverso la maestria artigianale e l&#8217;uso di ingredienti genuini. Realizzati a mano con passione e dedizione, questi taralli sono l&#8217;espressione pi\u00f9 autentica del patrimonio gastronomico salentino, dove il sapore incontra la semplicit\u00e0 di ingredienti di alta qualit\u00e0.<\/p>\n<p>L&#8217;olio extravergine di oliva Congedi, ingrediente principe di questa ricetta, \u00e8 selezionato per le sue superiori qualit\u00e0 nutrizionali e il gusto ricco che conferisce ai taralli una fragranza e una croccantezza uniche. Questo olio, estratto dalle migliori olive pugliesi, \u00e8 la base che rende i nostri taralli caserecci non solo deliziosi, ma anche portatori di un valore aggiunto in termini di salute e benessere.<\/p>\n<p>Ideali come spuntino in ogni momento della giornata, i Taralli Caserecci Salentini sono perfetti per accompagnare antipasti, formaggi, e vini locali, arricchendo ogni momento di convivialit\u00e0 con il vero gusto del Sud Italia. La loro ricetta, tramandata di generazione in generazione, \u00e8 un simbolo dell&#8217;ospitalit\u00e0 e della tradizione culinaria salentina, offrendo un&#8217;esperienza gustativa che parla di casa, di famiglia e di terra.<\/p>\n<p>Acquistando i nostri Taralli Caserecci Salentini con Olio Extravergine di Oliva Congedi, scegliete un prodotto che celebra la cultura, il gusto e la tradizione del Salento. Ordinate ora per dare ai vostri momenti di pausa un sapore autentico e inconfondibile.<\/p>\n","protected":false},"excerpt":{"rendered":"<p>Taralli Caserecci Salentini con Olio Extravergine di Oliva Congedi: Autenticit\u00e0 e Tradizione 300g &nbsp; I Taralli Caserecci Salentini rappresentano l&#8217;essenza<\/p>\n","protected":false},"featured_media":981,"template":"","meta":[],"product_brand":[46],"product_cat":[43,37],"product_tag":[],"class_list":{"0":"post-986","1":"product","2":"type-product","3":"status-publish","4":"has-post-thumbnail","6":"product_brand-frantoio-congedi","7":"product_cat-la-dispensa","8":"product_cat-taralli","10":"first","11":"instock","12":"taxable","13":"shipping-taxable","14":"purchasable","15":"product-type-simple"},"jetpack_sharing_enabled":true,"_links":{"self":[{"href":"https:\/\/frantoiocongedi.com\/it\/wp-json\/wp\/v2\/product\/986","targetHints":{"allow":["GET"]}}],"collection":[{"href":"https:\/\/frantoiocongedi.com\/it\/wp-json\/wp\/v2\/product"}],"about":[{"href":"https:\/\/frantoiocongedi.com\/it\/wp-json\/wp\/v2\/types\/product"}],"version-history":[{"count":1,"href":"https:\/\/frantoiocongedi.com\/it\/wp-json\/wp\/v2\/product\/986\/revisions"}],"predecessor-version":[{"id":987,"href":"https:\/\/frantoiocongedi.com\/it\/wp-json\/wp\/v2\/product\/986\/revisions\/987"}],"wp:featuredmedia":[{"embeddable":true,"href":"https:\/\/frantoiocongedi.com\/it\/wp-json\/wp\/v2\/media\/981"}],"wp:attachment":[{"href":"https:\/\/frantoiocongedi.com\/it\/wp-json\/wp\/v2\/media?parent=986"}],"wp:term":[{"taxonomy":"product_brand","embeddable":true,"href":"https:\/\/frantoiocongedi.com\/it\/wp-json\/wp\/v2\/product_brand?post=986"},{"taxonomy":"product_cat","embeddable":true,"href":"https:\/\/frantoiocongedi.com\/it\/wp-json\/wp\/v2\/product_cat?post=986"},{"taxonomy":"product_tag","embeddable":true,"href":"https:\/\/frantoiocongedi.com\/it\/wp-json\/wp\/v2\/product_tag?post=986"}],"curies":[{"name":"wp","href":"https:\/\/api.w.org\/{rel}","templated":true}]}}