{"id":988,"date":"2025-06-18T11:33:44","date_gmt":"2025-06-18T11:33:44","guid":{"rendered":"https:\/\/frantoiocongedi.com\/?post_type=product&#038;p=988"},"modified":"2026-04-12T08:26:30","modified_gmt":"2026-04-12T08:26:30","slug":"taralli-alle-olive-e-capperi","status":"publish","type":"product","link":"https:\/\/frantoiocongedi.com\/it\/prodotto\/taralli-alle-olive-e-capperi\/","title":{"rendered":"Taralli alle Olive e Capperi"},"content":{"rendered":"<h2>Taralli Olive e Capperi Salentini Artigianali con Olio Extravergine di Oliva<\/h2>\n<p>Immergetevi nel cuore del gusto mediterraneo con i nostri esclusivi Taralli Olive e Capperi Salentini, un prodotto che incarna la ricchezza dei sapori del Sud Italia. Creati artigianalmente nel rispetto delle tradizioni salentine, questi taralli rappresentano l&#8217;unione perfetta tra ingredienti locali di alta qualit\u00e0 e la sapiente maestria degli artigiani del gusto. La base di questi irresistibili snack \u00e8 l&#8217;olio extravergine di oliva Congedi, selezionato per le sue note aromatiche e per la capacit\u00e0 di rendere ogni tarallo incredibilmente fragrante e saporito.<\/p>\n<p>L&#8217;aggiunta di olive nere e capperi conferisce a questi taralli un gusto intenso e caratteristico, che richiama i profumi e i colori della terra salentina. La croccantezza unica e il sapore ricco e avvolgente li rendono perfetti per arricchire il vostro aperitivo, come snack sfizioso a met\u00e0 giornata o come accompagnamento speciale per le vostre insalate estive.<\/p>\n<p>Scegliendo i Taralli Olive e Capperi Salentini con Olio Extravergine di Oliva Congedi, scegliete un prodotto che celebra l&#8217;eccellenza del made in Italy e l&#8217;arte della panificazione salentina. Non perdete l&#8217;occasione di assaporare la genuinit\u00e0 e il gusto inconfondibile dei nostri taralli: ordinateli ora per un viaggio culinario indimenticabile nel cuore del Salento.<\/p>\n<p>&nbsp;<\/p>\n<p><strong>Taralli alle Olive Congedi confezione da 300 gr.\u00a0<\/strong><\/p>\n","protected":false},"excerpt":{"rendered":"<p>Taralli Olive e Capperi Salentini Artigianali con Olio Extravergine di Oliva Immergetevi nel cuore del gusto mediterraneo con i nostri<\/p>\n","protected":false},"featured_media":984,"template":"","meta":[],"product_brand":[46],"product_cat":[43,37],"product_tag":[],"class_list":{"0":"post-988","1":"product","2":"type-product","3":"status-publish","4":"has-post-thumbnail","6":"product_brand-frantoio-congedi","7":"product_cat-la-dispensa","8":"product_cat-taralli","10":"first","11":"instock","12":"taxable","13":"shipping-taxable","14":"purchasable","15":"product-type-simple"},"jetpack_sharing_enabled":true,"_links":{"self":[{"href":"https:\/\/frantoiocongedi.com\/it\/wp-json\/wp\/v2\/product\/988","targetHints":{"allow":["GET"]}}],"collection":[{"href":"https:\/\/frantoiocongedi.com\/it\/wp-json\/wp\/v2\/product"}],"about":[{"href":"https:\/\/frantoiocongedi.com\/it\/wp-json\/wp\/v2\/types\/product"}],"version-history":[{"count":1,"href":"https:\/\/frantoiocongedi.com\/it\/wp-json\/wp\/v2\/product\/988\/revisions"}],"predecessor-version":[{"id":989,"href":"https:\/\/frantoiocongedi.com\/it\/wp-json\/wp\/v2\/product\/988\/revisions\/989"}],"wp:featuredmedia":[{"embeddable":true,"href":"https:\/\/frantoiocongedi.com\/it\/wp-json\/wp\/v2\/media\/984"}],"wp:attachment":[{"href":"https:\/\/frantoiocongedi.com\/it\/wp-json\/wp\/v2\/media?parent=988"}],"wp:term":[{"taxonomy":"product_brand","embeddable":true,"href":"https:\/\/frantoiocongedi.com\/it\/wp-json\/wp\/v2\/product_brand?post=988"},{"taxonomy":"product_cat","embeddable":true,"href":"https:\/\/frantoiocongedi.com\/it\/wp-json\/wp\/v2\/product_cat?post=988"},{"taxonomy":"product_tag","embeddable":true,"href":"https:\/\/frantoiocongedi.com\/it\/wp-json\/wp\/v2\/product_tag?post=988"}],"curies":[{"name":"wp","href":"https:\/\/api.w.org\/{rel}","templated":true}]}}